{"id":15675,"date":"2025-07-14T12:06:39","date_gmt":"2025-07-14T10:06:39","guid":{"rendered":"https:\/\/hamma-uwt.de\/produkt\/miotla-magnetyczna\/"},"modified":"2025-07-14T12:06:39","modified_gmt":"2025-07-14T10:06:39","slug":"miotla-magnetyczna","status":"publish","type":"product","link":"https:\/\/hamma-uwt.de\/pl\/produkt\/miotla-magnetyczna\/","title":{"rendered":"Miot\u0142a magnetyczna"},"content":{"rendered":"<p>Dzi\u0119ki mocnej miotle o du\u017cej wydajno\u015bci zbierania i ca\u0142kowitej szeroko\u015bci 400 mm mo\u017cna szybko, \u0142atwo i niezawodnie czy\u015bci\u0107 powierzchnie pod\u0142ogowe i \u015brodowisko pracy za pomoc\u0105 miot\u0142y magnetycznej. Dzi\u0119ki por\u0119cznemu uchwytowi miot\u0142a magnetyczna pewnie le\u017cy w d\u0142oni i mo\u017ce bezpiecznie prowadzi\u0107 j\u0105 do wi\u00f3r\u00f3w i przyci\u0105ga\u0107 je. Poci\u0105gni\u0119cie suwaka powoduje zanik magnetyzmu i przyci\u0105gni\u0119te wi\u00f3ry po prostu spadaj\u0105.<br \/>\nCzysta powierzchnia pod\u0142ogi zwi\u0119ksza jako\u015b\u0107 i bezpiecze\u0144stwo firmy oraz utrzymuje \u015brodowisko pracy w czysto\u015bci i higienie.<br \/>\nMiot\u0142a magnetyczna pomaga r\u00f3wnie\u017c podnosi\u0107 ma\u0142e magnetyczne przedmioty i oddziela\u0107 magnetyczne i niemagnetyczne cz\u0119\u015bci przemys\u0142owe.  <\/p>\n<p>Miot\u0142\u0119 magnetyczn\u0105 mo\u017cna wyd\u0142u\u017cy\u0107 z 800 mm do ca\u0142kowitej wysoko\u015bci 1120 mm. Umo\u017cliwia to dostosowanie miot\u0142y magnetycznej do indywidualnych wymaga\u0144. <\/p>\n","protected":false},"excerpt":{"rendered":"<p>z trzonkiem teleskopowym, szeroko\u015b\u0107 miot\u0142y 400 mm, wysoko\u015b\u0107 ca\u0142kowita maks. 1120 mm <\/p>\n","protected":false},"featured_media":3795,"comment_status":"closed","ping_status":"closed","template":"","meta":{"_acf_changed":false},"product_brand":[],"product_cat":[715,783],"product_tag":[],"class_list":{"0":"post-15675","1":"product","2":"type-product","3":"status-publish","4":"has-post-thumbnail","6":"product_cat-chip-maxx-i-miotla-magnetyczna","7":"product_cat-silni-pomocnicy","9":"first","10":"instock","11":"purchasable","12":"product-type-simple"},"acf":[],"_links":{"self":[{"href":"https:\/\/hamma-uwt.de\/pl\/wp-json\/wp\/v2\/product\/15675","targetHints":{"allow":["GET"]}}],"collection":[{"href":"https:\/\/hamma-uwt.de\/pl\/wp-json\/wp\/v2\/product"}],"about":[{"href":"https:\/\/hamma-uwt.de\/pl\/wp-json\/wp\/v2\/types\/product"}],"replies":[{"embeddable":true,"href":"https:\/\/hamma-uwt.de\/pl\/wp-json\/wp\/v2\/comments?post=15675"}],"wp:featuredmedia":[{"embeddable":true,"href":"https:\/\/hamma-uwt.de\/pl\/wp-json\/wp\/v2\/media\/3795"}],"wp:attachment":[{"href":"https:\/\/hamma-uwt.de\/pl\/wp-json\/wp\/v2\/media?parent=15675"}],"wp:term":[{"taxonomy":"product_brand","embeddable":true,"href":"https:\/\/hamma-uwt.de\/pl\/wp-json\/wp\/v2\/product_brand?post=15675"},{"taxonomy":"product_cat","embeddable":true,"href":"https:\/\/hamma-uwt.de\/pl\/wp-json\/wp\/v2\/product_cat?post=15675"},{"taxonomy":"product_tag","embeddable":true,"href":"https:\/\/hamma-uwt.de\/pl\/wp-json\/wp\/v2\/product_tag?post=15675"}],"curies":[{"name":"wp","href":"https:\/\/api.w.org\/{rel}","templated":true}]}}