{"id":15698,"date":"2025-07-14T11:22:34","date_gmt":"2025-07-14T09:22:34","guid":{"rendered":"https:\/\/hamma-uwt.de\/produkt\/uchwyt-do-wozka-beczkowego\/"},"modified":"2025-07-14T11:22:34","modified_gmt":"2025-07-14T09:22:34","slug":"uchwyt-do-wozka-beczkowego","status":"publish","type":"product","link":"https:\/\/hamma-uwt.de\/pl\/produkt\/uchwyt-do-wozka-beczkowego\/","title":{"rendered":"Uchwyt do w\u00f3zka beczkowego"},"content":{"rendered":"","protected":false},"excerpt":{"rendered":"<p>Akcesoria do w\u00f3zk\u00f3w b\u0119bnowych<\/p>\n","protected":false},"featured_media":0,"comment_status":"closed","ping_status":"closed","template":"","meta":{"_acf_changed":false},"product_brand":[],"product_cat":[793],"product_tag":[],"class_list":{"0":"post-15698","1":"product","2":"type-product","3":"status-publish","5":"product_cat-akcesoria-do-wozkow-beczkowych","7":"first","8":"instock","9":"purchasable","10":"product-type-variable"},"acf":[],"_links":{"self":[{"href":"https:\/\/hamma-uwt.de\/pl\/wp-json\/wp\/v2\/product\/15698","targetHints":{"allow":["GET"]}}],"collection":[{"href":"https:\/\/hamma-uwt.de\/pl\/wp-json\/wp\/v2\/product"}],"about":[{"href":"https:\/\/hamma-uwt.de\/pl\/wp-json\/wp\/v2\/types\/product"}],"replies":[{"embeddable":true,"href":"https:\/\/hamma-uwt.de\/pl\/wp-json\/wp\/v2\/comments?post=15698"}],"wp:attachment":[{"href":"https:\/\/hamma-uwt.de\/pl\/wp-json\/wp\/v2\/media?parent=15698"}],"wp:term":[{"taxonomy":"product_brand","embeddable":true,"href":"https:\/\/hamma-uwt.de\/pl\/wp-json\/wp\/v2\/product_brand?post=15698"},{"taxonomy":"product_cat","embeddable":true,"href":"https:\/\/hamma-uwt.de\/pl\/wp-json\/wp\/v2\/product_cat?post=15698"},{"taxonomy":"product_tag","embeddable":true,"href":"https:\/\/hamma-uwt.de\/pl\/wp-json\/wp\/v2\/product_tag?post=15698"}],"curies":[{"name":"wp","href":"https:\/\/api.w.org\/{rel}","templated":true}]}}