{"id":15889,"date":"2025-07-14T12:06:44","date_gmt":"2025-07-14T10:06:44","guid":{"rendered":"https:\/\/hamma-uwt.de\/produkt\/pistolet-do-napelniania\/"},"modified":"2025-07-14T12:06:44","modified_gmt":"2025-07-14T10:06:44","slug":"pistolet-do-napelniania","status":"publish","type":"product","link":"https:\/\/hamma-uwt.de\/pl\/produkt\/pistolet-do-napelniania\/","title":{"rendered":"Pistolet do nape\u0142niania"},"content":{"rendered":"<p>Pistolet do nape\u0142niania Misceo z automatycznym wy\u0142\u0105czaniem<\/p>\n<ul>\n<li>Gwint przy\u0142\u0105czeniowy na pistolecie do nape\u0142niania -&gt; 3\/4&#8243; i (gwint wewn\u0119trzny)<\/li>\n<li>Gwint przy\u0142\u0105czeniowy na w\u0119\u017cu -&gt; 1\/2&#8243; i (gwint wewn\u0119trzny)<\/li>\n<\/ul>\n<p>Wymagania wst\u0119pne: Inteligentna kontrola ci\u015bnienia<\/p>\n","protected":false},"excerpt":{"rendered":"<p>w tym. W\u0105\u017c 2 m, akcesoria Misceo 3<\/p>\n","protected":false},"featured_media":3854,"comment_status":"closed","ping_status":"closed","template":"","meta":{"_acf_changed":false},"product_brand":[],"product_cat":[711],"product_tag":[],"class_list":{"0":"post-15889","1":"product","2":"type-product","3":"status-publish","4":"has-post-thumbnail","6":"product_cat-akcesoria-misceo","8":"first","9":"instock","10":"purchasable","11":"product-type-simple"},"acf":[],"_links":{"self":[{"href":"https:\/\/hamma-uwt.de\/pl\/wp-json\/wp\/v2\/product\/15889","targetHints":{"allow":["GET"]}}],"collection":[{"href":"https:\/\/hamma-uwt.de\/pl\/wp-json\/wp\/v2\/product"}],"about":[{"href":"https:\/\/hamma-uwt.de\/pl\/wp-json\/wp\/v2\/types\/product"}],"replies":[{"embeddable":true,"href":"https:\/\/hamma-uwt.de\/pl\/wp-json\/wp\/v2\/comments?post=15889"}],"wp:featuredmedia":[{"embeddable":true,"href":"https:\/\/hamma-uwt.de\/pl\/wp-json\/wp\/v2\/media\/3854"}],"wp:attachment":[{"href":"https:\/\/hamma-uwt.de\/pl\/wp-json\/wp\/v2\/media?parent=15889"}],"wp:term":[{"taxonomy":"product_brand","embeddable":true,"href":"https:\/\/hamma-uwt.de\/pl\/wp-json\/wp\/v2\/product_brand?post=15889"},{"taxonomy":"product_cat","embeddable":true,"href":"https:\/\/hamma-uwt.de\/pl\/wp-json\/wp\/v2\/product_cat?post=15889"},{"taxonomy":"product_tag","embeddable":true,"href":"https:\/\/hamma-uwt.de\/pl\/wp-json\/wp\/v2\/product_tag?post=15889"}],"curies":[{"name":"wp","href":"https:\/\/api.w.org\/{rel}","templated":true}]}}