{"id":16334,"date":"2025-07-14T11:22:31","date_gmt":"2025-07-14T09:22:31","guid":{"rendered":"https:\/\/hamma-uwt.de\/produkt\/zawor-sterujacy\/"},"modified":"2025-07-14T11:22:31","modified_gmt":"2025-07-14T09:22:31","slug":"zawor-sterujacy","status":"publish","type":"product","link":"https:\/\/hamma-uwt.de\/pl\/produkt\/zawor-sterujacy\/","title":{"rendered":"Zaw\u00f3r steruj\u0105cy"},"content":{"rendered":"<p>Zaw\u00f3r steruj\u0105cy do regulacji powietrza dla mikro.<\/p>\n","protected":false},"excerpt":{"rendered":"<p>(4 mm) Akcesoria MIKRO<\/p>\n","protected":false},"featured_media":3501,"comment_status":"closed","ping_status":"closed","template":"","meta":{"_acf_changed":false},"product_brand":[],"product_cat":[756],"product_tag":[],"class_list":{"0":"post-16334","1":"product","2":"type-product","3":"status-publish","4":"has-post-thumbnail","6":"product_cat-mikro-akcesoria","8":"first","9":"instock","10":"purchasable","11":"product-type-variable"},"acf":[],"_links":{"self":[{"href":"https:\/\/hamma-uwt.de\/pl\/wp-json\/wp\/v2\/product\/16334","targetHints":{"allow":["GET"]}}],"collection":[{"href":"https:\/\/hamma-uwt.de\/pl\/wp-json\/wp\/v2\/product"}],"about":[{"href":"https:\/\/hamma-uwt.de\/pl\/wp-json\/wp\/v2\/types\/product"}],"replies":[{"embeddable":true,"href":"https:\/\/hamma-uwt.de\/pl\/wp-json\/wp\/v2\/comments?post=16334"}],"wp:featuredmedia":[{"embeddable":true,"href":"https:\/\/hamma-uwt.de\/pl\/wp-json\/wp\/v2\/media\/3501"}],"wp:attachment":[{"href":"https:\/\/hamma-uwt.de\/pl\/wp-json\/wp\/v2\/media?parent=16334"}],"wp:term":[{"taxonomy":"product_brand","embeddable":true,"href":"https:\/\/hamma-uwt.de\/pl\/wp-json\/wp\/v2\/product_brand?post=16334"},{"taxonomy":"product_cat","embeddable":true,"href":"https:\/\/hamma-uwt.de\/pl\/wp-json\/wp\/v2\/product_cat?post=16334"},{"taxonomy":"product_tag","embeddable":true,"href":"https:\/\/hamma-uwt.de\/pl\/wp-json\/wp\/v2\/product_tag?post=16334"}],"curies":[{"name":"wp","href":"https:\/\/api.w.org\/{rel}","templated":true}]}}