{"id":16379,"date":"2025-07-14T12:06:39","date_gmt":"2025-07-14T10:06:39","guid":{"rendered":"https:\/\/hamma-uwt.de\/produkt\/usluga-clean-tower\/"},"modified":"2025-07-14T12:06:39","modified_gmt":"2025-07-14T10:06:39","slug":"usluga-clean-tower","status":"publish","type":"product","link":"https:\/\/hamma-uwt.de\/pl\/produkt\/usluga-clean-tower\/","title":{"rendered":"Us\u0142uga CLEAN-TOWER"},"content":{"rendered":"","protected":false},"excerpt":{"rendered":"<p>Cena dost\u0119pna na \u017c\u0105danie (uruchomienie testowe)<\/p>\n","protected":false},"featured_media":2049,"comment_status":"closed","ping_status":"closed","template":"","meta":{"_acf_changed":false},"product_brand":[],"product_cat":[2201],"product_tag":[],"class_list":{"0":"post-16379","1":"product","2":"type-product","3":"status-publish","4":"has-post-thumbnail","6":"product_cat-clean-tower","8":"first","9":"instock","10":"purchasable","11":"product-type-variable","12":"has-default-attributes"},"acf":[],"_links":{"self":[{"href":"https:\/\/hamma-uwt.de\/pl\/wp-json\/wp\/v2\/product\/16379","targetHints":{"allow":["GET"]}}],"collection":[{"href":"https:\/\/hamma-uwt.de\/pl\/wp-json\/wp\/v2\/product"}],"about":[{"href":"https:\/\/hamma-uwt.de\/pl\/wp-json\/wp\/v2\/types\/product"}],"replies":[{"embeddable":true,"href":"https:\/\/hamma-uwt.de\/pl\/wp-json\/wp\/v2\/comments?post=16379"}],"wp:featuredmedia":[{"embeddable":true,"href":"https:\/\/hamma-uwt.de\/pl\/wp-json\/wp\/v2\/media\/2049"}],"wp:attachment":[{"href":"https:\/\/hamma-uwt.de\/pl\/wp-json\/wp\/v2\/media?parent=16379"}],"wp:term":[{"taxonomy":"product_brand","embeddable":true,"href":"https:\/\/hamma-uwt.de\/pl\/wp-json\/wp\/v2\/product_brand?post=16379"},{"taxonomy":"product_cat","embeddable":true,"href":"https:\/\/hamma-uwt.de\/pl\/wp-json\/wp\/v2\/product_cat?post=16379"},{"taxonomy":"product_tag","embeddable":true,"href":"https:\/\/hamma-uwt.de\/pl\/wp-json\/wp\/v2\/product_tag?post=16379"}],"curies":[{"name":"wp","href":"https:\/\/api.w.org\/{rel}","templated":true}]}}