{"id":17395,"date":"2025-07-14T12:06:39","date_gmt":"2025-07-14T10:06:39","guid":{"rendered":"https:\/\/hamma-uwt.de\/produkt\/clean-tower-150\/"},"modified":"2025-07-14T12:06:39","modified_gmt":"2025-07-14T10:06:39","slug":"clean-tower-150","status":"publish","type":"product","link":"https:\/\/hamma-uwt.de\/pl\/produkt\/clean-tower-150\/","title":{"rendered":"CLEAN-TOWER 150"},"content":{"rendered":"<p>Urz\u0105dzenie Clean-Tower 150 zapewnia pe\u0142n\u0105 opiek\u0119 nad \u015brodkiem ch\u0142odz\u0105co-smaruj\u0105cym. Zastosowanie flotacji rozpuszczonym powietrzem sprawia, \u017ce oleje trampowe, zawieszone cz\u0105stki i niedob\u00f3r tlenu nale\u017c\u0105 ju\u017c do przesz\u0142o\u015bci. <\/p>\n<p>Mobilny system czyszczenia zasysa zanieczyszczony \u015brodek ch\u0142odz\u0105co-smaruj\u0105cy z powierzchni i przenosi go do komory reaktora. CLEAN-TOWER unosi obce oleje<br \/>\ni zawieszone cz\u0105stki na powierzchni\u0119 za pomoc\u0105 wprowadzonego powietrza, przenosi je do zintegrowanego zbiornika zanieczyszcze\u0144, wzbogaca \u015brodek ch\u0142odz\u0105co-smaruj\u0105cy w tlen i zwraca go do maszyny produkcyjnej. W przysz\u0142o\u015bci b\u0119dziesz stale pracowa\u0107 z wysokowydajnym i zdrowym \u015brodkiem ch\u0142odz\u0105co-smaruj\u0105cym bez kompromis\u00f3w!  <\/p>\n<p>&nbsp;<\/p>\n<p>Twoje zalety:<\/p>\n<ul>\n<li>Zmniejsza koszty operacyjne<\/li>\n<li>Wyd\u0142u\u017cona \u017cywotno\u015b\u0107 smaru do narz\u0119dzi, maszyn i ch\u0142odziwa<\/li>\n<li>poprawia jako\u015b\u0107 produkcji<\/li>\n<li>zwi\u0119ksza pr\u0119dko\u015b\u0107 produkcji<\/li>\n<li>Zapobiega powstawaniu nieprzyjemnych zapach\u00f3w<\/li>\n<li>Wyra\u017any widok do wn\u0119trza urz\u0105dzenia<\/li>\n<li>Zwi\u0119ksza higien\u0119 i zadowolenie pracownik\u00f3w<\/li>\n<\/ul>\n<p>&nbsp;<\/p>\n","protected":false},"excerpt":{"rendered":"<p>w tym. Orurowanie \/ przewody rurowe i p\u0142ywak ss\u0105cy AS 100<\/p>\n","protected":false},"featured_media":2049,"comment_status":"closed","ping_status":"closed","template":"","meta":{"_acf_changed":false},"product_brand":[],"product_cat":[2201],"product_tag":[],"class_list":{"0":"post-17395","1":"product","2":"type-product","3":"status-publish","4":"has-post-thumbnail","6":"product_cat-clean-tower","8":"first","9":"instock","10":"purchasable","11":"product-type-simple"},"acf":[],"_links":{"self":[{"href":"https:\/\/hamma-uwt.de\/pl\/wp-json\/wp\/v2\/product\/17395","targetHints":{"allow":["GET"]}}],"collection":[{"href":"https:\/\/hamma-uwt.de\/pl\/wp-json\/wp\/v2\/product"}],"about":[{"href":"https:\/\/hamma-uwt.de\/pl\/wp-json\/wp\/v2\/types\/product"}],"replies":[{"embeddable":true,"href":"https:\/\/hamma-uwt.de\/pl\/wp-json\/wp\/v2\/comments?post=17395"}],"wp:featuredmedia":[{"embeddable":true,"href":"https:\/\/hamma-uwt.de\/pl\/wp-json\/wp\/v2\/media\/2049"}],"wp:attachment":[{"href":"https:\/\/hamma-uwt.de\/pl\/wp-json\/wp\/v2\/media?parent=17395"}],"wp:term":[{"taxonomy":"product_brand","embeddable":true,"href":"https:\/\/hamma-uwt.de\/pl\/wp-json\/wp\/v2\/product_brand?post=17395"},{"taxonomy":"product_cat","embeddable":true,"href":"https:\/\/hamma-uwt.de\/pl\/wp-json\/wp\/v2\/product_cat?post=17395"},{"taxonomy":"product_tag","embeddable":true,"href":"https:\/\/hamma-uwt.de\/pl\/wp-json\/wp\/v2\/product_tag?post=17395"}],"curies":[{"name":"wp","href":"https:\/\/api.w.org\/{rel}","templated":true}]}}