{"id":17844,"date":"2025-07-14T11:22:37","date_gmt":"2025-07-14T09:22:37","guid":{"rendered":"https:\/\/hamma-uwt.de\/produkt\/separator-systemowy\/"},"modified":"2025-07-14T11:22:37","modified_gmt":"2025-07-14T09:22:37","slug":"separator-systemowy","status":"publish","type":"product","link":"https:\/\/hamma-uwt.de\/pl\/produkt\/separator-systemowy\/","title":{"rendered":"Separator systemowy"},"content":{"rendered":"<p>Chro\u0144 swoj\u0105 wod\u0119 pitn\u0105 przed zanieczyszczeniem przez<br \/>\n\u015brodek ch\u0142odz\u0105co-smaruj\u0105cy. Urz\u0105dzenia mieszaj\u0105ce i w\u0119\u017ce<br \/>\nw szczeg\u00f3lno\u015bci stanowi\u0105 bezpo\u015brednie zagro\u017cenie w firmach. Zgodnie z rozporz\u0105dzeniem w sprawie wody pitnej<br \/>\n<strong>DIN EN 1717<\/strong>, ka\u017cda firma jest zobowi\u0105zana do<br \/>\nwystarczaj\u0105cej ochrony swojego systemu wody pitnej przed zanieczyszczeniem<br \/>\n.  <\/p>\n<p>Dzi\u0119ki temu separatorowi systemowemu mo\u017cna<br \/>\nzagwarantowa\u0107 ochron\u0119 przed \u015brodkami ch\u0142odz\u0105co-smaruj\u0105cymi i innymi substancjami chemicznymi<br \/>\ndo klasy zagro\u017cenia 4.<\/p>\n","protected":false},"excerpt":{"rendered":"<p>Do doposa\u017cenia i zabezpieczenia kranu.<\/p>\n","protected":false},"featured_media":3885,"comment_status":"closed","ping_status":"closed","template":"","meta":{"_acf_changed":false},"product_brand":[],"product_cat":[711],"product_tag":[],"class_list":{"0":"post-17844","1":"product","2":"type-product","3":"status-publish","4":"has-post-thumbnail","6":"product_cat-akcesoria-misceo","8":"first","9":"instock","10":"purchasable","11":"product-type-variable"},"acf":[],"_links":{"self":[{"href":"https:\/\/hamma-uwt.de\/pl\/wp-json\/wp\/v2\/product\/17844","targetHints":{"allow":["GET"]}}],"collection":[{"href":"https:\/\/hamma-uwt.de\/pl\/wp-json\/wp\/v2\/product"}],"about":[{"href":"https:\/\/hamma-uwt.de\/pl\/wp-json\/wp\/v2\/types\/product"}],"replies":[{"embeddable":true,"href":"https:\/\/hamma-uwt.de\/pl\/wp-json\/wp\/v2\/comments?post=17844"}],"wp:featuredmedia":[{"embeddable":true,"href":"https:\/\/hamma-uwt.de\/pl\/wp-json\/wp\/v2\/media\/3885"}],"wp:attachment":[{"href":"https:\/\/hamma-uwt.de\/pl\/wp-json\/wp\/v2\/media?parent=17844"}],"wp:term":[{"taxonomy":"product_brand","embeddable":true,"href":"https:\/\/hamma-uwt.de\/pl\/wp-json\/wp\/v2\/product_brand?post=17844"},{"taxonomy":"product_cat","embeddable":true,"href":"https:\/\/hamma-uwt.de\/pl\/wp-json\/wp\/v2\/product_cat?post=17844"},{"taxonomy":"product_tag","embeddable":true,"href":"https:\/\/hamma-uwt.de\/pl\/wp-json\/wp\/v2\/product_tag?post=17844"}],"curies":[{"name":"wp","href":"https:\/\/api.w.org\/{rel}","templated":true}]}}