{"id":18359,"date":"2025-07-14T12:06:39","date_gmt":"2025-07-14T10:06:39","guid":{"rendered":"https:\/\/hamma-uwt.de\/produkt\/rapid-4\/"},"modified":"2025-07-14T12:06:39","modified_gmt":"2025-07-14T10:06:39","slug":"rapid-4","status":"publish","type":"product","link":"https:\/\/hamma-uwt.de\/pl\/produkt\/rapid-4\/","title":{"rendered":"RAPID 4"},"content":{"rendered":"<p>Dzi\u0119ki odpieniaczowi Rapid 4 usuwanie oleju trampowego ze smaru ch\u0142odz\u0105cego z maszyn o powierzchni do 2 m\u00b2 jest szybkie i \u0142atwe. Jest to elastyczne urz\u0105dzenie do ma\u0142ych maszyn z otwartymi zbiornikami. <\/p>\n","protected":false},"excerpt":{"rendered":"<p>Skimmer tarczowy do powierzchni do 2 m\u00b2, z tarcz\u0105 skimmerow\u0105 i magnesem mocuj\u0105cym <\/p>\n","protected":false},"featured_media":4185,"comment_status":"closed","ping_status":"closed","template":"","meta":{"_acf_changed":false},"product_brand":[],"product_cat":[2416],"product_tag":[],"class_list":{"0":"post-18359","1":"product","2":"type-product","3":"status-publish","4":"has-post-thumbnail","6":"product_cat-rapid-4","8":"first","9":"instock","10":"purchasable","11":"product-type-simple"},"acf":[],"_links":{"self":[{"href":"https:\/\/hamma-uwt.de\/pl\/wp-json\/wp\/v2\/product\/18359","targetHints":{"allow":["GET"]}}],"collection":[{"href":"https:\/\/hamma-uwt.de\/pl\/wp-json\/wp\/v2\/product"}],"about":[{"href":"https:\/\/hamma-uwt.de\/pl\/wp-json\/wp\/v2\/types\/product"}],"replies":[{"embeddable":true,"href":"https:\/\/hamma-uwt.de\/pl\/wp-json\/wp\/v2\/comments?post=18359"}],"wp:featuredmedia":[{"embeddable":true,"href":"https:\/\/hamma-uwt.de\/pl\/wp-json\/wp\/v2\/media\/4185"}],"wp:attachment":[{"href":"https:\/\/hamma-uwt.de\/pl\/wp-json\/wp\/v2\/media?parent=18359"}],"wp:term":[{"taxonomy":"product_brand","embeddable":true,"href":"https:\/\/hamma-uwt.de\/pl\/wp-json\/wp\/v2\/product_brand?post=18359"},{"taxonomy":"product_cat","embeddable":true,"href":"https:\/\/hamma-uwt.de\/pl\/wp-json\/wp\/v2\/product_cat?post=18359"},{"taxonomy":"product_tag","embeddable":true,"href":"https:\/\/hamma-uwt.de\/pl\/wp-json\/wp\/v2\/product_tag?post=18359"}],"curies":[{"name":"wp","href":"https:\/\/api.w.org\/{rel}","templated":true}]}}