{"id":19955,"date":"2025-07-14T11:22:15","date_gmt":"2025-07-14T09:22:15","guid":{"rendered":"https:\/\/hamma-uwt.de\/produkt\/klucz-ibc\/"},"modified":"2025-07-14T11:22:15","modified_gmt":"2025-07-14T09:22:15","slug":"klucz-ibc","status":"publish","type":"product","link":"https:\/\/hamma-uwt.de\/pl\/produkt\/klucz-ibc\/","title":{"rendered":"Klucz IBC"},"content":{"rendered":"<p>Klucz IBC do szybkiego i \u0142atwego otwierania pojemnik\u00f3w<\/p>\n<p>Klucz IBC umo\u017cliwia otwieranie i zamykanie pojemnik\u00f3w IBC w mgnieniu oka i bez wi\u0119kszego wysi\u0142ku dzi\u0119ki dzia\u0142aniu d\u017awigni. Zoptymalizowana konstrukcja wykonana z wytrzyma\u0142ej stali nierdzewnej zapewnia bardzo \u0142atwe, wygodne i ergonomiczne otwieranie pojemnik\u00f3w IBC i kanistr\u00f3w. Oba otwieracze s\u0105 \u0142atwe do przechowywania dzi\u0119ki dobrze umiejscowionemu otworowi mocuj\u0105cemu i s\u0105 szybko dost\u0119pne, gdy s\u0105 potrzebne.  <\/p>\n<p>Twoje zalety<\/p>\n<ul>\n<li>\u0141atwe otwieranie dzi\u0119ki zoptymalizowanemu<\/li>\n<li>Efekt d\u017awigni<\/li>\n<li>Wysokiej jako\u015bci konstrukcja ze stali nierdzewnej<\/li>\n<li>Solidny i praktyczny<\/li>\n<li>Kompaktowa konstrukcja<\/li>\n<li>Ergonomiczny<\/li>\n<\/ul>\n","protected":false},"excerpt":{"rendered":"<p>do otwierania kontener\u00f3w IBC<\/p>\n","protected":false},"featured_media":3862,"comment_status":"closed","ping_status":"closed","template":"","meta":{"_acf_changed":false},"product_brand":[],"product_cat":[711,782,783],"product_tag":[],"class_list":{"0":"post-19955","1":"product","2":"type-product","3":"status-publish","4":"has-post-thumbnail","6":"product_cat-akcesoria-misceo","7":"product_cat-klucz-kontenera","8":"product_cat-silni-pomocnicy","10":"first","11":"instock","12":"purchasable","13":"product-type-variable"},"acf":[],"_links":{"self":[{"href":"https:\/\/hamma-uwt.de\/pl\/wp-json\/wp\/v2\/product\/19955","targetHints":{"allow":["GET"]}}],"collection":[{"href":"https:\/\/hamma-uwt.de\/pl\/wp-json\/wp\/v2\/product"}],"about":[{"href":"https:\/\/hamma-uwt.de\/pl\/wp-json\/wp\/v2\/types\/product"}],"replies":[{"embeddable":true,"href":"https:\/\/hamma-uwt.de\/pl\/wp-json\/wp\/v2\/comments?post=19955"}],"wp:featuredmedia":[{"embeddable":true,"href":"https:\/\/hamma-uwt.de\/pl\/wp-json\/wp\/v2\/media\/3862"}],"wp:attachment":[{"href":"https:\/\/hamma-uwt.de\/pl\/wp-json\/wp\/v2\/media?parent=19955"}],"wp:term":[{"taxonomy":"product_brand","embeddable":true,"href":"https:\/\/hamma-uwt.de\/pl\/wp-json\/wp\/v2\/product_brand?post=19955"},{"taxonomy":"product_cat","embeddable":true,"href":"https:\/\/hamma-uwt.de\/pl\/wp-json\/wp\/v2\/product_cat?post=19955"},{"taxonomy":"product_tag","embeddable":true,"href":"https:\/\/hamma-uwt.de\/pl\/wp-json\/wp\/v2\/product_tag?post=19955"}],"curies":[{"name":"wp","href":"https:\/\/api.w.org\/{rel}","templated":true}]}}