{"id":20000,"date":"2025-07-14T11:22:15","date_gmt":"2025-07-14T09:22:15","guid":{"rendered":"https:\/\/hamma-uwt.de\/produkt\/chip-maxx\/"},"modified":"2025-07-14T11:22:15","modified_gmt":"2025-07-14T09:22:15","slug":"chip-maxx","status":"publish","type":"product","link":"https:\/\/hamma-uwt.de\/pl\/produkt\/chip-maxx\/","title":{"rendered":"Chip Maxx"},"content":{"rendered":"<p>Dzi\u0119ki silnemu magnesowi, a tym samym du\u017cej pojemno\u015bci zbierania, mo\u017cna szybko, \u0142atwo i niezawodnie wyczy\u015bci\u0107 zbiornik smaru ch\u0142odz\u0105cego, maszyn\u0119 i \u015brodowisko pracy za pomoc\u0105 Chip Maxx. Por\u0119czny uchwyt zapewnia pewny chwyt Sp\u00e4nemaxx i pozwala bezpiecznie prowadzi\u0107 go do wi\u00f3r\u00f3w i przyci\u0105ga\u0107 je. Poci\u0105gni\u0119cie suwaka powoduje zanik magnetyzmu i przyci\u0105gni\u0119te wi\u00f3ry po prostu odpadaj\u0105. Wyczyszczony zbiornik ch\u0142odziwa pozwala w szczeg\u00f3lno\u015bci zachowa\u0107 jako\u015b\u0107 ch\u0142odziwa, obni\u017cy\u0107 koszty maszyn i narz\u0119dzi oraz utrzyma\u0107 higien\u0119 \u015brodowiska pracy.    Sp\u00e4nemaxx pomaga r\u00f3wnie\u017c podnosi\u0107 ma\u0142e obiekty magnetyczne i oddziela\u0107 magnetyczne i niemagnetyczne cz\u0119\u015bci przemys\u0142owe.<\/p>\n<p>Chip Maxx jest dost\u0119pny w pi\u0119ciu r\u00f3\u017cnych d\u0142ugo\u015bciach, dzi\u0119ki czemu zawsze masz odpowiedni Chip Maxx do swojego zastosowania.<\/p>\n","protected":false},"excerpt":{"rendered":"<p>Pr\u0119t magnetyczny do usuwania\/oddzielania cz\u0119\u015bci magnetycznych<\/p>\n","protected":false},"featured_media":3833,"comment_status":"closed","ping_status":"closed","template":"","meta":{"_acf_changed":false},"product_brand":[],"product_cat":[715,783],"product_tag":[],"class_list":{"0":"post-20000","1":"product","2":"type-product","3":"status-publish","4":"has-post-thumbnail","6":"product_cat-chip-maxx-i-miotla-magnetyczna","7":"product_cat-silni-pomocnicy","9":"first","10":"instock","11":"purchasable","12":"product-type-variable"},"acf":[],"_links":{"self":[{"href":"https:\/\/hamma-uwt.de\/pl\/wp-json\/wp\/v2\/product\/20000","targetHints":{"allow":["GET"]}}],"collection":[{"href":"https:\/\/hamma-uwt.de\/pl\/wp-json\/wp\/v2\/product"}],"about":[{"href":"https:\/\/hamma-uwt.de\/pl\/wp-json\/wp\/v2\/types\/product"}],"replies":[{"embeddable":true,"href":"https:\/\/hamma-uwt.de\/pl\/wp-json\/wp\/v2\/comments?post=20000"}],"wp:featuredmedia":[{"embeddable":true,"href":"https:\/\/hamma-uwt.de\/pl\/wp-json\/wp\/v2\/media\/3833"}],"wp:attachment":[{"href":"https:\/\/hamma-uwt.de\/pl\/wp-json\/wp\/v2\/media?parent=20000"}],"wp:term":[{"taxonomy":"product_brand","embeddable":true,"href":"https:\/\/hamma-uwt.de\/pl\/wp-json\/wp\/v2\/product_brand?post=20000"},{"taxonomy":"product_cat","embeddable":true,"href":"https:\/\/hamma-uwt.de\/pl\/wp-json\/wp\/v2\/product_cat?post=20000"},{"taxonomy":"product_tag","embeddable":true,"href":"https:\/\/hamma-uwt.de\/pl\/wp-json\/wp\/v2\/product_tag?post=20000"}],"curies":[{"name":"wp","href":"https:\/\/api.w.org\/{rel}","templated":true}]}}