{"id":20397,"date":"2025-07-14T11:22:19","date_gmt":"2025-07-14T09:22:19","guid":{"rendered":"https:\/\/hamma-uwt.de\/produkt\/wozek-beczkowy\/"},"modified":"2025-07-14T11:22:19","modified_gmt":"2025-07-14T09:22:19","slug":"wozek-beczkowy","status":"publish","type":"product","link":"https:\/\/hamma-uwt.de\/pl\/produkt\/wozek-beczkowy\/","title":{"rendered":"W\u00f3zek beczkowy"},"content":{"rendered":"<p>W\u00f3zek do beczek sprawia, \u017ce nape\u0142nianie maszyn jest szybkie, \u0142atwe i elastyczne. Beczk\u0119 ze \u015brodkiem ch\u0142odz\u0105co-smaruj\u0105cym i technologi\u0119 mieszania mo\u017cna b\u0142yskawicznie przetransportowa\u0107 bezpo\u015brednio do maszyny<br \/>\n, aby wygodnie nape\u0142ni\u0107 j\u0105 na miejscu. Ka\u017cdy w\u00f3zek do beczek ma p\u0142ynnie obracaj\u0105ce si\u0119 k\u00f3\u0142ka, bezpieczny uchwyt na beczk\u0119 i pojemno\u015b\u0107 220 litr\u00f3w, dzi\u0119ki czemu podr\u00f3\u017c do maszyny jest prosta i bezpieczna.  <\/p>\n<p>W\u00f3zek b\u0119bnowy mo\u017ce pomie\u015bci\u0107 Misceo3 (wraz z akumulatorem), dwa b\u0119bny na w\u0105\u017c i b\u0119ben na kabel.<\/p>\n<p>Twoje zalety:<\/p>\n<ul>\n<li>\u0141atwe przemieszczanie dzi\u0119ki p\u0142ynnie obracaj\u0105cym si\u0119 k\u00f3\u0142kom<\/li>\n<li>Wysokiej jako\u015bci i wytrzyma\u0142a konstrukcja<\/li>\n<li>Zintegrowana tacka ociekowa<\/li>\n<li>\u0141atwy do czyszczenia<\/li>\n<li>Idealne dopasowanie do Misceo<\/li>\n<li>Wiele praktycznych opcji<\/li>\n<\/ul>\n","protected":false},"excerpt":{"rendered":"<p>(r\u0119czny) czarny z tack\u0105 ociekow\u0105, paskiem zabezpieczaj\u0105cym b\u0119ben i uchwytem do MISCEO 3<\/p>\n","protected":false},"featured_media":2029,"comment_status":"closed","ping_status":"closed","template":"","meta":{"_acf_changed":false},"product_brand":[],"product_cat":[1877],"product_tag":[],"class_list":{"0":"post-20397","1":"product","2":"type-product","3":"status-publish","4":"has-post-thumbnail","6":"product_cat-wozek-beczkowy","8":"first","9":"instock","10":"purchasable","11":"product-type-simple"},"acf":[],"_links":{"self":[{"href":"https:\/\/hamma-uwt.de\/pl\/wp-json\/wp\/v2\/product\/20397","targetHints":{"allow":["GET"]}}],"collection":[{"href":"https:\/\/hamma-uwt.de\/pl\/wp-json\/wp\/v2\/product"}],"about":[{"href":"https:\/\/hamma-uwt.de\/pl\/wp-json\/wp\/v2\/types\/product"}],"replies":[{"embeddable":true,"href":"https:\/\/hamma-uwt.de\/pl\/wp-json\/wp\/v2\/comments?post=20397"}],"wp:featuredmedia":[{"embeddable":true,"href":"https:\/\/hamma-uwt.de\/pl\/wp-json\/wp\/v2\/media\/2029"}],"wp:attachment":[{"href":"https:\/\/hamma-uwt.de\/pl\/wp-json\/wp\/v2\/media?parent=20397"}],"wp:term":[{"taxonomy":"product_brand","embeddable":true,"href":"https:\/\/hamma-uwt.de\/pl\/wp-json\/wp\/v2\/product_brand?post=20397"},{"taxonomy":"product_cat","embeddable":true,"href":"https:\/\/hamma-uwt.de\/pl\/wp-json\/wp\/v2\/product_cat?post=20397"},{"taxonomy":"product_tag","embeddable":true,"href":"https:\/\/hamma-uwt.de\/pl\/wp-json\/wp\/v2\/product_tag?post=20397"}],"curies":[{"name":"wp","href":"https:\/\/api.w.org\/{rel}","templated":true}]}}