{"id":20721,"date":"2025-07-14T11:22:24","date_gmt":"2025-07-14T09:22:24","guid":{"rendered":"https:\/\/hamma-uwt.de\/produkt\/maly-system-opieki\/"},"modified":"2026-03-16T15:52:03","modified_gmt":"2026-03-16T14:52:03","slug":"maly-system-opieki","status":"publish","type":"product","link":"https:\/\/hamma-uwt.de\/pl\/produkt\/maly-system-opieki\/","title":{"rendered":"Ma\u0142y system opieki"},"content":{"rendered":"<p>Beztroski pakiet czystego i wydajnego smaru ch\u0142odz\u0105cego do ma\u0142ych i \u015brednich maszyn jest \u0142atwy w instalacji i obs\u0142udze, a jednocze\u015bnie bardzo skuteczny pod wzgl\u0119dem wydajno\u015bci.<\/p>\n<p>Szybkie odpieniacze oleju i mikro aeratory utrzymuj\u0105 jako\u015b\u0107 ch\u0142odziwa przez znacznie d\u0142u\u017cszy czas. Rezultatem s\u0105 wy\u017csze pr\u0119dko\u015bci ci\u0119cia i d\u0142u\u017csza \u017cywotno\u015b\u0107 narz\u0119dzi i maszyn: \u017cyjesz zdrowiej, szybko osi\u0105gasz du\u017ce oszcz\u0119dno\u015bci i unikasz nieprzyjemnych zapach\u00f3w. <\/p>\n<p>Napowietrzacz Mikro zapewnia wystarczaj\u0105cy dop\u0142yw tlenu za pomoc\u0105 drobnych p\u0119cherzyk\u00f3w powietrza. W\u0142a\u015bciwo\u015bci higieniczne medium ulegaj\u0105 drastycznej poprawie. Zawieszone cz\u0105stki s\u0105 transportowane na powierzchni\u0119 i mog\u0105 by\u0107 usuni\u0119te przez odpieniacz oleju Rapid. Podczas fazy konserwacji \u015brodka ch\u0142odz\u0105co-smaruj\u0105cego, odpieniacz oleju Rapid usuwa niepo\u017c\u0105dane p\u0142ywaj\u0105ce oleje, myd\u0142a wapienne i zawieszone cz\u0105stki. Wydajno\u015b\u0107 \u015brodka ch\u0142odz\u0105co-smaruj\u0105cego wzrasta, a produkcja staje si\u0119 bezpieczniejsza, szybsza i lepsza.    <\/p>\n","protected":false},"excerpt":{"rendered":"<p>Bez uchwytu, do pojemnik\u00f3w o powierzchni do 2<sup>m2<\/sup> \/ pojemno\u015bci do 1000 litr\u00f3w<\/p>\n","protected":false},"featured_media":23358,"comment_status":"closed","ping_status":"closed","template":"","meta":{"_acf_changed":false},"product_brand":[],"product_cat":[664],"product_tag":[],"class_list":{"0":"post-20721","1":"product","2":"type-product","3":"status-publish","4":"has-post-thumbnail","6":"product_cat-biobalance","8":"first","9":"instock","10":"purchasable","11":"product-type-simple"},"acf":[],"_links":{"self":[{"href":"https:\/\/hamma-uwt.de\/pl\/wp-json\/wp\/v2\/product\/20721","targetHints":{"allow":["GET"]}}],"collection":[{"href":"https:\/\/hamma-uwt.de\/pl\/wp-json\/wp\/v2\/product"}],"about":[{"href":"https:\/\/hamma-uwt.de\/pl\/wp-json\/wp\/v2\/types\/product"}],"replies":[{"embeddable":true,"href":"https:\/\/hamma-uwt.de\/pl\/wp-json\/wp\/v2\/comments?post=20721"}],"wp:featuredmedia":[{"embeddable":true,"href":"https:\/\/hamma-uwt.de\/pl\/wp-json\/wp\/v2\/media\/23358"}],"wp:attachment":[{"href":"https:\/\/hamma-uwt.de\/pl\/wp-json\/wp\/v2\/media?parent=20721"}],"wp:term":[{"taxonomy":"product_brand","embeddable":true,"href":"https:\/\/hamma-uwt.de\/pl\/wp-json\/wp\/v2\/product_brand?post=20721"},{"taxonomy":"product_cat","embeddable":true,"href":"https:\/\/hamma-uwt.de\/pl\/wp-json\/wp\/v2\/product_cat?post=20721"},{"taxonomy":"product_tag","embeddable":true,"href":"https:\/\/hamma-uwt.de\/pl\/wp-json\/wp\/v2\/product_tag?post=20721"}],"curies":[{"name":"wp","href":"https:\/\/api.w.org\/{rel}","templated":true}]}}