{"id":23618,"date":"2025-07-21T15:44:54","date_gmt":"2025-07-21T13:44:54","guid":{"rendered":"https:\/\/hamma-uwt.de\/equipa\/"},"modified":"2026-04-15T10:54:41","modified_gmt":"2026-04-15T08:54:41","slug":"equipa","status":"publish","type":"page","link":"https:\/\/hamma-uwt.de\/pt-pt\/equipa\/","title":{"rendered":"Equipa"},"content":{"rendered":"\t\t<div data-elementor-type=\"wp-page\" data-elementor-id=\"23618\" class=\"elementor elementor-23618 elementor-1720\" data-elementor-post-type=\"page\">\n\t\t\t\t<div class=\"elementor-element elementor-element-fb6c1cc e-flex e-con-boxed e-con e-parent\" data-id=\"fb6c1cc\" data-element_type=\"container\" data-e-type=\"container\" data-settings=\"{&quot;background_background&quot;:&quot;classic&quot;,&quot;jet_parallax_layout_list&quot;:[]}\">\n\t\t\t\t\t<div class=\"e-con-inner\">\n\t\t<div class=\"elementor-element elementor-element-3e8b185 e-con-full e-flex e-con e-child\" data-id=\"3e8b185\" data-element_type=\"container\" data-e-type=\"container\" data-settings=\"{&quot;jet_parallax_layout_list&quot;:[]}\">\n\t\t\t\t<div class=\"elementor-element elementor-element-f0a03a6 elementor-widget elementor-widget-heading\" data-id=\"f0a03a6\" data-element_type=\"widget\" data-e-type=\"widget\" data-widget_type=\"heading.default\">\n\t\t\t\t\t<h1 class=\"elementor-heading-title elementor-size-default\">A nossa equipa est\u00e1 \u00e0 tua disposi\u00e7\u00e3o<\/h1>\t\t\t\t<\/div>\n\t\t\t\t<div class=\"elementor-element elementor-element-1385bfb elementor-widget elementor-widget-text-editor\" data-id=\"1385bfb\" data-element_type=\"widget\" data-e-type=\"widget\" data-widget_type=\"text-editor.default\">\n\t\t\t\t\t\t\t\t\t<div class=\"n module-type-header module-alias-sectionTitle \"><p>Armin Hamma Umwelttechnik \u00e9 uma empresa familiar tradicional. Com d\u00e9cadas de experi\u00eancia e um servi\u00e7o excelente, estamos \u00e0 tua disposi\u00e7\u00e3o. Somos o teu parceiro ideal na \u00e1rea da manuten\u00e7\u00e3o de lubrificantes de refrigera\u00e7\u00e3o.  <\/p><\/div>\t\t\t\t\t\t\t\t<\/div>\n\t\t\t\t<\/div>\n\t\t\t\t\t<\/div>\n\t\t\t\t<\/div>\n\t\t<div class=\"elementor-element elementor-element-92cdf69 e-flex e-con-boxed e-con e-parent\" data-id=\"92cdf69\" data-element_type=\"container\" data-e-type=\"container\" data-settings=\"{&quot;jet_parallax_layout_list&quot;:[]}\">\n\t\t\t\t\t<div class=\"e-con-inner\">\n\t\t\t\t<div class=\"elementor-element elementor-element-c93e492 elementor-widget elementor-widget-text-editor\" data-id=\"c93e492\" data-element_type=\"widget\" data-e-type=\"widget\" data-widget_type=\"text-editor.default\">\n\t\t\t\t\t\t\t\t\t<p>Podes obter os nossos produtos junto de fabricantes de m\u00e1quinas e instala\u00e7\u00f5es de renome, revendedores de ferramentas de renome, fabricantes e distribuidores de lubrificantes de refrigera\u00e7\u00e3o e, claro, diretamente junto da nossa empresa-m\u00e3e em Tuttlingen.  <\/p><p>Atualmente, a tecnologia de mistura e de manuten\u00e7\u00e3o perfeitamente harmonizada permite que as m\u00e1quinas produzam mais rapidamente, com mais seguran\u00e7a e com mais precis\u00e3o. Com a tecnologia de manuten\u00e7\u00e3o Hamma, os lubrificantes de refrigera\u00e7\u00e3o tornaram-se verdadeiros geradores de recursos. Os padr\u00f5es de higiene s\u00e3o elevados e as aus\u00eancias por doen\u00e7a s\u00e3o significativamente reduzidas. Trabalha num ambiente de trabalho muito limpo. Atualmente, a tecnologia de manuten\u00e7\u00e3o tem um pre\u00e7o baixo e actua como um verdadeiro trav\u00e3o de custos nas empresas.      <\/p><p>Descobre connosco o mundo da tecnologia de cuidados da Hamma, com a qual tamb\u00e9m tu podes produzir de forma ainda mais r\u00e1pida, segura e precisa. Garante o teu sistema de cuidados personalizado, porque tu est\u00e1s no centro de tudo o que fazemos.   <\/p>\t\t\t\t\t\t\t\t<\/div>\n\t\t\t\t\t<\/div>\n\t\t\t\t<\/div>\n\t\t<div class=\"elementor-element elementor-element-f00c628 e-flex e-con-boxed e-con e-parent\" data-id=\"f00c628\" data-element_type=\"container\" data-e-type=\"container\" data-settings=\"{&quot;jet_parallax_layout_list&quot;:[]}\">\n\t\t\t\t\t<div class=\"e-con-inner\">\n\t\t<div class=\"elementor-element elementor-element-6ceeb5c e-grid e-con-full e-con e-child\" data-id=\"6ceeb5c\" data-element_type=\"container\" data-e-type=\"container\" data-settings=\"{&quot;jet_parallax_layout_list&quot;:[]}\">\n\t\t<div class=\"elementor-element elementor-element-6fed638 e-con-full e-flex e-con e-child\" data-id=\"6fed638\" data-element_type=\"container\" data-e-type=\"container\" data-settings=\"{&quot;jet_parallax_layout_list&quot;:[]}\">\n\t\t\t\t<div class=\"elementor-element elementor-element-1ef90ae elementor-widget elementor-widget-image\" data-id=\"1ef90ae\" data-element_type=\"widget\" data-e-type=\"widget\" data-widget_type=\"image.default\">\n\t\t\t\t\t\t\t\t\t\t\t\t\t\t\t<img fetchpriority=\"high\" decoding=\"async\" width=\"800\" height=\"800\" src=\"https:\/\/hamma-uwt.de\/wp-content\/uploads\/Hamma_Armin-2857-1024x1024.jpg\" class=\"attachment-large size-large wp-image-23620\" alt=\"\" srcset=\"https:\/\/hamma-uwt.de\/wp-content\/uploads\/Hamma_Armin-2857-1024x1024.jpg 1024w, https:\/\/hamma-uwt.de\/wp-content\/uploads\/Hamma_Armin-2857-300x300.jpg 300w, https:\/\/hamma-uwt.de\/wp-content\/uploads\/Hamma_Armin-2857-100x100.jpg 100w, https:\/\/hamma-uwt.de\/wp-content\/uploads\/Hamma_Armin-2857-600x600.jpg 600w, https:\/\/hamma-uwt.de\/wp-content\/uploads\/Hamma_Armin-2857-150x150.jpg 150w, https:\/\/hamma-uwt.de\/wp-content\/uploads\/Hamma_Armin-2857-768x768.jpg 768w, https:\/\/hamma-uwt.de\/wp-content\/uploads\/Hamma_Armin-2857.jpg 1280w\" sizes=\"(max-width: 800px) 100vw, 800px\" \/>\t\t\t\t\t\t\t\t\t\t\t\t\t\t\t<\/div>\n\t\t<div class=\"elementor-element elementor-element-830ca0b e-con-full e-flex e-con e-child\" data-id=\"830ca0b\" data-element_type=\"container\" data-e-type=\"container\" data-settings=\"{&quot;background_background&quot;:&quot;gradient&quot;,&quot;jet_parallax_layout_list&quot;:[]}\">\n\t\t\t\t<div class=\"elementor-element elementor-element-d70fd58 elementor-widget elementor-widget-heading\" data-id=\"d70fd58\" data-element_type=\"widget\" data-e-type=\"widget\" data-widget_type=\"heading.default\">\n\t\t\t\t\t<h3 class=\"elementor-heading-title elementor-size-default\">Armin Hamma<\/h3>\t\t\t\t<\/div>\n\t\t\t\t<div class=\"elementor-element elementor-element-9d3e233 elementor-widget elementor-widget-heading\" data-id=\"9d3e233\" data-element_type=\"widget\" data-e-type=\"widget\" data-widget_type=\"heading.default\">\n\t\t\t\t\t<h4 class=\"elementor-heading-title elementor-size-default\">Propriet\u00e1rio\/Gest\u00e3o<\/h4>\t\t\t\t<\/div>\n\t\t\t\t<div class=\"elementor-element elementor-element-4a15090 elementor-widget elementor-widget-spacer\" data-id=\"4a15090\" data-element_type=\"widget\" data-e-type=\"widget\" data-widget_type=\"spacer.default\">\n\t\t\t\t\t\t\t<div class=\"elementor-spacer\">\n\t\t\t<div class=\"elementor-spacer-inner\"><\/div>\n\t\t<\/div>\n\t\t\t\t\t\t<\/div>\n\t\t\t\t<div class=\"elementor-element elementor-element-c7b9cba elementor-icon-list--layout-traditional elementor-list-item-link-full_width elementor-widget elementor-widget-icon-list\" data-id=\"c7b9cba\" data-element_type=\"widget\" data-e-type=\"widget\" data-widget_type=\"icon-list.default\">\n\t\t\t\t\t\t\t<ul class=\"elementor-icon-list-items\">\n\t\t\t\t\t\t\t<li class=\"elementor-icon-list-item\">\n\t\t\t\t\t\t\t\t\t\t\t<span class=\"elementor-icon-list-icon\">\n\t\t\t\t\t\t\t<svg aria-hidden=\"true\" class=\"e-font-icon-svg e-fas-phone\" viewBox=\"0 0 512 512\" xmlns=\"http:\/\/www.w3.org\/2000\/svg\"><path d=\"M493.4 24.6l-104-24c-11.3-2.6-22.9 3.3-27.5 13.9l-48 112c-4.2 9.8-1.4 21.3 6.9 28l60.6 49.6c-36 76.7-98.9 140.5-177.2 177.2l-49.6-60.6c-6.8-8.3-18.2-11.1-28-6.9l-112 48C3.9 366.5-2 378.1.6 389.4l24 104C27.1 504.2 36.7 512 48 512c256.1 0 464-207.5 464-464 0-11.2-7.7-20.9-18.6-23.4z\"><\/path><\/svg>\t\t\t\t\t\t<\/span>\n\t\t\t\t\t\t\t\t\t\t<span class=\"elementor-icon-list-text\">+49 7461\/96599-0<\/span>\n\t\t\t\t\t\t\t\t\t<\/li>\n\t\t\t\t\t\t\t\t<li class=\"elementor-icon-list-item\">\n\t\t\t\t\t\t\t\t\t\t\t<a href=\"mailto:info@hamma-uwt.de\">\n\n\t\t\t\t\t\t\t\t\t\t\t\t<span class=\"elementor-icon-list-icon\">\n\t\t\t\t\t\t\t<svg aria-hidden=\"true\" class=\"e-font-icon-svg e-fas-envelope\" viewBox=\"0 0 512 512\" xmlns=\"http:\/\/www.w3.org\/2000\/svg\"><path d=\"M502.3 190.8c3.9-3.1 9.7-.2 9.7 4.7V400c0 26.5-21.5 48-48 48H48c-26.5 0-48-21.5-48-48V195.6c0-5 5.7-7.8 9.7-4.7 22.4 17.4 52.1 39.5 154.1 113.6 21.1 15.4 56.7 47.8 92.2 47.6 35.7.3 72-32.8 92.3-47.6 102-74.1 131.6-96.3 154-113.7zM256 320c23.2.4 56.6-29.2 73.4-41.4 132.7-96.3 142.8-104.7 173.4-128.7 5.8-4.5 9.2-11.5 9.2-18.9v-19c0-26.5-21.5-48-48-48H48C21.5 64 0 85.5 0 112v19c0 7.4 3.4 14.3 9.2 18.9 30.6 23.9 40.7 32.4 173.4 128.7 16.8 12.2 50.2 41.8 73.4 41.4z\"><\/path><\/svg>\t\t\t\t\t\t<\/span>\n\t\t\t\t\t\t\t\t\t\t<span class=\"elementor-icon-list-text\">info@hamma-uwt.de<\/span>\n\t\t\t\t\t\t\t\t\t\t\t<\/a>\n\t\t\t\t\t\t\t\t\t<\/li>\n\t\t\t\t\t\t<\/ul>\n\t\t\t\t\t\t<\/div>\n\t\t\t\t<\/div>\n\t\t\t\t<\/div>\n\t\t<div class=\"elementor-element elementor-element-0f0987b e-con-full e-flex e-con e-child\" data-id=\"0f0987b\" data-element_type=\"container\" data-e-type=\"container\" data-settings=\"{&quot;jet_parallax_layout_list&quot;:[]}\">\n\t\t\t\t<div class=\"elementor-element elementor-element-af67283 elementor-widget elementor-widget-image\" data-id=\"af67283\" data-element_type=\"widget\" data-e-type=\"widget\" data-widget_type=\"image.default\">\n\t\t\t\t\t\t\t\t\t\t\t\t\t\t\t<img decoding=\"async\" width=\"800\" height=\"800\" src=\"https:\/\/hamma-uwt.de\/wp-content\/uploads\/Hamma_Moser_Tobias-2867-1024x1024.jpg\" class=\"attachment-large size-large wp-image-23621\" alt=\"\" srcset=\"https:\/\/hamma-uwt.de\/wp-content\/uploads\/Hamma_Moser_Tobias-2867-1024x1024.jpg 1024w, https:\/\/hamma-uwt.de\/wp-content\/uploads\/Hamma_Moser_Tobias-2867-300x300.jpg 300w, https:\/\/hamma-uwt.de\/wp-content\/uploads\/Hamma_Moser_Tobias-2867-100x100.jpg 100w, https:\/\/hamma-uwt.de\/wp-content\/uploads\/Hamma_Moser_Tobias-2867-600x600.jpg 600w, https:\/\/hamma-uwt.de\/wp-content\/uploads\/Hamma_Moser_Tobias-2867-150x150.jpg 150w, https:\/\/hamma-uwt.de\/wp-content\/uploads\/Hamma_Moser_Tobias-2867-768x768.jpg 768w, https:\/\/hamma-uwt.de\/wp-content\/uploads\/Hamma_Moser_Tobias-2867.jpg 1280w\" sizes=\"(max-width: 800px) 100vw, 800px\" \/>\t\t\t\t\t\t\t\t\t\t\t\t\t\t\t<\/div>\n\t\t<div class=\"elementor-element elementor-element-8210884 e-con-full e-flex e-con e-child\" data-id=\"8210884\" data-element_type=\"container\" data-e-type=\"container\" data-settings=\"{&quot;background_background&quot;:&quot;gradient&quot;,&quot;jet_parallax_layout_list&quot;:[]}\">\n\t\t\t\t<div class=\"elementor-element elementor-element-64a6029 elementor-widget elementor-widget-heading\" data-id=\"64a6029\" data-element_type=\"widget\" data-e-type=\"widget\" data-widget_type=\"heading.default\">\n\t\t\t\t\t<h3 class=\"elementor-heading-title elementor-size-default\">Tobias Moser<\/h3>\t\t\t\t<\/div>\n\t\t\t\t<div class=\"elementor-element elementor-element-70e79f2 elementor-widget elementor-widget-heading\" data-id=\"70e79f2\" data-element_type=\"widget\" data-e-type=\"widget\" data-widget_type=\"heading.default\">\n\t\t\t\t\t<h4 class=\"elementor-heading-title elementor-size-default\">Gestor de Vendas\/Projectos<\/h4>\t\t\t\t<\/div>\n\t\t\t\t<div class=\"elementor-element elementor-element-3e98565 elementor-widget elementor-widget-spacer\" data-id=\"3e98565\" data-element_type=\"widget\" data-e-type=\"widget\" data-widget_type=\"spacer.default\">\n\t\t\t\t\t\t\t<div class=\"elementor-spacer\">\n\t\t\t<div class=\"elementor-spacer-inner\"><\/div>\n\t\t<\/div>\n\t\t\t\t\t\t<\/div>\n\t\t\t\t<div class=\"elementor-element elementor-element-907f11b elementor-icon-list--layout-traditional elementor-list-item-link-full_width elementor-widget elementor-widget-icon-list\" data-id=\"907f11b\" data-element_type=\"widget\" data-e-type=\"widget\" data-widget_type=\"icon-list.default\">\n\t\t\t\t\t\t\t<ul class=\"elementor-icon-list-items\">\n\t\t\t\t\t\t\t<li class=\"elementor-icon-list-item\">\n\t\t\t\t\t\t\t\t\t\t\t<span class=\"elementor-icon-list-icon\">\n\t\t\t\t\t\t\t<svg aria-hidden=\"true\" class=\"e-font-icon-svg e-fas-phone\" viewBox=\"0 0 512 512\" xmlns=\"http:\/\/www.w3.org\/2000\/svg\"><path d=\"M493.4 24.6l-104-24c-11.3-2.6-22.9 3.3-27.5 13.9l-48 112c-4.2 9.8-1.4 21.3 6.9 28l60.6 49.6c-36 76.7-98.9 140.5-177.2 177.2l-49.6-60.6c-6.8-8.3-18.2-11.1-28-6.9l-112 48C3.9 366.5-2 378.1.6 389.4l24 104C27.1 504.2 36.7 512 48 512c256.1 0 464-207.5 464-464 0-11.2-7.7-20.9-18.6-23.4z\"><\/path><\/svg>\t\t\t\t\t\t<\/span>\n\t\t\t\t\t\t\t\t\t\t<span class=\"elementor-icon-list-text\">+49 7461 96599-12<\/span>\n\t\t\t\t\t\t\t\t\t<\/li>\n\t\t\t\t\t\t\t\t<li class=\"elementor-icon-list-item\">\n\t\t\t\t\t\t\t\t\t\t\t<a href=\"mailto:t.moser@hamma-uwt.de\">\n\n\t\t\t\t\t\t\t\t\t\t\t\t<span class=\"elementor-icon-list-icon\">\n\t\t\t\t\t\t\t<svg aria-hidden=\"true\" class=\"e-font-icon-svg e-fas-envelope\" viewBox=\"0 0 512 512\" xmlns=\"http:\/\/www.w3.org\/2000\/svg\"><path d=\"M502.3 190.8c3.9-3.1 9.7-.2 9.7 4.7V400c0 26.5-21.5 48-48 48H48c-26.5 0-48-21.5-48-48V195.6c0-5 5.7-7.8 9.7-4.7 22.4 17.4 52.1 39.5 154.1 113.6 21.1 15.4 56.7 47.8 92.2 47.6 35.7.3 72-32.8 92.3-47.6 102-74.1 131.6-96.3 154-113.7zM256 320c23.2.4 56.6-29.2 73.4-41.4 132.7-96.3 142.8-104.7 173.4-128.7 5.8-4.5 9.2-11.5 9.2-18.9v-19c0-26.5-21.5-48-48-48H48C21.5 64 0 85.5 0 112v19c0 7.4 3.4 14.3 9.2 18.9 30.6 23.9 40.7 32.4 173.4 128.7 16.8 12.2 50.2 41.8 73.4 41.4z\"><\/path><\/svg>\t\t\t\t\t\t<\/span>\n\t\t\t\t\t\t\t\t\t\t<span class=\"elementor-icon-list-text\">t.moser@hamma-uwt.de<\/span>\n\t\t\t\t\t\t\t\t\t\t\t<\/a>\n\t\t\t\t\t\t\t\t\t<\/li>\n\t\t\t\t\t\t<\/ul>\n\t\t\t\t\t\t<\/div>\n\t\t\t\t<\/div>\n\t\t\t\t<\/div>\n\t\t<div class=\"elementor-element elementor-element-a760180 e-con-full e-flex e-con e-child\" data-id=\"a760180\" data-element_type=\"container\" data-e-type=\"container\" data-settings=\"{&quot;jet_parallax_layout_list&quot;:[]}\">\n\t\t\t\t<div class=\"elementor-element elementor-element-556f060 elementor-widget elementor-widget-image\" data-id=\"556f060\" data-element_type=\"widget\" data-e-type=\"widget\" data-widget_type=\"image.default\">\n\t\t\t\t\t\t\t\t\t\t\t\t\t\t\t<img decoding=\"async\" width=\"800\" height=\"800\" src=\"https:\/\/hamma-uwt.de\/wp-content\/uploads\/Hamma_Heide_Jan-2980-2-1024x1024.jpg\" class=\"attachment-large size-large wp-image-23622\" alt=\"\" srcset=\"https:\/\/hamma-uwt.de\/wp-content\/uploads\/Hamma_Heide_Jan-2980-2-1024x1024.jpg 1024w, https:\/\/hamma-uwt.de\/wp-content\/uploads\/Hamma_Heide_Jan-2980-2-300x300.jpg 300w, https:\/\/hamma-uwt.de\/wp-content\/uploads\/Hamma_Heide_Jan-2980-2-100x100.jpg 100w, https:\/\/hamma-uwt.de\/wp-content\/uploads\/Hamma_Heide_Jan-2980-2-600x600.jpg 600w, https:\/\/hamma-uwt.de\/wp-content\/uploads\/Hamma_Heide_Jan-2980-2-150x150.jpg 150w, https:\/\/hamma-uwt.de\/wp-content\/uploads\/Hamma_Heide_Jan-2980-2-768x768.jpg 768w, https:\/\/hamma-uwt.de\/wp-content\/uploads\/Hamma_Heide_Jan-2980-2.jpg 1280w\" sizes=\"(max-width: 800px) 100vw, 800px\" \/>\t\t\t\t\t\t\t\t\t\t\t\t\t\t\t<\/div>\n\t\t<div class=\"elementor-element elementor-element-37f5e38 e-con-full e-flex e-con e-child\" data-id=\"37f5e38\" data-element_type=\"container\" data-e-type=\"container\" data-settings=\"{&quot;background_background&quot;:&quot;gradient&quot;,&quot;jet_parallax_layout_list&quot;:[]}\">\n\t\t\t\t<div class=\"elementor-element elementor-element-c85cf55 elementor-widget elementor-widget-heading\" data-id=\"c85cf55\" data-element_type=\"widget\" data-e-type=\"widget\" data-widget_type=\"heading.default\">\n\t\t\t\t\t<h3 class=\"elementor-heading-title elementor-size-default\">\nJan Heide<\/h3>\t\t\t\t<\/div>\n\t\t\t\t<div class=\"elementor-element elementor-element-ac8c1ca elementor-widget elementor-widget-heading\" data-id=\"ac8c1ca\" data-element_type=\"widget\" data-e-type=\"widget\" data-widget_type=\"heading.default\">\n\t\t\t\t\t<h4 class=\"elementor-heading-title elementor-size-default\">Servi\u00e7o<\/h4>\t\t\t\t<\/div>\n\t\t\t\t<div class=\"elementor-element elementor-element-6535a00 elementor-widget elementor-widget-spacer\" data-id=\"6535a00\" data-element_type=\"widget\" data-e-type=\"widget\" data-widget_type=\"spacer.default\">\n\t\t\t\t\t\t\t<div class=\"elementor-spacer\">\n\t\t\t<div class=\"elementor-spacer-inner\"><\/div>\n\t\t<\/div>\n\t\t\t\t\t\t<\/div>\n\t\t\t\t<div class=\"elementor-element elementor-element-eb543a4 elementor-icon-list--layout-traditional elementor-list-item-link-full_width elementor-widget elementor-widget-icon-list\" data-id=\"eb543a4\" data-element_type=\"widget\" data-e-type=\"widget\" data-widget_type=\"icon-list.default\">\n\t\t\t\t\t\t\t<ul class=\"elementor-icon-list-items\">\n\t\t\t\t\t\t\t<li class=\"elementor-icon-list-item\">\n\t\t\t\t\t\t\t\t\t\t\t<span class=\"elementor-icon-list-icon\">\n\t\t\t\t\t\t\t<svg aria-hidden=\"true\" class=\"e-font-icon-svg e-fas-phone\" viewBox=\"0 0 512 512\" xmlns=\"http:\/\/www.w3.org\/2000\/svg\"><path d=\"M493.4 24.6l-104-24c-11.3-2.6-22.9 3.3-27.5 13.9l-48 112c-4.2 9.8-1.4 21.3 6.9 28l60.6 49.6c-36 76.7-98.9 140.5-177.2 177.2l-49.6-60.6c-6.8-8.3-18.2-11.1-28-6.9l-112 48C3.9 366.5-2 378.1.6 389.4l24 104C27.1 504.2 36.7 512 48 512c256.1 0 464-207.5 464-464 0-11.2-7.7-20.9-18.6-23.4z\"><\/path><\/svg>\t\t\t\t\t\t<\/span>\n\t\t\t\t\t\t\t\t\t\t<span class=\"elementor-icon-list-text\">+49 7461 96599-34<\/span>\n\t\t\t\t\t\t\t\t\t<\/li>\n\t\t\t\t\t\t\t\t<li class=\"elementor-icon-list-item\">\n\t\t\t\t\t\t\t\t\t\t\t<a href=\"mailto:logistik@hamma-uwt.de\">\n\n\t\t\t\t\t\t\t\t\t\t\t\t<span class=\"elementor-icon-list-icon\">\n\t\t\t\t\t\t\t<svg aria-hidden=\"true\" class=\"e-font-icon-svg e-fas-envelope\" viewBox=\"0 0 512 512\" xmlns=\"http:\/\/www.w3.org\/2000\/svg\"><path d=\"M502.3 190.8c3.9-3.1 9.7-.2 9.7 4.7V400c0 26.5-21.5 48-48 48H48c-26.5 0-48-21.5-48-48V195.6c0-5 5.7-7.8 9.7-4.7 22.4 17.4 52.1 39.5 154.1 113.6 21.1 15.4 56.7 47.8 92.2 47.6 35.7.3 72-32.8 92.3-47.6 102-74.1 131.6-96.3 154-113.7zM256 320c23.2.4 56.6-29.2 73.4-41.4 132.7-96.3 142.8-104.7 173.4-128.7 5.8-4.5 9.2-11.5 9.2-18.9v-19c0-26.5-21.5-48-48-48H48C21.5 64 0 85.5 0 112v19c0 7.4 3.4 14.3 9.2 18.9 30.6 23.9 40.7 32.4 173.4 128.7 16.8 12.2 50.2 41.8 73.4 41.4z\"><\/path><\/svg>\t\t\t\t\t\t<\/span>\n\t\t\t\t\t\t\t\t\t\t<span class=\"elementor-icon-list-text\">logistik@hamma-uwt.de<\/span>\n\t\t\t\t\t\t\t\t\t\t\t<\/a>\n\t\t\t\t\t\t\t\t\t<\/li>\n\t\t\t\t\t\t<\/ul>\n\t\t\t\t\t\t<\/div>\n\t\t\t\t<\/div>\n\t\t\t\t<\/div>\n\t\t\t\t<\/div>\n\t\t\t\t\t<\/div>\n\t\t\t\t<\/div>\n\t\t\t\t<\/div>\n\t\t","protected":false},"excerpt":{"rendered":"<p>A nossa equipa est\u00e1 \u00e0 tua disposi\u00e7\u00e3o Armin Hamma Umwelttechnik \u00e9 uma empresa familiar tradicional. Com d\u00e9cadas de experi\u00eancia e um servi\u00e7o excelente, estamos \u00e0 tua disposi\u00e7\u00e3o. Somos o teu parceiro ideal na \u00e1rea da manuten\u00e7\u00e3o de lubrificantes de refrigera\u00e7\u00e3o. Podes obter os nossos produtos junto de fabricantes de m\u00e1quinas e instala\u00e7\u00f5es de renome, revendedores [&hellip;]<\/p>\n","protected":false},"author":3,"featured_media":0,"parent":0,"menu_order":32,"comment_status":"closed","ping_status":"closed","template":"","meta":{"_acf_changed":false,"footnotes":""},"class_list":["post-23618","page","type-page","status-publish","hentry"],"acf":[],"_links":{"self":[{"href":"https:\/\/hamma-uwt.de\/pt-pt\/wp-json\/wp\/v2\/pages\/23618","targetHints":{"allow":["GET"]}}],"collection":[{"href":"https:\/\/hamma-uwt.de\/pt-pt\/wp-json\/wp\/v2\/pages"}],"about":[{"href":"https:\/\/hamma-uwt.de\/pt-pt\/wp-json\/wp\/v2\/types\/page"}],"author":[{"embeddable":true,"href":"https:\/\/hamma-uwt.de\/pt-pt\/wp-json\/wp\/v2\/users\/3"}],"replies":[{"embeddable":true,"href":"https:\/\/hamma-uwt.de\/pt-pt\/wp-json\/wp\/v2\/comments?post=23618"}],"version-history":[{"count":3,"href":"https:\/\/hamma-uwt.de\/pt-pt\/wp-json\/wp\/v2\/pages\/23618\/revisions"}],"predecessor-version":[{"id":23630,"href":"https:\/\/hamma-uwt.de\/pt-pt\/wp-json\/wp\/v2\/pages\/23618\/revisions\/23630"}],"wp:attachment":[{"href":"https:\/\/hamma-uwt.de\/pt-pt\/wp-json\/wp\/v2\/media?parent=23618"}],"curies":[{"name":"wp","href":"https:\/\/api.w.org\/{rel}","templated":true}]}}