{"id":23619,"date":"2025-04-11T13:46:14","date_gmt":"2025-04-11T11:46:14","guid":{"rendered":"https:\/\/hamma-uwt.de\/impressao\/"},"modified":"2026-04-15T10:54:26","modified_gmt":"2026-04-15T08:54:26","slug":"impressao","status":"publish","type":"page","link":"https:\/\/hamma-uwt.de\/pt-pt\/impressao\/","title":{"rendered":"Impress\u00e3o"},"content":{"rendered":"\t\t<div data-elementor-type=\"wp-page\" data-elementor-id=\"23619\" class=\"elementor elementor-23619 elementor-24\" data-elementor-post-type=\"page\">\n\t\t\t\t<div class=\"elementor-element elementor-element-94db282 e-flex e-con-boxed e-con e-parent\" data-id=\"94db282\" data-element_type=\"container\" data-e-type=\"container\" data-settings=\"{&quot;jet_parallax_layout_list&quot;:[]}\">\n\t\t\t\t\t<div class=\"e-con-inner\">\n\t\t<div class=\"elementor-element elementor-element-d1cfdbf e-con-full e-flex e-con e-child\" data-id=\"d1cfdbf\" data-element_type=\"container\" data-e-type=\"container\" data-settings=\"{&quot;jet_parallax_layout_list&quot;:[]}\">\n\t\t\t\t<div class=\"elementor-element elementor-element-6d10f96 elementor-widget elementor-widget-heading\" data-id=\"6d10f96\" data-element_type=\"widget\" data-e-type=\"widget\" data-widget_type=\"heading.default\">\n\t\t\t\t\t<h1 class=\"elementor-heading-title elementor-size-default\">Impress\u00e3o<\/h1>\t\t\t\t<\/div>\n\t\t\t\t<div class=\"elementor-element elementor-element-dbc0267 elementor-widget elementor-widget-erecht24\" data-id=\"dbc0267\" data-element_type=\"widget\" data-e-type=\"widget\" data-widget_type=\"erecht24.default\">\n\t\t\t\t<div class=\"elementor-widget-container\">\n\t\t\t\t\t<div class=\"erecht24-elementor-widget\"><div style=\"word-wrap: break-word;\">\n\n<p>Armin Hamma<br \/>\nArmin Hamma Umwelttechnik<br \/>\nKettelerstra&szlig;e 44-46<br \/>\n78532 Tuttlingen<\/p>\n\n<h2>Kontakt<\/h2>\n<p>Telefon: +49 7461 96599-0<br \/>\nTelefax: +49 7461 96599-49<br \/>\nE-Mail: info@hamma-uwt.de<\/p>\n\n<h2>Umsatzsteuer-ID<\/h2>\n<p>Umsatzsteuer-Identifikationsnummer gem&auml;&szlig; &sect; 27 a Umsatzsteuergesetz:<br \/>\nDE813445660<\/p>\n\n<h2>Verbraucher&shy;streit&shy;beilegung\/Universal&shy;schlichtungs&shy;stelle<\/h2>\n<p>Wir sind nicht bereit oder verpflichtet, an Streitbeilegungsverfahren vor einer Verbraucherschlichtungsstelle teilzunehmen.<\/p><\/div><\/div>\t\t\t\t<\/div>\n\t\t\t\t<\/div>\n\t\t\t\t<\/div>\n\t\t<div class=\"elementor-element elementor-element-b131b6a e-con-full e-flex e-con e-child\" data-id=\"b131b6a\" data-element_type=\"container\" data-e-type=\"container\" data-settings=\"{&quot;background_background&quot;:&quot;classic&quot;,&quot;jet_parallax_layout_list&quot;:[]}\">\n\t\t\t\t<div class=\"elementor-element elementor-element-9d7fe96 elementor-widget elementor-widget-text-editor\" data-id=\"9d7fe96\" data-element_type=\"widget\" data-e-type=\"widget\" data-widget_type=\"text-editor.default\">\n\t\t\t\t\t\t\t\t\t<p><strong>N\u00famero <sup>D-U-N-S\u00ae<\/sup><br><\/strong>N\u00famero de registo: 342751662<\/p><p><strong>WEEE<br><\/strong>N\u00famero de registo: DE11730451<\/p><p><strong>LUCID<br><\/strong>N\u00famero de registo: DE3537499563444<\/p>\t\t\t\t\t\t\t\t<\/div>\n\t\t\t\t<\/div>\n\t\t\t\t\t<\/div>\n\t\t\t\t<\/div>\n\t\t<div class=\"elementor-element elementor-element-d44c037 e-flex e-con-boxed e-con e-parent\" data-id=\"d44c037\" data-element_type=\"container\" data-e-type=\"container\" data-settings=\"{&quot;jet_parallax_layout_list&quot;:[]}\">\n\t\t\t\t\t<div class=\"e-con-inner\">\n\t\t\t\t\t<\/div>\n\t\t\t\t<\/div>\n\t\t\t\t<\/div>\n\t\t","protected":false},"excerpt":{"rendered":"<p>Impress\u00e3o Armin Hamma Armin Hamma Umwelttechnik Kettelerstra&szlig;e 44-46 78532 Tuttlingen Kontakt Telefon: +49 7461 96599-0 Telefax: +49 7461 96599-49 E-Mail: info@hamma-uwt.de Umsatzsteuer-ID Umsatzsteuer-Identifikationsnummer gem&auml;&szlig; &sect; 27 a Umsatzsteuergesetz: DE813445660 Verbraucher&shy;streit&shy;beilegung\/Universal&shy;schlichtungs&shy;stelle Wir sind nicht bereit oder verpflichtet, an Streitbeilegungsverfahren vor einer Verbraucherschlichtungsstelle teilzunehmen. N\u00famero D-U-N-S\u00aeN\u00famero de registo: 342751662 WEEEN\u00famero de registo: DE11730451 LUCIDN\u00famero de registo: DE3537499563444<\/p>\n","protected":false},"author":3,"featured_media":0,"parent":0,"menu_order":1000,"comment_status":"closed","ping_status":"closed","template":"","meta":{"_acf_changed":false,"footnotes":""},"class_list":["post-23619","page","type-page","status-publish","hentry"],"acf":[],"_links":{"self":[{"href":"https:\/\/hamma-uwt.de\/pt-pt\/wp-json\/wp\/v2\/pages\/23619","targetHints":{"allow":["GET"]}}],"collection":[{"href":"https:\/\/hamma-uwt.de\/pt-pt\/wp-json\/wp\/v2\/pages"}],"about":[{"href":"https:\/\/hamma-uwt.de\/pt-pt\/wp-json\/wp\/v2\/types\/page"}],"author":[{"embeddable":true,"href":"https:\/\/hamma-uwt.de\/pt-pt\/wp-json\/wp\/v2\/users\/3"}],"replies":[{"embeddable":true,"href":"https:\/\/hamma-uwt.de\/pt-pt\/wp-json\/wp\/v2\/comments?post=23619"}],"version-history":[{"count":1,"href":"https:\/\/hamma-uwt.de\/pt-pt\/wp-json\/wp\/v2\/pages\/23619\/revisions"}],"predecessor-version":[{"id":23624,"href":"https:\/\/hamma-uwt.de\/pt-pt\/wp-json\/wp\/v2\/pages\/23619\/revisions\/23624"}],"wp:attachment":[{"href":"https:\/\/hamma-uwt.de\/pt-pt\/wp-json\/wp\/v2\/media?parent=23619"}],"curies":[{"name":"wp","href":"https:\/\/api.w.org\/{rel}","templated":true}]}}