{"id":24983,"date":"2025-04-11T13:47:23","date_gmt":"2025-04-11T11:47:23","guid":{"rendered":"https:\/\/hamma-uwt.de\/servico\/"},"modified":"2026-04-15T11:19:53","modified_gmt":"2026-04-15T09:19:53","slug":"servico","status":"publish","type":"page","link":"https:\/\/hamma-uwt.de\/pt-pt\/servico\/","title":{"rendered":"Servi\u00e7o"},"content":{"rendered":"\t\t<div data-elementor-type=\"wp-page\" data-elementor-id=\"24983\" class=\"elementor elementor-24983 elementor-37\" data-elementor-post-type=\"page\">\n\t\t\t\t<div class=\"elementor-element elementor-element-3101cb4 e-flex e-con-boxed e-con e-parent\" data-id=\"3101cb4\" data-element_type=\"container\" data-e-type=\"container\" data-settings=\"{&quot;background_background&quot;:&quot;classic&quot;,&quot;jet_parallax_layout_list&quot;:[]}\">\n\t\t\t\t\t<div class=\"e-con-inner\">\n\t\t<div class=\"elementor-element elementor-element-d29d8c0 e-con-full e-flex e-con e-child\" data-id=\"d29d8c0\" data-element_type=\"container\" data-e-type=\"container\" data-settings=\"{&quot;jet_parallax_layout_list&quot;:[]}\">\n\t\t\t\t<div class=\"elementor-element elementor-element-bdf39cb elementor-widget elementor-widget-heading\" data-id=\"bdf39cb\" data-element_type=\"widget\" data-e-type=\"widget\" data-widget_type=\"heading.default\">\n\t\t\t\t\t<h1 class=\"elementor-heading-title elementor-size-default\">SERVI\u00c7O<\/h1>\t\t\t\t<\/div>\n\t\t\t\t<div class=\"elementor-element elementor-element-f992e32 elementor-widget elementor-widget-text-editor\" data-id=\"f992e32\" data-element_type=\"widget\" data-e-type=\"widget\" data-widget_type=\"text-editor.default\">\n\t\t\t\t\t\t\t\t\t<p>Aqui encontrar\u00e1s tudo sobre os nossos produtos.<\/p>\t\t\t\t\t\t\t\t<\/div>\n\t\t\t\t<\/div>\n\t\t\t\t<div class=\"elementor-element elementor-element-9df908a elementor-widget elementor-widget-image\" data-id=\"9df908a\" data-element_type=\"widget\" data-e-type=\"widget\" data-widget_type=\"image.default\">\n\t\t\t\t\t\t\t\t\t\t\t\t\t\t\t<img fetchpriority=\"high\" decoding=\"async\" width=\"539\" height=\"1000\" src=\"https:\/\/hamma-uwt.de\/wp-content\/uploads\/Servicefrog-Modeling-008a-free.png\" class=\"attachment-large size-large wp-image-24984\" alt=\"\" srcset=\"https:\/\/hamma-uwt.de\/wp-content\/uploads\/Servicefrog-Modeling-008a-free.png 539w, https:\/\/hamma-uwt.de\/wp-content\/uploads\/Servicefrog-Modeling-008a-free-162x300.png 162w\" sizes=\"(max-width: 539px) 100vw, 539px\" \/>\t\t\t\t\t\t\t\t\t\t\t\t\t\t\t<\/div>\n\t\t\t\t\t<\/div>\n\t\t\t\t<\/div>\n\t\t<div class=\"elementor-element elementor-element-9dcc97e e-flex e-con-boxed e-con e-parent\" data-id=\"9dcc97e\" data-element_type=\"container\" data-e-type=\"container\" data-settings=\"{&quot;jet_parallax_layout_list&quot;:[]}\">\n\t\t\t\t\t<div class=\"e-con-inner\">\n\t\t<div class=\"elementor-element elementor-element-0373ef4 e-con-full e-flex e-con e-child\" data-id=\"0373ef4\" data-element_type=\"container\" data-e-type=\"container\" data-settings=\"{&quot;background_background&quot;:&quot;classic&quot;,&quot;jet_parallax_layout_list&quot;:[]}\">\n\t\t\t\t<div class=\"elementor-element elementor-element-9767d9c elementor-widget elementor-widget-heading\" data-id=\"9767d9c\" data-element_type=\"widget\" data-e-type=\"widget\" data-widget_type=\"heading.default\">\n\t\t\t\t\t<h3 class=\"elementor-heading-title elementor-size-default\">Transfer\u00eancias<\/h3>\t\t\t\t<\/div>\n\t\t\t\t<div class=\"elementor-element elementor-element-95a4dbe elementor-widget elementor-widget-text-editor\" data-id=\"95a4dbe\" data-element_type=\"widget\" data-e-type=\"widget\" data-widget_type=\"text-editor.default\">\n\t\t\t\t\t\t\t\t\t<div class=\"n module-type-matrix diyfeLiveArea \"><div class=\"diyfeModGridGroup diyfeModGrid2\"><div class=\"diyfeModGridElement diyfeModGridCol66\"><div class=\"diyfeModGridContent\"><div id=\"matrix_1025890055\" class=\"sortable-matrix-child\" data-matrixid=\"1025890055\"><div class=\"n module-type-text diyfeLiveArea \"><p>Guias de utiliza\u00e7\u00e3o e de consulta r\u00e1pida, descri\u00e7\u00f5es de produtos e outros documentos relacionados com os nossos produtos.<\/p><\/div><\/div><\/div><\/div><\/div><\/div>\t\t\t\t\t\t\t\t<\/div>\n\t\t\t\t<div class=\"elementor-element elementor-element-d5f9abb ham-btn elementor-widget elementor-widget-button\" data-id=\"d5f9abb\" data-element_type=\"widget\" data-e-type=\"widget\" data-widget_type=\"button.default\">\n\t\t\t\t\t\t\t\t\t\t<a class=\"elementor-button elementor-button-link elementor-size-sm\" href=\"https:\/\/hamma-uwt.de\/pt-pt\/transferencias\/\">\n\t\t\t\t\t\t<span class=\"elementor-button-content-wrapper\">\n\t\t\t\t\t\t\t\t\t<span class=\"elementor-button-text\">Mais informa\u00e7\u00f5es<\/span>\n\t\t\t\t\t<\/span>\n\t\t\t\t\t<\/a>\n\t\t\t\t\t\t\t\t<\/div>\n\t\t\t\t<\/div>\n\t\t<div class=\"elementor-element elementor-element-12e7f45 e-con-full e-flex e-con e-child\" data-id=\"12e7f45\" data-element_type=\"container\" data-e-type=\"container\" data-settings=\"{&quot;background_background&quot;:&quot;classic&quot;,&quot;jet_parallax_layout_list&quot;:[]}\">\n\t\t\t\t<div class=\"elementor-element elementor-element-0442579 elementor-widget elementor-widget-heading\" data-id=\"0442579\" data-element_type=\"widget\" data-e-type=\"widget\" data-widget_type=\"heading.default\">\n\t\t\t\t\t<h3 class=\"elementor-heading-title elementor-size-default\">FAQ<\/h3>\t\t\t\t<\/div>\n\t\t\t\t<div class=\"elementor-element elementor-element-b2314fa elementor-widget elementor-widget-text-editor\" data-id=\"b2314fa\" data-element_type=\"widget\" data-e-type=\"widget\" data-widget_type=\"text-editor.default\">\n\t\t\t\t\t\t\t\t\t<p>Aqui encontrar\u00e1s respostas a perguntas frequentes.<\/p>\t\t\t\t\t\t\t\t<\/div>\n\t\t\t\t<div class=\"elementor-element elementor-element-3e3ae05 ham-btn elementor-widget elementor-widget-button\" data-id=\"3e3ae05\" data-element_type=\"widget\" data-e-type=\"widget\" data-widget_type=\"button.default\">\n\t\t\t\t\t\t\t\t\t\t<a class=\"elementor-button elementor-button-link elementor-size-sm\" href=\"https:\/\/hamma-uwt.de\/pt-pt\/servico\/faq\/\">\n\t\t\t\t\t\t<span class=\"elementor-button-content-wrapper\">\n\t\t\t\t\t\t\t\t\t<span class=\"elementor-button-text\">Mais informa\u00e7\u00f5es<\/span>\n\t\t\t\t\t<\/span>\n\t\t\t\t\t<\/a>\n\t\t\t\t\t\t\t\t<\/div>\n\t\t\t\t<\/div>\n\t\t<div class=\"elementor-element elementor-element-6d237b9 e-con-full e-flex e-con e-child\" data-id=\"6d237b9\" data-element_type=\"container\" data-e-type=\"container\" data-settings=\"{&quot;background_background&quot;:&quot;classic&quot;,&quot;jet_parallax_layout_list&quot;:[]}\">\n\t\t\t\t<div class=\"elementor-element elementor-element-016be6b elementor-widget elementor-widget-heading\" data-id=\"016be6b\" data-element_type=\"widget\" data-e-type=\"widget\" data-widget_type=\"heading.default\">\n\t\t\t\t\t<h3 class=\"elementor-heading-title elementor-size-default\">GTC<\/h3>\t\t\t\t<\/div>\n\t\t\t\t<div class=\"elementor-element elementor-element-d00adc9 elementor-widget elementor-widget-text-editor\" data-id=\"d00adc9\" data-element_type=\"widget\" data-e-type=\"widget\" data-widget_type=\"text-editor.default\">\n\t\t\t\t\t\t\t\t\t<div class=\"n module-type-spacer diyfeLiveArea \"><div class=\"the-spacer id5799633250\">Aqui encontras as nossas Condi\u00e7\u00f5es Gerais de Venda.<\/div><\/div>\t\t\t\t\t\t\t\t<\/div>\n\t\t\t\t<div class=\"elementor-element elementor-element-921fcec ham-btn elementor-widget elementor-widget-button\" data-id=\"921fcec\" data-element_type=\"widget\" data-e-type=\"widget\" data-widget_type=\"button.default\">\n\t\t\t\t\t\t\t\t\t\t<a class=\"elementor-button elementor-button-link elementor-size-sm\" href=\"https:\/\/hamma-uwt.de\/pt-pt\/servico\/gtc\/\">\n\t\t\t\t\t\t<span class=\"elementor-button-content-wrapper\">\n\t\t\t\t\t\t\t\t\t<span class=\"elementor-button-text\">Mais informa\u00e7\u00f5es<\/span>\n\t\t\t\t\t<\/span>\n\t\t\t\t\t<\/a>\n\t\t\t\t\t\t\t\t<\/div>\n\t\t\t\t<\/div>\n\t\t\t\t\t<\/div>\n\t\t\t\t<\/div>\n\t\t<div class=\"elementor-element elementor-element-2cba74a e-flex e-con-boxed e-con e-parent\" data-id=\"2cba74a\" data-element_type=\"container\" data-e-type=\"container\" data-settings=\"{&quot;jet_parallax_layout_list&quot;:[]}\">\n\t\t\t\t\t<div class=\"e-con-inner\">\n\t\t\t\t<div class=\"elementor-element elementor-element-1b1720b elementor-widget elementor-widget-heading\" data-id=\"1b1720b\" data-element_type=\"widget\" data-e-type=\"widget\" data-widget_type=\"heading.default\">\n\t\t\t\t\t<h2 class=\"elementor-heading-title elementor-size-default\">O nosso servi\u00e7o - para que tires o melhor partido dos teus produtos Hamma<br> \n<\/h2>\t\t\t\t<\/div>\n\t\t\t\t<div class=\"elementor-element elementor-element-757360e elementor-widget elementor-widget-text-editor\" data-id=\"757360e\" data-element_type=\"widget\" data-e-type=\"widget\" data-widget_type=\"text-editor.default\">\n\t\t\t\t\t\t\t\t\t<p>Como empresa familiar, n\u00e3o nos preocupamos apenas com a qualidade dos nossos produtos, mas tamb\u00e9m com o cuidado dos nossos clientes. Na nossa \u00e1rea de assist\u00eancia encontra todas as informa\u00e7\u00f5es importantes sobre as nossas solu\u00e7\u00f5es para o tratamento de lubrificantes de refrigera\u00e7\u00e3o - desde instru\u00e7\u00f5es de funcionamento e descri\u00e7\u00f5es de produtos a perguntas frequentes e aos nossos termos e condi\u00e7\u00f5es gerais. <\/p><p>Quer se trate da misturadora MISCEO, do arejador MIKRO, do escumador RAPID ou do CLEAN-TOWER - para cada um dos nossos produtos, colocamos \u00e0 tua disposi\u00e7\u00e3o uma vasta documenta\u00e7\u00e3o para download. Isto significa que tens sempre \u00e0 m\u00e3o instru\u00e7\u00f5es, guias r\u00e1pidos, fichas t\u00e9cnicas e outros documentos. Na nossa sec\u00e7\u00e3o FAQ, respondemos \u00e0s perguntas mais frequentes sobre o funcionamento, a manuten\u00e7\u00e3o e a utiliza\u00e7\u00e3o da nossa tecnologia de manuten\u00e7\u00e3o. Se necessitares de mais apoio, estamos naturalmente tamb\u00e9m \u00e0 tua disposi\u00e7\u00e3o pessoalmente.   <\/p><p>A Armin Hamma Umwelttechnik est\u00e1 certificada de acordo com a norma DIN EN ISO 9001:2015 - uma promessa de qualidade que abrange toda a nossa gama de servi\u00e7os: desde o desenvolvimento e produ\u00e7\u00e3o at\u00e9 \u00e0 assist\u00eancia.<\/p>\t\t\t\t\t\t\t\t<\/div>\n\t\t\t\t\t<\/div>\n\t\t\t\t<\/div>\n\t\t\t\t<\/div>\n\t\t","protected":false},"excerpt":{"rendered":"<p>SERVI\u00c7O Aqui encontrar\u00e1s tudo sobre os nossos produtos. Transfer\u00eancias Guias de utiliza\u00e7\u00e3o e de consulta r\u00e1pida, descri\u00e7\u00f5es de produtos e outros documentos relacionados com os nossos produtos. Mais informa\u00e7\u00f5es FAQ Aqui encontrar\u00e1s respostas a perguntas frequentes. Mais informa\u00e7\u00f5es GTC Aqui encontras as nossas Condi\u00e7\u00f5es Gerais de Venda. Mais informa\u00e7\u00f5es O nosso servi\u00e7o - para que [&hellip;]<\/p>\n","protected":false},"author":3,"featured_media":0,"parent":0,"menu_order":40,"comment_status":"closed","ping_status":"closed","template":"","meta":{"_acf_changed":false,"footnotes":""},"class_list":["post-24983","page","type-page","status-publish","hentry"],"acf":[],"_links":{"self":[{"href":"https:\/\/hamma-uwt.de\/pt-pt\/wp-json\/wp\/v2\/pages\/24983","targetHints":{"allow":["GET"]}}],"collection":[{"href":"https:\/\/hamma-uwt.de\/pt-pt\/wp-json\/wp\/v2\/pages"}],"about":[{"href":"https:\/\/hamma-uwt.de\/pt-pt\/wp-json\/wp\/v2\/types\/page"}],"author":[{"embeddable":true,"href":"https:\/\/hamma-uwt.de\/pt-pt\/wp-json\/wp\/v2\/users\/3"}],"replies":[{"embeddable":true,"href":"https:\/\/hamma-uwt.de\/pt-pt\/wp-json\/wp\/v2\/comments?post=24983"}],"version-history":[{"count":1,"href":"https:\/\/hamma-uwt.de\/pt-pt\/wp-json\/wp\/v2\/pages\/24983\/revisions"}],"predecessor-version":[{"id":24987,"href":"https:\/\/hamma-uwt.de\/pt-pt\/wp-json\/wp\/v2\/pages\/24983\/revisions\/24987"}],"wp:attachment":[{"href":"https:\/\/hamma-uwt.de\/pt-pt\/wp-json\/wp\/v2\/media?parent=24983"}],"curies":[{"name":"wp","href":"https:\/\/api.w.org\/{rel}","templated":true}]}}