{"id":24988,"date":"2025-04-11T13:47:06","date_gmt":"2025-04-11T11:47:06","guid":{"rendered":"https:\/\/hamma-uwt.de\/eliminacao-de-residuos\/"},"modified":"2026-04-15T11:19:59","modified_gmt":"2026-04-15T09:19:59","slug":"eliminacao-de-residuos","status":"publish","type":"page","link":"https:\/\/hamma-uwt.de\/pt-pt\/eliminacao-de-residuos\/","title":{"rendered":"Elimina\u00e7\u00e3o de res\u00edduos"},"content":{"rendered":"\t\t<div data-elementor-type=\"wp-page\" data-elementor-id=\"24988\" class=\"elementor elementor-24988 elementor-33\" data-elementor-post-type=\"page\">\n\t\t\t\t<div class=\"elementor-element elementor-element-0562d8c e-flex e-con-boxed e-con e-parent\" data-id=\"0562d8c\" data-element_type=\"container\" data-e-type=\"container\" data-settings=\"{&quot;background_background&quot;:&quot;classic&quot;,&quot;jet_parallax_layout_list&quot;:[]}\">\n\t\t\t\t\t<div class=\"e-con-inner\">\n\t\t<div class=\"elementor-element elementor-element-6863982 e-con-full e-flex e-con e-child\" data-id=\"6863982\" data-element_type=\"container\" data-e-type=\"container\" data-settings=\"{&quot;jet_parallax_layout_list&quot;:[]}\">\n\t\t\t\t<div class=\"elementor-element elementor-element-b4a9ebb elementor-widget elementor-widget-heading\" data-id=\"b4a9ebb\" data-element_type=\"widget\" data-e-type=\"widget\" data-widget_type=\"heading.default\">\n\t\t\t\t\t<h1 class=\"elementor-heading-title elementor-size-default\">Reciclagem e elimina\u00e7\u00e3o\n<\/h1>\t\t\t\t<\/div>\n\t\t\t\t<div class=\"elementor-element elementor-element-83a3a0b elementor-widget elementor-widget-text-editor\" data-id=\"83a3a0b\" data-element_type=\"widget\" data-e-type=\"widget\" data-widget_type=\"text-editor.default\">\n\t\t\t\t\t\t\t\t\t<p><strong>Fabrico com responsabilidade<\/strong><\/p><p>Como fabricante de tecnologia de lubrificantes de refrigera\u00e7\u00e3o, estamos conscientes da nossa responsabilidade. Fabricamos, embalamos, reciclamos e eliminamos os nossos produtos com um elevado n\u00edvel de responsabilidade pessoal, moralidade e a maior sustentabilidade poss\u00edvel. Ajuda-nos a manter os materiais recicl\u00e1veis no ciclo.  <\/p>\t\t\t\t\t\t\t\t<\/div>\n\t\t\t\t<div class=\"elementor-element elementor-element-e178daf elementor-widget elementor-widget-text-editor\" data-id=\"e178daf\" data-element_type=\"widget\" data-e-type=\"widget\" data-widget_type=\"text-editor.default\">\n\t\t\t\t\t\t\t\t\t<p><strong>Juntos por um futuro saud\u00e1vel e sustent\u00e1vel.<\/strong><\/p>\t\t\t\t\t\t\t\t<\/div>\n\t\t\t\t<\/div>\n\t\t\t\t\t<\/div>\n\t\t\t\t<\/div>\n\t\t<div class=\"elementor-element elementor-element-8f43e42 e-flex e-con-boxed e-con e-parent\" data-id=\"8f43e42\" data-element_type=\"container\" data-e-type=\"container\" data-settings=\"{&quot;jet_parallax_layout_list&quot;:[]}\">\n\t\t\t\t\t<div class=\"e-con-inner\">\n\t\t<div class=\"elementor-element elementor-element-ff5ee9e e-con-full e-flex e-con e-child\" data-id=\"ff5ee9e\" data-element_type=\"container\" data-e-type=\"container\" data-settings=\"{&quot;jet_parallax_layout_list&quot;:[]}\">\n\t\t\t\t<div class=\"elementor-element elementor-element-0964308 elementor-widget elementor-widget-heading\" data-id=\"0964308\" data-element_type=\"widget\" data-e-type=\"widget\" data-widget_type=\"heading.default\">\n\t\t\t\t\t<h2 class=\"elementor-heading-title elementor-size-default\">REEE - Res\u00edduos de equipamentos el\u00e9ctricos e electr\u00f3nicos<\/h2>\t\t\t\t<\/div>\n\t\t\t\t<\/div>\n\t\t\t\t\t<\/div>\n\t\t\t\t<\/div>\n\t\t<div class=\"elementor-element elementor-element-a3fef75 e-flex e-con-boxed e-con e-parent\" data-id=\"a3fef75\" data-element_type=\"container\" data-e-type=\"container\" data-settings=\"{&quot;jet_parallax_layout_list&quot;:[]}\">\n\t\t\t\t\t<div class=\"e-con-inner\">\n\t\t<div class=\"elementor-element elementor-element-c45246c e-con-full e-flex e-con e-child\" data-id=\"c45246c\" data-element_type=\"container\" data-e-type=\"container\" data-settings=\"{&quot;jet_parallax_layout_list&quot;:[]}\">\n\t\t\t\t<div class=\"elementor-element elementor-element-02b0f6c elementor-widget elementor-widget-text-editor\" data-id=\"02b0f6c\" data-element_type=\"widget\" data-e-type=\"widget\" data-widget_type=\"text-editor.default\">\n\t\t\t\t\t\t\t\t\t<p data-start=\"310\" data-end=\"471\">dados<\/p>\t\t\t\t\t\t\t\t<\/div>\n\t\t\t\t<div class=\"elementor-element elementor-element-0fdc2f9 elementor-widget elementor-widget-text-editor\" data-id=\"0fdc2f9\" data-element_type=\"widget\" data-e-type=\"widget\" data-widget_type=\"text-editor.default\">\n\t\t\t\t\t\t\t\t\t<p>Empresa: Armin Hamma Umwelttechnik<br>N\u00famero de registo: DE11730451<\/p><p>Tipo de aparelho: Pequenos electrodom\u00e9sticos para uso exclusivo em casas que n\u00e3o sejam casas particulares<br>Listado desde: 08\/02\/2023<\/p><p>Tipo de aparelho: Grandes electrodom\u00e9sticos para uso exclusivo em casas que n\u00e3o sejam casas particulares<br>Listado em: 23\/03\/2023<\/p>\t\t\t\t\t\t\t\t<\/div>\n\t\t\t\t<div class=\"elementor-element elementor-element-78a2c2e elementor-widget elementor-widget-spacer\" data-id=\"78a2c2e\" data-element_type=\"widget\" data-e-type=\"widget\" data-widget_type=\"spacer.default\">\n\t\t\t\t\t\t\t<div class=\"elementor-spacer\">\n\t\t\t<div class=\"elementor-spacer-inner\"><\/div>\n\t\t<\/div>\n\t\t\t\t\t\t<\/div>\n\t\t\t\t<div class=\"elementor-element elementor-element-eacc8be elementor-widget elementor-widget-text-editor\" data-id=\"eacc8be\" data-element_type=\"widget\" data-e-type=\"widget\" data-widget_type=\"text-editor.default\">\n\t\t\t\t\t\t\t\t\t<p data-start=\"310\" data-end=\"471\">Coloca<\/p>\t\t\t\t\t\t\t\t<\/div>\n\t\t\t\t<div class=\"elementor-element elementor-element-a613123 elementor-widget elementor-widget-text-editor\" data-id=\"a613123\" data-element_type=\"widget\" data-e-type=\"widget\" data-widget_type=\"text-editor.default\">\n\t\t\t\t\t\t\t\t\t<p>Stiftung elektro-altger\u00e4te register<br>Nordostpark 72<br>90411 Nuremberga<br>Alemanha<\/p><p><a href=\"https:\/\/www.stiftung-ear.de\" target=\"_blank\" rel=\"noopener\">www.stiftung-ear.de<\/a><\/p>\t\t\t\t\t\t\t\t<\/div>\n\t\t\t\t<div class=\"elementor-element elementor-element-6954829 elementor-widget elementor-widget-spacer\" data-id=\"6954829\" data-element_type=\"widget\" data-e-type=\"widget\" data-widget_type=\"spacer.default\">\n\t\t\t\t\t\t\t<div class=\"elementor-spacer\">\n\t\t\t<div class=\"elementor-spacer-inner\"><\/div>\n\t\t<\/div>\n\t\t\t\t\t\t<\/div>\n\t\t\t\t<div class=\"elementor-element elementor-element-a444610 elementor-widget elementor-widget-text-editor\" data-id=\"a444610\" data-element_type=\"widget\" data-e-type=\"widget\" data-widget_type=\"text-editor.default\">\n\t\t\t\t\t\t\t\t\t<p data-start=\"310\" data-end=\"471\">Breve informa\u00e7\u00e3o<\/p>\t\t\t\t\t\t\t\t<\/div>\n\t\t\t\t<div class=\"elementor-element elementor-element-8c771be elementor-widget elementor-widget-text-editor\" data-id=\"8c771be\" data-element_type=\"widget\" data-e-type=\"widget\" data-widget_type=\"text-editor.default\">\n\t\t\t\t\t\t\t\t\t<p>A Diretiva REEE visa prevenir os res\u00edduos de equipamentos el\u00e9ctricos e electr\u00f3nicos e reduzir esses res\u00edduos atrav\u00e9s da reutiliza\u00e7\u00e3o, reciclagem e outras formas de recupera\u00e7\u00e3o. Estabelece normas m\u00ednimas para o tratamento de res\u00edduos de equipamentos el\u00e9ctricos e electr\u00f3nicos na UE, a fim de contribuir para o desenvolvimento sustent\u00e1vel a longo prazo. <\/p>\t\t\t\t\t\t\t\t<\/div>\n\t\t\t\t<div class=\"elementor-element elementor-element-5a4880c elementor-widget elementor-widget-spacer\" data-id=\"5a4880c\" data-element_type=\"widget\" data-e-type=\"widget\" data-widget_type=\"spacer.default\">\n\t\t\t\t\t\t\t<div class=\"elementor-spacer\">\n\t\t\t<div class=\"elementor-spacer-inner\"><\/div>\n\t\t<\/div>\n\t\t\t\t\t\t<\/div>\n\t\t\t\t<div class=\"elementor-element elementor-element-4648746 elementor-widget elementor-widget-text-editor\" data-id=\"4648746\" data-element_type=\"widget\" data-e-type=\"widget\" data-widget_type=\"text-editor.default\">\n\t\t\t\t\t\t\t\t\t<p data-start=\"310\" data-end=\"471\">Conceito de retoma<\/p>\t\t\t\t\t\t\t\t<\/div>\n\t\t\t\t<div class=\"elementor-element elementor-element-6744383 elementor-widget elementor-widget-text-editor\" data-id=\"6744383\" data-element_type=\"widget\" data-e-type=\"widget\" data-widget_type=\"text-editor.default\">\n\t\t\t\t\t\t\t\t\t<p>Se o dispositivo adquirido tiver chegado ao fim da sua vida \u00fatil e j\u00e1 n\u00e3o precisares dele, podes envi\u00e1-lo em condi\u00e7\u00f5es razo\u00e1veis para o seguinte endere\u00e7o para reciclagem\/elimina\u00e7\u00e3o.  <\/p>\t\t\t\t\t\t\t\t<\/div>\n\t\t\t\t<\/div>\n\t\t<div class=\"elementor-element elementor-element-47babaa e-con-full e-flex e-con e-child\" data-id=\"47babaa\" data-element_type=\"container\" data-e-type=\"container\" data-settings=\"{&quot;jet_parallax_layout_list&quot;:[]}\">\n\t\t<div class=\"elementor-element elementor-element-188eee5 e-con-full e-flex e-con e-child\" data-id=\"188eee5\" data-element_type=\"container\" data-e-type=\"container\" data-settings=\"{&quot;background_background&quot;:&quot;classic&quot;,&quot;jet_parallax_layout_list&quot;:[]}\">\n\t\t\t\t<div class=\"elementor-element elementor-element-91e3af9 elementor-widget elementor-widget-heading\" data-id=\"91e3af9\" data-element_type=\"widget\" data-e-type=\"widget\" data-widget_type=\"heading.default\">\n\t\t\t\t\t<h3 class=\"elementor-heading-title elementor-size-default\">Transfer\u00eancias<\/h3>\t\t\t\t<\/div>\n\t\t\t\t<div class=\"elementor-element elementor-element-95b0713 elementor-align-justify ham-btn elementor-widget elementor-widget-button\" data-id=\"95b0713\" data-element_type=\"widget\" data-e-type=\"widget\" data-widget_type=\"button.default\">\n\t\t\t\t\t\t\t\t\t\t<a class=\"elementor-button elementor-button-link elementor-size-sm\" href=\"https:\/\/hamma-uwt.de\/wp-content\/uploads\/Information-zu-WEEE-Stand-B-08.02.2023.pdf\" target=\"_blank\">\n\t\t\t\t\t\t<span class=\"elementor-button-content-wrapper\">\n\t\t\t\t\t\t\t\t\t<span class=\"elementor-button-text\">Informa\u00e7\u00f5es sobre REEE<\/span>\n\t\t\t\t\t<\/span>\n\t\t\t\t\t<\/a>\n\t\t\t\t\t\t\t\t<\/div>\n\t\t\t\t<div class=\"elementor-element elementor-element-866a5db elementor-align-justify ham-btn elementor-widget elementor-widget-button\" data-id=\"866a5db\" data-element_type=\"widget\" data-e-type=\"widget\" data-widget_type=\"button.default\">\n\t\t\t\t\t\t\t\t\t\t<a class=\"elementor-button elementor-button-link elementor-size-sm\" href=\"https:\/\/hamma-uwt.de\/wp-content\/uploads\/Zusatzinformationen-AKKU_BATTERIE-zu-WEEE-Stand-A-22.02.2023.pdf\" target=\"_blank\">\n\t\t\t\t\t\t<span class=\"elementor-button-content-wrapper\">\n\t\t\t\t\t\t\t\t\t<span class=\"elementor-button-text\">Informa\u00e7\u00f5es adicionais sobre a bateria recarreg\u00e1vel e a bateria<\/span>\n\t\t\t\t\t<\/span>\n\t\t\t\t\t<\/a>\n\t\t\t\t\t\t\t\t<\/div>\n\t\t\t\t<div class=\"elementor-element elementor-element-0a6acf8 elementor-align-justify ham-btn elementor-widget elementor-widget-button\" data-id=\"0a6acf8\" data-element_type=\"widget\" data-e-type=\"widget\" data-widget_type=\"button.default\">\n\t\t\t\t\t\t\t\t\t\t<a class=\"elementor-button elementor-button-link elementor-size-sm\" href=\"https:\/\/hamma-uwt.de\/wp-content\/uploads\/Geraeteruecksendeschein-WEEE-A.docx\" target=\"_blank\">\n\t\t\t\t\t\t<span class=\"elementor-button-content-wrapper\">\n\t\t\t\t\t\t\t\t\t<span class=\"elementor-button-text\">  Etiqueta de devolu\u00e7\u00e3o dos aparelhos<\/span>\n\t\t\t\t\t<\/span>\n\t\t\t\t\t<\/a>\n\t\t\t\t\t\t\t\t<\/div>\n\t\t\t\t<\/div>\n\t\t\t\t<\/div>\n\t\t\t\t\t<\/div>\n\t\t\t\t<\/div>\n\t\t<div class=\"elementor-element elementor-element-d8d7da7 e-flex e-con-boxed e-con e-parent\" data-id=\"d8d7da7\" data-element_type=\"container\" data-e-type=\"container\" data-settings=\"{&quot;jet_parallax_layout_list&quot;:[]}\">\n\t\t\t\t\t<div class=\"e-con-inner\">\n\t\t<div class=\"elementor-element elementor-element-b0f83d9 e-con-full e-flex e-con e-child\" data-id=\"b0f83d9\" data-element_type=\"container\" data-e-type=\"container\" data-settings=\"{&quot;jet_parallax_layout_list&quot;:[]}\">\n\t\t\t\t<div class=\"elementor-element elementor-element-cf7e074 elementor-widget elementor-widget-heading\" data-id=\"cf7e074\" data-element_type=\"widget\" data-e-type=\"widget\" data-widget_type=\"heading.default\">\n\t\t\t\t\t<h2 class=\"elementor-heading-title elementor-size-default\">LUCID - Registo de embalagens<\/h2>\t\t\t\t<\/div>\n\t\t\t\t<\/div>\n\t\t\t\t\t<\/div>\n\t\t\t\t<\/div>\n\t\t<div class=\"elementor-element elementor-element-4a0e277 e-flex e-con-boxed e-con e-parent\" data-id=\"4a0e277\" data-element_type=\"container\" data-e-type=\"container\" data-settings=\"{&quot;jet_parallax_layout_list&quot;:[]}\">\n\t\t\t\t\t<div class=\"e-con-inner\">\n\t\t<div class=\"elementor-element elementor-element-ce060bc e-con-full e-flex e-con e-child\" data-id=\"ce060bc\" data-element_type=\"container\" data-e-type=\"container\" data-settings=\"{&quot;jet_parallax_layout_list&quot;:[]}\">\n\t\t\t\t<div class=\"elementor-element elementor-element-03a2ad0 elementor-widget elementor-widget-text-editor\" data-id=\"03a2ad0\" data-element_type=\"widget\" data-e-type=\"widget\" data-widget_type=\"text-editor.default\">\n\t\t\t\t\t\t\t\t\t<p data-start=\"310\" data-end=\"471\">dados<\/p>\t\t\t\t\t\t\t\t<\/div>\n\t\t\t\t<div class=\"elementor-element elementor-element-5214613 elementor-widget elementor-widget-text-editor\" data-id=\"5214613\" data-element_type=\"widget\" data-e-type=\"widget\" data-widget_type=\"text-editor.default\">\n\t\t\t\t\t\t\t\t\t<p>Empresa: Armin Hamma Umwelttechnik<br>Gerida a partir de: 01.07.2022<br>N\u00famero de registo: DE3537499563444<\/p>\t\t\t\t\t\t\t\t<\/div>\n\t\t\t\t<div class=\"elementor-element elementor-element-9255b58 elementor-widget elementor-widget-spacer\" data-id=\"9255b58\" data-element_type=\"widget\" data-e-type=\"widget\" data-widget_type=\"spacer.default\">\n\t\t\t\t\t\t\t<div class=\"elementor-spacer\">\n\t\t\t<div class=\"elementor-spacer-inner\"><\/div>\n\t\t<\/div>\n\t\t\t\t\t\t<\/div>\n\t\t\t\t<div class=\"elementor-element elementor-element-71101d6 elementor-widget elementor-widget-text-editor\" data-id=\"71101d6\" data-element_type=\"widget\" data-e-type=\"widget\" data-widget_type=\"text-editor.default\">\n\t\t\t\t\t\t\t\t\t<p data-start=\"310\" data-end=\"471\">Coloca<\/p>\t\t\t\t\t\t\t\t<\/div>\n\t\t\t\t<div class=\"elementor-element elementor-element-b20574a elementor-widget elementor-widget-text-editor\" data-id=\"b20574a\" data-element_type=\"widget\" data-e-type=\"widget\" data-widget_type=\"text-editor.default\">\n\t\t\t\t\t\t\t\t\t<p>Stiftung Zentrale<br>Stelle Verpackungsregister<br>\u00d6wer de Hase 18<br>49074 Osnabr\u00fcck<br>Alemanha<\/p><p><a href=\"https:\/\/lucid.verpackungsregister.org\/\" target=\"_blank\" rel=\"noopener\">lucid.verpackungsregister.org<\/a><\/p>\t\t\t\t\t\t\t\t<\/div>\n\t\t\t\t<div class=\"elementor-element elementor-element-6d41bb5 elementor-widget elementor-widget-spacer\" data-id=\"6d41bb5\" data-element_type=\"widget\" data-e-type=\"widget\" data-widget_type=\"spacer.default\">\n\t\t\t\t\t\t\t<div class=\"elementor-spacer\">\n\t\t\t<div class=\"elementor-spacer-inner\"><\/div>\n\t\t<\/div>\n\t\t\t\t\t\t<\/div>\n\t\t\t\t<div class=\"elementor-element elementor-element-cdf5182 elementor-widget elementor-widget-text-editor\" data-id=\"cdf5182\" data-element_type=\"widget\" data-e-type=\"widget\" data-widget_type=\"text-editor.default\">\n\t\t\t\t\t\t\t\t\t<p data-start=\"310\" data-end=\"471\">Breve informa\u00e7\u00e3o<\/p>\t\t\t\t\t\t\t\t<\/div>\n\t\t\t\t<div class=\"elementor-element elementor-element-1f3c1f7 elementor-widget elementor-widget-text-editor\" data-id=\"1f3c1f7\" data-element_type=\"widget\" data-e-type=\"widget\" data-widget_type=\"text-editor.default\">\n\t\t\t\t\t\t\t\t\t<p>As altera\u00e7\u00f5es \u00e0 lei das embalagens entraram em vigor em 1 de julho de 2022: Os distribuidores iniciais de todos os tipos de embalagens cheias de mercadorias (incluindo embalagens de transporte e embalagens sujeitas a devolu\u00e7\u00e3o e\/ou dep\u00f3sito) devem registar-se e fornecer informa\u00e7\u00f5es sobre as embalagens que utilizam. A obriga\u00e7\u00e3o de registo \u00e9 igualmente nova para os distribuidores finais de embalagens de servi\u00e7o cheias, mesmo que adquiram estas embalagens com a participa\u00e7\u00e3o total do sistema. <\/p>\t\t\t\t\t\t\t\t<\/div>\n\t\t\t\t<\/div>\n\t\t\t\t\t<\/div>\n\t\t\t\t<\/div>\n\t\t<div class=\"elementor-element elementor-element-0d31ed4 e-flex e-con-boxed e-con e-parent\" data-id=\"0d31ed4\" data-element_type=\"container\" data-e-type=\"container\" data-settings=\"{&quot;jet_parallax_layout_list&quot;:[]}\">\n\t\t\t\t\t<div class=\"e-con-inner\">\n\t\t<div class=\"elementor-element elementor-element-1e418ce e-con-full e-flex e-con e-child\" data-id=\"1e418ce\" data-element_type=\"container\" data-e-type=\"container\" data-settings=\"{&quot;jet_parallax_layout_list&quot;:[]}\">\n\t\t\t\t<div class=\"elementor-element elementor-element-30a8a44 elementor-widget elementor-widget-heading\" data-id=\"30a8a44\" data-element_type=\"widget\" data-e-type=\"widget\" data-widget_type=\"heading.default\">\n\t\t\t\t\t<h2 class=\"elementor-heading-title elementor-size-default\">RESY - Sistema de reciclagem<\/h2>\t\t\t\t<\/div>\n\t\t\t\t<\/div>\n\t\t\t\t\t<\/div>\n\t\t\t\t<\/div>\n\t\t<div class=\"elementor-element elementor-element-2605009 e-flex e-con-boxed e-con e-parent\" data-id=\"2605009\" data-element_type=\"container\" data-e-type=\"container\" data-settings=\"{&quot;jet_parallax_layout_list&quot;:[]}\">\n\t\t\t\t\t<div class=\"e-con-inner\">\n\t\t<div class=\"elementor-element elementor-element-84ebf54 e-con-full e-flex e-con e-child\" data-id=\"84ebf54\" data-element_type=\"container\" data-e-type=\"container\" data-settings=\"{&quot;jet_parallax_layout_list&quot;:[]}\">\n\t\t\t\t<div class=\"elementor-element elementor-element-243ac10 elementor-widget elementor-widget-text-editor\" data-id=\"243ac10\" data-element_type=\"widget\" data-e-type=\"widget\" data-widget_type=\"text-editor.default\">\n\t\t\t\t\t\t\t\t\t<p data-start=\"310\" data-end=\"471\">dados<\/p>\t\t\t\t\t\t\t\t<\/div>\n\t\t\t\t<div class=\"elementor-element elementor-element-68ce619 elementor-widget elementor-widget-text-editor\" data-id=\"68ce619\" data-element_type=\"widget\" data-e-type=\"widget\" data-widget_type=\"text-editor.default\">\n\t\t\t\t\t\t\t\t\t<p>Empresa: Armin Hamma Umwelttechnik<\/p>\t\t\t\t\t\t\t\t<\/div>\n\t\t\t\t<div class=\"elementor-element elementor-element-8cd2d58 elementor-widget elementor-widget-spacer\" data-id=\"8cd2d58\" data-element_type=\"widget\" data-e-type=\"widget\" data-widget_type=\"spacer.default\">\n\t\t\t\t\t\t\t<div class=\"elementor-spacer\">\n\t\t\t<div class=\"elementor-spacer-inner\"><\/div>\n\t\t<\/div>\n\t\t\t\t\t\t<\/div>\n\t\t\t\t<div class=\"elementor-element elementor-element-673f050 elementor-widget elementor-widget-text-editor\" data-id=\"673f050\" data-element_type=\"widget\" data-e-type=\"widget\" data-widget_type=\"text-editor.default\">\n\t\t\t\t\t\t\t\t\t<p data-start=\"310\" data-end=\"471\">Coloca<\/p>\t\t\t\t\t\t\t\t<\/div>\n\t\t\t\t<div class=\"elementor-element elementor-element-0eac4fc elementor-widget elementor-widget-text-editor\" data-id=\"0eac4fc\" data-element_type=\"widget\" data-e-type=\"widget\" data-widget_type=\"text-editor.default\">\n\t\t\t\t\t\t\t\t\t<p>RESY<br>Organisation f\u00fcr Wertstoffentsorgung GmbH<br>Hilpertstra\u00dfe 22<br>64295 Darmstadt<br>Alemanha<\/p><p><a href=\"https:\/\/www.resy.de\" target=\"_blank\" rel=\"noopener\">www.resy.de<\/a><\/p>\t\t\t\t\t\t\t\t<\/div>\n\t\t\t\t<div class=\"elementor-element elementor-element-80209fd elementor-widget elementor-widget-spacer\" data-id=\"80209fd\" data-element_type=\"widget\" data-e-type=\"widget\" data-widget_type=\"spacer.default\">\n\t\t\t\t\t\t\t<div class=\"elementor-spacer\">\n\t\t\t<div class=\"elementor-spacer-inner\"><\/div>\n\t\t<\/div>\n\t\t\t\t\t\t<\/div>\n\t\t\t\t<div class=\"elementor-element elementor-element-8389d01 elementor-widget elementor-widget-text-editor\" data-id=\"8389d01\" data-element_type=\"widget\" data-e-type=\"widget\" data-widget_type=\"text-editor.default\">\n\t\t\t\t\t\t\t\t\t<p data-start=\"310\" data-end=\"471\">Breve informa\u00e7\u00e3o<\/p>\t\t\t\t\t\t\t\t<\/div>\n\t\t\t\t<div class=\"elementor-element elementor-element-e1945dc elementor-widget elementor-widget-text-editor\" data-id=\"e1945dc\" data-element_type=\"widget\" data-e-type=\"widget\" data-widget_type=\"text-editor.default\">\n\t\t\t\t\t\t\t\t\t<p>A RESY garante a elimina\u00e7\u00e3o completa e a reciclagem de todas as embalagens de transporte e embalagens exteriores de papel e cart\u00e3o rotuladas com o s\u00edmbolo RESY. Apenas as embalagens de transporte e as embalagens exteriores recicl\u00e1veis de papel e cart\u00e3o podem ostentar o s\u00edmbolo RESY. <\/p>\t\t\t\t\t\t\t\t<\/div>\n\t\t\t\t<div class=\"elementor-element elementor-element-9d3919f elementor-widget elementor-widget-spacer\" data-id=\"9d3919f\" data-element_type=\"widget\" data-e-type=\"widget\" data-widget_type=\"spacer.default\">\n\t\t\t\t\t\t\t<div class=\"elementor-spacer\">\n\t\t\t<div class=\"elementor-spacer-inner\"><\/div>\n\t\t<\/div>\n\t\t\t\t\t\t<\/div>\n\t\t\t\t<div class=\"elementor-element elementor-element-23e21ca elementor-widget elementor-widget-text-editor\" data-id=\"23e21ca\" data-element_type=\"widget\" data-e-type=\"widget\" data-widget_type=\"text-editor.default\">\n\t\t\t\t\t\t\t\t\t<p>O nosso compromisso<\/p>\t\t\t\t\t\t\t\t<\/div>\n\t\t\t\t<div class=\"elementor-element elementor-element-19589bc elementor-widget elementor-widget-text-editor\" data-id=\"19589bc\" data-element_type=\"widget\" data-e-type=\"widget\" data-widget_type=\"text-editor.default\">\n\t\t\t\t\t\t\t\t\t<p>O nosso foco \u00e9 a elevada capacidade de reutiliza\u00e7\u00e3o e reciclagem das nossas embalagens. O sistema RESY desempenha um papel fundamental neste dom\u00ednio. Embalagens seguras - mas sustent\u00e1veis, por favor. As embalagens de cart\u00e3o e a reciclagem s\u00e3o o nosso objetivo para o futuro. Tamb\u00e9m podes ajudar.    <\/p>\t\t\t\t\t\t\t\t<\/div>\n\t\t\t\t<\/div>\n\t\t\t\t\t<\/div>\n\t\t\t\t<\/div>\n\t\t<div class=\"elementor-element elementor-element-6fd808c e-flex e-con-boxed e-con e-parent\" data-id=\"6fd808c\" data-element_type=\"container\" data-e-type=\"container\" data-settings=\"{&quot;jet_parallax_layout_list&quot;:[]}\">\n\t\t\t\t\t<div class=\"e-con-inner\">\n\t\t<div class=\"elementor-element elementor-element-8e36c0a e-con-full e-flex e-con e-child\" data-id=\"8e36c0a\" data-element_type=\"container\" data-e-type=\"container\" data-settings=\"{&quot;jet_parallax_layout_list&quot;:[]}\">\n\t\t\t\t<div class=\"elementor-element elementor-element-8d61c5f elementor-widget-divider--view-line elementor-widget elementor-widget-divider\" data-id=\"8d61c5f\" data-element_type=\"widget\" data-e-type=\"widget\" data-widget_type=\"divider.default\">\n\t\t\t\t\t\t\t<div class=\"elementor-divider\">\n\t\t\t<span class=\"elementor-divider-separator\">\n\t\t\t\t\t\t<\/span>\n\t\t<\/div>\n\t\t\t\t\t\t<\/div>\n\t\t\t\t<div class=\"elementor-element elementor-element-a6dadd9 elementor-widget elementor-widget-text-editor\" data-id=\"a6dadd9\" data-element_type=\"widget\" data-e-type=\"widget\" data-widget_type=\"text-editor.default\">\n\t\t\t\t\t\t\t\t\t<p>Sujeito a altera\u00e7\u00f5es sem aviso pr\u00e9vio.<\/p>\t\t\t\t\t\t\t\t<\/div>\n\t\t\t\t<\/div>\n\t\t\t\t\t<\/div>\n\t\t\t\t<\/div>\n\t\t\t\t<\/div>\n\t\t","protected":false},"excerpt":{"rendered":"<p>Reciclagem e elimina\u00e7\u00e3o Fabrico com responsabilidade Como fabricante de tecnologia de lubrificantes de refrigera\u00e7\u00e3o, estamos conscientes da nossa responsabilidade. Fabricamos, embalamos, reciclamos e eliminamos os nossos produtos com um elevado n\u00edvel de responsabilidade pessoal, moralidade e a maior sustentabilidade poss\u00edvel. Ajuda-nos a manter os materiais recicl\u00e1veis no ciclo. Juntos por um futuro saud\u00e1vel e sustent\u00e1vel. [&hellip;]<\/p>\n","protected":false},"author":3,"featured_media":0,"parent":0,"menu_order":70,"comment_status":"closed","ping_status":"closed","template":"","meta":{"_acf_changed":false,"footnotes":""},"class_list":["post-24988","page","type-page","status-publish","hentry"],"acf":[],"_links":{"self":[{"href":"https:\/\/hamma-uwt.de\/pt-pt\/wp-json\/wp\/v2\/pages\/24988","targetHints":{"allow":["GET"]}}],"collection":[{"href":"https:\/\/hamma-uwt.de\/pt-pt\/wp-json\/wp\/v2\/pages"}],"about":[{"href":"https:\/\/hamma-uwt.de\/pt-pt\/wp-json\/wp\/v2\/types\/page"}],"author":[{"embeddable":true,"href":"https:\/\/hamma-uwt.de\/pt-pt\/wp-json\/wp\/v2\/users\/3"}],"replies":[{"embeddable":true,"href":"https:\/\/hamma-uwt.de\/pt-pt\/wp-json\/wp\/v2\/comments?post=24988"}],"version-history":[{"count":1,"href":"https:\/\/hamma-uwt.de\/pt-pt\/wp-json\/wp\/v2\/pages\/24988\/revisions"}],"predecessor-version":[{"id":24989,"href":"https:\/\/hamma-uwt.de\/pt-pt\/wp-json\/wp\/v2\/pages\/24988\/revisions\/24989"}],"wp:attachment":[{"href":"https:\/\/hamma-uwt.de\/pt-pt\/wp-json\/wp\/v2\/media?parent=24988"}],"curies":[{"name":"wp","href":"https:\/\/api.w.org\/{rel}","templated":true}]}}