{"id":23604,"date":"2025-07-14T11:22:27","date_gmt":"2025-07-14T09:22:27","guid":{"rendered":"https:\/\/hamma-uwt.de\/produkt\/ligacao-da-torneira-de-agua\/"},"modified":"2025-07-14T11:22:27","modified_gmt":"2025-07-14T09:22:27","slug":"ligacao-da-torneira-de-agua","status":"publish","type":"product","link":"https:\/\/hamma-uwt.de\/pt-pt\/produkt\/ligacao-da-torneira-de-agua\/","title":{"rendered":"Liga\u00e7\u00e3o da torneira de \u00e1gua"},"content":{"rendered":"","protected":false},"excerpt":{"rendered":"<p>Rosca interna e externa<\/p>\n","protected":false},"featured_media":2531,"comment_status":"closed","ping_status":"closed","template":"","meta":{"_acf_changed":false},"product_brand":[],"product_cat":[2661],"product_tag":[],"class_list":{"0":"post-23604","1":"product","2":"type-product","3":"status-publish","4":"has-post-thumbnail","6":"product_cat-acessorios-misceo","8":"first","9":"instock","10":"purchasable","11":"product-type-variable"},"acf":[],"_links":{"self":[{"href":"https:\/\/hamma-uwt.de\/pt-pt\/wp-json\/wp\/v2\/product\/23604","targetHints":{"allow":["GET"]}}],"collection":[{"href":"https:\/\/hamma-uwt.de\/pt-pt\/wp-json\/wp\/v2\/product"}],"about":[{"href":"https:\/\/hamma-uwt.de\/pt-pt\/wp-json\/wp\/v2\/types\/product"}],"replies":[{"embeddable":true,"href":"https:\/\/hamma-uwt.de\/pt-pt\/wp-json\/wp\/v2\/comments?post=23604"}],"wp:featuredmedia":[{"embeddable":true,"href":"https:\/\/hamma-uwt.de\/pt-pt\/wp-json\/wp\/v2\/media\/2531"}],"wp:attachment":[{"href":"https:\/\/hamma-uwt.de\/pt-pt\/wp-json\/wp\/v2\/media?parent=23604"}],"wp:term":[{"taxonomy":"product_brand","embeddable":true,"href":"https:\/\/hamma-uwt.de\/pt-pt\/wp-json\/wp\/v2\/product_brand?post=23604"},{"taxonomy":"product_cat","embeddable":true,"href":"https:\/\/hamma-uwt.de\/pt-pt\/wp-json\/wp\/v2\/product_cat?post=23604"},{"taxonomy":"product_tag","embeddable":true,"href":"https:\/\/hamma-uwt.de\/pt-pt\/wp-json\/wp\/v2\/product_tag?post=23604"}],"curies":[{"name":"wp","href":"https:\/\/api.w.org\/{rel}","templated":true}]}}