{"id":23754,"date":"2025-07-14T11:22:37","date_gmt":"2025-07-14T09:22:37","guid":{"rendered":"https:\/\/hamma-uwt.de\/produkt\/bracadeira-para-mangueira\/"},"modified":"2025-07-14T11:22:37","modified_gmt":"2025-07-14T09:22:37","slug":"bracadeira-para-mangueira","status":"publish","type":"product","link":"https:\/\/hamma-uwt.de\/pt-pt\/produkt\/bracadeira-para-mangueira\/","title":{"rendered":"Bra\u00e7adeira para mangueira"},"content":{"rendered":"","protected":false},"excerpt":{"rendered":"<p>Bra\u00e7adeira de 2 orelhas para mangueira 23 - 27 mm, a\u00e7o galvanizado, largura da fita 10 mm<\/p>\n","protected":false},"featured_media":1084,"comment_status":"closed","ping_status":"closed","template":"","meta":{"_acf_changed":false},"product_brand":[],"product_cat":[2677],"product_tag":[],"class_list":{"0":"post-23754","1":"product","2":"type-product","3":"status-publish","4":"has-post-thumbnail","6":"product_cat-pecas-de-substituicao-clean-tower","8":"first","9":"instock","10":"purchasable","11":"product-type-simple"},"acf":[],"_links":{"self":[{"href":"https:\/\/hamma-uwt.de\/pt-pt\/wp-json\/wp\/v2\/product\/23754","targetHints":{"allow":["GET"]}}],"collection":[{"href":"https:\/\/hamma-uwt.de\/pt-pt\/wp-json\/wp\/v2\/product"}],"about":[{"href":"https:\/\/hamma-uwt.de\/pt-pt\/wp-json\/wp\/v2\/types\/product"}],"replies":[{"embeddable":true,"href":"https:\/\/hamma-uwt.de\/pt-pt\/wp-json\/wp\/v2\/comments?post=23754"}],"wp:featuredmedia":[{"embeddable":true,"href":"https:\/\/hamma-uwt.de\/pt-pt\/wp-json\/wp\/v2\/media\/1084"}],"wp:attachment":[{"href":"https:\/\/hamma-uwt.de\/pt-pt\/wp-json\/wp\/v2\/media?parent=23754"}],"wp:term":[{"taxonomy":"product_brand","embeddable":true,"href":"https:\/\/hamma-uwt.de\/pt-pt\/wp-json\/wp\/v2\/product_brand?post=23754"},{"taxonomy":"product_cat","embeddable":true,"href":"https:\/\/hamma-uwt.de\/pt-pt\/wp-json\/wp\/v2\/product_cat?post=23754"},{"taxonomy":"product_tag","embeddable":true,"href":"https:\/\/hamma-uwt.de\/pt-pt\/wp-json\/wp\/v2\/product_tag?post=23754"}],"curies":[{"name":"wp","href":"https:\/\/api.w.org\/{rel}","templated":true}]}}