{"id":23841,"date":"2025-07-14T11:22:27","date_gmt":"2025-07-14T09:22:27","guid":{"rendered":"https:\/\/hamma-uwt.de\/produkt\/enrolador-de-mangueiras\/"},"modified":"2025-07-14T11:22:27","modified_gmt":"2025-07-14T09:22:27","slug":"enrolador-de-mangueiras","status":"publish","type":"product","link":"https:\/\/hamma-uwt.de\/pt-pt\/produkt\/enrolador-de-mangueiras\/","title":{"rendered":"Enrolador de mangueiras"},"content":{"rendered":"<p>Enrolador de mangueira autom\u00e1tico em a\u00e7o inoxid\u00e1vel, 20 m de mangueira 1\/2&#8243;.<\/p>\n","protected":false},"excerpt":{"rendered":"<p>Enrolador de mangueira autom\u00e1tico em a\u00e7o inoxid\u00e1vel, 20 m de mangueira 1\/2&#8243;.<\/p>\n","protected":false},"featured_media":2048,"comment_status":"closed","ping_status":"closed","template":"","meta":{"_acf_changed":false},"product_brand":[],"product_cat":[2661,2684],"product_tag":[],"class_list":{"0":"post-23841","1":"product","2":"type-product","3":"status-publish","4":"has-post-thumbnail","6":"product_cat-acessorios-misceo","7":"product_cat-acessorios-para-carrinhos-de-mao","9":"first","10":"instock","11":"purchasable","12":"product-type-variable","13":"has-default-attributes"},"acf":[],"_links":{"self":[{"href":"https:\/\/hamma-uwt.de\/pt-pt\/wp-json\/wp\/v2\/product\/23841","targetHints":{"allow":["GET"]}}],"collection":[{"href":"https:\/\/hamma-uwt.de\/pt-pt\/wp-json\/wp\/v2\/product"}],"about":[{"href":"https:\/\/hamma-uwt.de\/pt-pt\/wp-json\/wp\/v2\/types\/product"}],"replies":[{"embeddable":true,"href":"https:\/\/hamma-uwt.de\/pt-pt\/wp-json\/wp\/v2\/comments?post=23841"}],"wp:featuredmedia":[{"embeddable":true,"href":"https:\/\/hamma-uwt.de\/pt-pt\/wp-json\/wp\/v2\/media\/2048"}],"wp:attachment":[{"href":"https:\/\/hamma-uwt.de\/pt-pt\/wp-json\/wp\/v2\/media?parent=23841"}],"wp:term":[{"taxonomy":"product_brand","embeddable":true,"href":"https:\/\/hamma-uwt.de\/pt-pt\/wp-json\/wp\/v2\/product_brand?post=23841"},{"taxonomy":"product_cat","embeddable":true,"href":"https:\/\/hamma-uwt.de\/pt-pt\/wp-json\/wp\/v2\/product_cat?post=23841"},{"taxonomy":"product_tag","embeddable":true,"href":"https:\/\/hamma-uwt.de\/pt-pt\/wp-json\/wp\/v2\/product_tag?post=23841"}],"curies":[{"name":"wp","href":"https:\/\/api.w.org\/{rel}","templated":true}]}}