{"id":23879,"date":"2025-07-14T11:22:15","date_gmt":"2025-07-14T09:22:15","guid":{"rendered":"https:\/\/hamma-uwt.de\/produkt\/manutencao-gross-misceo-3\/"},"modified":"2025-07-14T11:22:15","modified_gmt":"2025-07-14T09:22:15","slug":"manutencao-gross-misceo-3","status":"publish","type":"product","link":"https:\/\/hamma-uwt.de\/pt-pt\/produkt\/manutencao-gross-misceo-3\/","title":{"rendered":"Manuten\u00e7\u00e3o &#8220;GROSS&#8221; MISCEO 3"},"content":{"rendered":"<p>Recomenda\u00e7\u00e3o: manuten\u00e7\u00e3o de 2 anos<\/p>\n","protected":false},"excerpt":{"rendered":"<p>Recomenda\u00e7\u00e3o: manuten\u00e7\u00e3o de 2 anos<\/p>\n","protected":false},"featured_media":5799,"comment_status":"closed","ping_status":"closed","template":"","meta":{"_acf_changed":false},"product_brand":[],"product_cat":[2661,2685],"product_tag":[],"class_list":{"0":"post-23879","1":"product","2":"type-product","3":"status-publish","4":"has-post-thumbnail","6":"product_cat-acessorios-misceo","7":"product_cat-manutencao","9":"first","10":"instock","11":"purchasable","12":"product-type-variable"},"acf":[],"_links":{"self":[{"href":"https:\/\/hamma-uwt.de\/pt-pt\/wp-json\/wp\/v2\/product\/23879","targetHints":{"allow":["GET"]}}],"collection":[{"href":"https:\/\/hamma-uwt.de\/pt-pt\/wp-json\/wp\/v2\/product"}],"about":[{"href":"https:\/\/hamma-uwt.de\/pt-pt\/wp-json\/wp\/v2\/types\/product"}],"replies":[{"embeddable":true,"href":"https:\/\/hamma-uwt.de\/pt-pt\/wp-json\/wp\/v2\/comments?post=23879"}],"wp:featuredmedia":[{"embeddable":true,"href":"https:\/\/hamma-uwt.de\/pt-pt\/wp-json\/wp\/v2\/media\/5799"}],"wp:attachment":[{"href":"https:\/\/hamma-uwt.de\/pt-pt\/wp-json\/wp\/v2\/media?parent=23879"}],"wp:term":[{"taxonomy":"product_brand","embeddable":true,"href":"https:\/\/hamma-uwt.de\/pt-pt\/wp-json\/wp\/v2\/product_brand?post=23879"},{"taxonomy":"product_cat","embeddable":true,"href":"https:\/\/hamma-uwt.de\/pt-pt\/wp-json\/wp\/v2\/product_cat?post=23879"},{"taxonomy":"product_tag","embeddable":true,"href":"https:\/\/hamma-uwt.de\/pt-pt\/wp-json\/wp\/v2\/product_tag?post=23879"}],"curies":[{"name":"wp","href":"https:\/\/api.w.org\/{rel}","templated":true}]}}