{"id":23914,"date":"2025-07-14T11:22:31","date_gmt":"2025-07-14T09:22:31","guid":{"rendered":"https:\/\/hamma-uwt.de\/produkt\/valvula-de-controlo\/"},"modified":"2025-07-14T11:22:31","modified_gmt":"2025-07-14T09:22:31","slug":"valvula-de-controlo","status":"publish","type":"product","link":"https:\/\/hamma-uwt.de\/pt-pt\/produkt\/valvula-de-controlo\/","title":{"rendered":"V\u00e1lvula de controlo"},"content":{"rendered":"<p>V\u00e1lvula de controlo para regula\u00e7\u00e3o do ar para o micro.<\/p>\n","protected":false},"excerpt":{"rendered":"<p>(4 mm) Acess\u00f3rios MIKRO<\/p>\n","protected":false},"featured_media":3501,"comment_status":"closed","ping_status":"closed","template":"","meta":{"_acf_changed":false},"product_brand":[],"product_cat":[2687],"product_tag":[],"class_list":{"0":"post-23914","1":"product","2":"type-product","3":"status-publish","4":"has-post-thumbnail","6":"product_cat-micro-acessorios","8":"first","9":"instock","10":"purchasable","11":"product-type-variable"},"acf":[],"_links":{"self":[{"href":"https:\/\/hamma-uwt.de\/pt-pt\/wp-json\/wp\/v2\/product\/23914","targetHints":{"allow":["GET"]}}],"collection":[{"href":"https:\/\/hamma-uwt.de\/pt-pt\/wp-json\/wp\/v2\/product"}],"about":[{"href":"https:\/\/hamma-uwt.de\/pt-pt\/wp-json\/wp\/v2\/types\/product"}],"replies":[{"embeddable":true,"href":"https:\/\/hamma-uwt.de\/pt-pt\/wp-json\/wp\/v2\/comments?post=23914"}],"wp:featuredmedia":[{"embeddable":true,"href":"https:\/\/hamma-uwt.de\/pt-pt\/wp-json\/wp\/v2\/media\/3501"}],"wp:attachment":[{"href":"https:\/\/hamma-uwt.de\/pt-pt\/wp-json\/wp\/v2\/media?parent=23914"}],"wp:term":[{"taxonomy":"product_brand","embeddable":true,"href":"https:\/\/hamma-uwt.de\/pt-pt\/wp-json\/wp\/v2\/product_brand?post=23914"},{"taxonomy":"product_cat","embeddable":true,"href":"https:\/\/hamma-uwt.de\/pt-pt\/wp-json\/wp\/v2\/product_cat?post=23914"},{"taxonomy":"product_tag","embeddable":true,"href":"https:\/\/hamma-uwt.de\/pt-pt\/wp-json\/wp\/v2\/product_tag?post=23914"}],"curies":[{"name":"wp","href":"https:\/\/api.w.org\/{rel}","templated":true}]}}