{"id":24004,"date":"2025-07-14T12:06:39","date_gmt":"2025-07-14T10:06:39","guid":{"rendered":"https:\/\/hamma-uwt.de\/produkt\/vassoura-magnetica\/"},"modified":"2025-07-14T12:06:39","modified_gmt":"2025-07-14T10:06:39","slug":"vassoura-magnetica","status":"publish","type":"product","link":"https:\/\/hamma-uwt.de\/pt-pt\/produkt\/vassoura-magnetica\/","title":{"rendered":"Vassoura magn\u00e9tica"},"content":{"rendered":"<p>Gra\u00e7as \u00e0 potente vassoura com uma elevada capacidade de recolha e uma largura total de 400 mm, podes limpar as superf\u00edcies do ch\u00e3o e o ambiente de trabalho de forma r\u00e1pida, f\u00e1cil e fi\u00e1vel com a vassoura magn\u00e9tica. Com a pega pr\u00e1tica, agarra firmemente a vassoura magn\u00e9tica e pode gui\u00e1-la com seguran\u00e7a para as aparas e atra\u00ed-las. Ao puxar o cursor, o magnetismo desaparece e as aparas atra\u00eddas caem simplesmente.<br \/>\nUma superf\u00edcie de pavimento limpa aumenta a qualidade e a seguran\u00e7a da sua empresa e mant\u00e9m o seu ambiente de trabalho limpo e higi\u00e9nico.<br \/>\nA vassoura magn\u00e9tica tamb\u00e9m ajuda a apanhar pequenos objectos magn\u00e9ticos e a separar pe\u00e7as industriais magn\u00e9ticas e n\u00e3o magn\u00e9ticas.  <\/p>\n<p>A vassoura magn\u00e9tica pode ser aumentada de 800 mm para uma altura total de 1120 mm. Isto permite-te personalizar a vassoura magn\u00e9tica de acordo com as tuas necessidades individuais. <\/p>\n","protected":false},"excerpt":{"rendered":"<p>com cabo telesc\u00f3pico, largura da vassoura 400 mm, altura total m\u00e1x. 1120 mm <\/p>\n","protected":false},"featured_media":3795,"comment_status":"closed","ping_status":"closed","template":"","meta":{"_acf_changed":false},"product_brand":[],"product_cat":[2664,2729],"product_tag":[],"class_list":{"0":"post-24004","1":"product","2":"type-product","3":"status-publish","4":"has-post-thumbnail","6":"product_cat-ajudantes-fortes","7":"product_cat-chip-maxx-e-vassoura-magnetica","9":"first","10":"instock","11":"purchasable","12":"product-type-simple"},"acf":[],"_links":{"self":[{"href":"https:\/\/hamma-uwt.de\/pt-pt\/wp-json\/wp\/v2\/product\/24004","targetHints":{"allow":["GET"]}}],"collection":[{"href":"https:\/\/hamma-uwt.de\/pt-pt\/wp-json\/wp\/v2\/product"}],"about":[{"href":"https:\/\/hamma-uwt.de\/pt-pt\/wp-json\/wp\/v2\/types\/product"}],"replies":[{"embeddable":true,"href":"https:\/\/hamma-uwt.de\/pt-pt\/wp-json\/wp\/v2\/comments?post=24004"}],"wp:featuredmedia":[{"embeddable":true,"href":"https:\/\/hamma-uwt.de\/pt-pt\/wp-json\/wp\/v2\/media\/3795"}],"wp:attachment":[{"href":"https:\/\/hamma-uwt.de\/pt-pt\/wp-json\/wp\/v2\/media?parent=24004"}],"wp:term":[{"taxonomy":"product_brand","embeddable":true,"href":"https:\/\/hamma-uwt.de\/pt-pt\/wp-json\/wp\/v2\/product_brand?post=24004"},{"taxonomy":"product_cat","embeddable":true,"href":"https:\/\/hamma-uwt.de\/pt-pt\/wp-json\/wp\/v2\/product_cat?post=24004"},{"taxonomy":"product_tag","embeddable":true,"href":"https:\/\/hamma-uwt.de\/pt-pt\/wp-json\/wp\/v2\/product_tag?post=24004"}],"curies":[{"name":"wp","href":"https:\/\/api.w.org\/{rel}","templated":true}]}}