{"id":24017,"date":"2025-07-14T12:06:39","date_gmt":"2025-07-14T10:06:39","guid":{"rendered":"https:\/\/hamma-uwt.de\/produkt\/rubi\/"},"modified":"2025-07-14T12:06:39","modified_gmt":"2025-07-14T10:06:39","slug":"rubi","status":"publish","type":"product","link":"https:\/\/hamma-uwt.de\/pt-pt\/produkt\/rubi\/","title":{"rendered":"RUBI"},"content":{"rendered":"<p>O tabuleiro de recolha de \u00f3leo Rubi \u00e9 um tabuleiro de recolha robusto com uma capacidade de 1,8 litros.<\/p>\n<p>A prote\u00e7\u00e3o integrada contra o transbordo impede que o recipiente transborde. Se a Rubi n\u00e3o for esvaziada, o excesso \u00e9 reintroduzido na m\u00e1quina atrav\u00e9s da sua fun\u00e7\u00e3o de decanta\u00e7\u00e3o. Esvaziar o Rubi \u00e9 muito r\u00e1pido e f\u00e1cil gra\u00e7as ao seu design engenhoso. Pode ser fixado \u00e0 m\u00e1quina de forma r\u00e1pida e simples - sem furos ou parafusos.   <\/p>\n","protected":false},"excerpt":{"rendered":"<p>Recipiente de recolha de \u00f3leos usados com prote\u00e7\u00e3o contra transbordo, acess\u00f3rio para todos os escumadores de \u00f3leo RAPID <\/p>\n","protected":false},"featured_media":3430,"comment_status":"closed","ping_status":"closed","template":"","meta":{"_acf_changed":false},"product_brand":[],"product_cat":[2745],"product_tag":[],"class_list":{"0":"post-24017","1":"product","2":"type-product","3":"status-publish","4":"has-post-thumbnail","6":"product_cat-escumador-de-oleo-rapido","8":"first","9":"instock","10":"purchasable","11":"product-type-simple"},"acf":[],"_links":{"self":[{"href":"https:\/\/hamma-uwt.de\/pt-pt\/wp-json\/wp\/v2\/product\/24017","targetHints":{"allow":["GET"]}}],"collection":[{"href":"https:\/\/hamma-uwt.de\/pt-pt\/wp-json\/wp\/v2\/product"}],"about":[{"href":"https:\/\/hamma-uwt.de\/pt-pt\/wp-json\/wp\/v2\/types\/product"}],"replies":[{"embeddable":true,"href":"https:\/\/hamma-uwt.de\/pt-pt\/wp-json\/wp\/v2\/comments?post=24017"}],"wp:featuredmedia":[{"embeddable":true,"href":"https:\/\/hamma-uwt.de\/pt-pt\/wp-json\/wp\/v2\/media\/3430"}],"wp:attachment":[{"href":"https:\/\/hamma-uwt.de\/pt-pt\/wp-json\/wp\/v2\/media?parent=24017"}],"wp:term":[{"taxonomy":"product_brand","embeddable":true,"href":"https:\/\/hamma-uwt.de\/pt-pt\/wp-json\/wp\/v2\/product_brand?post=24017"},{"taxonomy":"product_cat","embeddable":true,"href":"https:\/\/hamma-uwt.de\/pt-pt\/wp-json\/wp\/v2\/product_cat?post=24017"},{"taxonomy":"product_tag","embeddable":true,"href":"https:\/\/hamma-uwt.de\/pt-pt\/wp-json\/wp\/v2\/product_tag?post=24017"}],"curies":[{"name":"wp","href":"https:\/\/api.w.org\/{rel}","templated":true}]}}