{"id":24137,"date":"2025-09-25T16:14:06","date_gmt":"2025-09-25T14:14:06","guid":{"rendered":"https:\/\/hamma-uwt.de\/produkt\/rapid-2-1-configurador\/"},"modified":"2025-09-25T16:14:06","modified_gmt":"2025-09-25T14:14:06","slug":"rapid-2-1-configurador","status":"publish","type":"product","link":"https:\/\/hamma-uwt.de\/pt-pt\/produkt\/rapid-2-1-configurador\/","title":{"rendered":"RAPID 2.1 - Configurador"},"content":{"rendered":"<p>Aqui podes configurar os componentes b\u00e1sicos do RAPID 2.1 para a tua consulta.<\/p>\n","protected":false},"excerpt":{"rendered":"<p>Personaliza o teu RAPID 2.1 - perfeitamente adaptado \u00e0s tuas condi\u00e7\u00f5es de funcionamento<\/p>\n","protected":false},"featured_media":4294,"comment_status":"closed","ping_status":"closed","template":"","meta":{"_acf_changed":false},"product_brand":[],"product_cat":[2755],"product_tag":[],"class_list":{"0":"post-24137","1":"product","2":"type-product","3":"status-publish","4":"has-post-thumbnail","6":"product_cat-rapid-2-1","8":"first","9":"instock","10":"shipping-taxable","11":"product-type-grouped"},"acf":[],"_links":{"self":[{"href":"https:\/\/hamma-uwt.de\/pt-pt\/wp-json\/wp\/v2\/product\/24137","targetHints":{"allow":["GET"]}}],"collection":[{"href":"https:\/\/hamma-uwt.de\/pt-pt\/wp-json\/wp\/v2\/product"}],"about":[{"href":"https:\/\/hamma-uwt.de\/pt-pt\/wp-json\/wp\/v2\/types\/product"}],"replies":[{"embeddable":true,"href":"https:\/\/hamma-uwt.de\/pt-pt\/wp-json\/wp\/v2\/comments?post=24137"}],"wp:featuredmedia":[{"embeddable":true,"href":"https:\/\/hamma-uwt.de\/pt-pt\/wp-json\/wp\/v2\/media\/4294"}],"wp:attachment":[{"href":"https:\/\/hamma-uwt.de\/pt-pt\/wp-json\/wp\/v2\/media?parent=24137"}],"wp:term":[{"taxonomy":"product_brand","embeddable":true,"href":"https:\/\/hamma-uwt.de\/pt-pt\/wp-json\/wp\/v2\/product_brand?post=24137"},{"taxonomy":"product_cat","embeddable":true,"href":"https:\/\/hamma-uwt.de\/pt-pt\/wp-json\/wp\/v2\/product_cat?post=24137"},{"taxonomy":"product_tag","embeddable":true,"href":"https:\/\/hamma-uwt.de\/pt-pt\/wp-json\/wp\/v2\/product_tag?post=24137"}],"curies":[{"name":"wp","href":"https:\/\/api.w.org\/{rel}","templated":true}]}}