{"id":24148,"date":"2025-08-27T09:00:08","date_gmt":"2025-08-27T07:00:08","guid":{"rendered":"https:\/\/hamma-uwt.de\/produkt\/grande-sistema-de-cuidados\/"},"modified":"2025-08-27T09:00:08","modified_gmt":"2025-08-27T07:00:08","slug":"grande-sistema-de-cuidados","status":"publish","type":"product","link":"https:\/\/hamma-uwt.de\/pt-pt\/produkt\/grande-sistema-de-cuidados\/","title":{"rendered":"Grande sistema de cuidados"},"content":{"rendered":"<p>O pacote despreocupado para um lubrificante de arrefecimento limpo e eficiente para m\u00e1quinas m\u00e9dias e grandes \u00e9 f\u00e1cil de instalar e manusear e, ao mesmo tempo, altamente eficaz em termos de desempenho.<\/p>\n<p>Os escumadores de \u00f3leo r\u00e1pidos e os micro-aeradores mant\u00eam a qualidade do teu lubrificante de refrigera\u00e7\u00e3o durante um per\u00edodo de tempo consideravelmente mais longo. O resultado s\u00e3o velocidades de corte mais elevadas e uma vida \u00fatil mais longa para as suas ferramentas e m\u00e1quinas: vive de forma mais saud\u00e1vel, faz grandes poupan\u00e7as rapidamente e \u00e9 poupado a odores desagrad\u00e1veis. <\/p>\n<p>O micro arejador Mikro assegura um fornecimento suficiente de oxig\u00e9nio atrav\u00e9s de pequenas bolhas de ar. As propriedades higi\u00e9nicas do meio s\u00e3o drasticamente melhoradas. As part\u00edculas em suspens\u00e3o s\u00e3o transportadas para a superf\u00edcie e podem ser removidas pelo escumador de \u00f3leo Rapid. Durante a fase de manuten\u00e7\u00e3o do teu lubrificante de refrigera\u00e7\u00e3o, o escumador de \u00f3leo Rapid remove os \u00f3leos flutuantes indesejados, os sab\u00f5es de cal e as part\u00edculas em suspens\u00e3o.    O desempenho do teu lubrificante de arrefecimento aumenta e tu produzes mais seguro, mais r\u00e1pido e melhor.<\/p>\n","protected":false},"excerpt":{"rendered":"<p>Sem suporte, para contentores at\u00e9 6 m\u00b2 de superf\u00edcie \/ volume at\u00e9 1000 litros<\/p>\n","protected":false},"featured_media":1067,"comment_status":"closed","ping_status":"closed","template":"","meta":{"_acf_changed":false},"product_brand":[],"product_cat":[2672],"product_tag":[],"class_list":{"0":"post-24148","1":"product","2":"type-product","3":"status-publish","4":"has-post-thumbnail","6":"product_cat-biobalanco","8":"first","9":"instock","10":"purchasable","11":"product-type-simple"},"acf":[],"_links":{"self":[{"href":"https:\/\/hamma-uwt.de\/pt-pt\/wp-json\/wp\/v2\/product\/24148","targetHints":{"allow":["GET"]}}],"collection":[{"href":"https:\/\/hamma-uwt.de\/pt-pt\/wp-json\/wp\/v2\/product"}],"about":[{"href":"https:\/\/hamma-uwt.de\/pt-pt\/wp-json\/wp\/v2\/types\/product"}],"replies":[{"embeddable":true,"href":"https:\/\/hamma-uwt.de\/pt-pt\/wp-json\/wp\/v2\/comments?post=24148"}],"wp:featuredmedia":[{"embeddable":true,"href":"https:\/\/hamma-uwt.de\/pt-pt\/wp-json\/wp\/v2\/media\/1067"}],"wp:attachment":[{"href":"https:\/\/hamma-uwt.de\/pt-pt\/wp-json\/wp\/v2\/media?parent=24148"}],"wp:term":[{"taxonomy":"product_brand","embeddable":true,"href":"https:\/\/hamma-uwt.de\/pt-pt\/wp-json\/wp\/v2\/product_brand?post=24148"},{"taxonomy":"product_cat","embeddable":true,"href":"https:\/\/hamma-uwt.de\/pt-pt\/wp-json\/wp\/v2\/product_cat?post=24148"},{"taxonomy":"product_tag","embeddable":true,"href":"https:\/\/hamma-uwt.de\/pt-pt\/wp-json\/wp\/v2\/product_tag?post=24148"}],"curies":[{"name":"wp","href":"https:\/\/api.w.org\/{rel}","templated":true}]}}