{"id":24168,"date":"2025-08-20T08:29:04","date_gmt":"2025-08-20T06:29:04","guid":{"rendered":"https:\/\/hamma-uwt.de\/produkt\/misceo-standard\/"},"modified":"2025-08-20T08:29:04","modified_gmt":"2025-08-20T06:29:04","slug":"misceo-standard","status":"publish","type":"product","link":"https:\/\/hamma-uwt.de\/pt-pt\/produkt\/misceo-standard\/","title":{"rendered":"Misceo Standard"},"content":{"rendered":"<p>A solu\u00e7\u00e3o profissional para a mistura de lubrificantes de arrefecimento misc\u00edveis com \u00e1gua. A sua unidade de mistura \u00fanica e a eletr\u00f3nica com um menu de navega\u00e7\u00e3o simples garantem resultados \u00f3ptimos. Poupa tempo e dinheiro.  <\/p>\n<p>As tuas vantagens:<\/p>\n<ul>\n<li>mistura perfeitamente<\/li>\n<li>Lubrificante de arrefecimento<\/li>\n<li>Resultado preciso da mistura<\/li>\n<li>Reconhece os recipientes vazios<\/li>\n<li>Comprimentos de mangueira flex\u00edveis<\/li>\n<li>Desligamento autom\u00e1tico<\/li>\n<li>Bloque\u00e1vel<\/li>\n<li>M\u00e1quina autom\u00e1tica de enchimento<\/li>\n<li>Funcionamento simples<\/li>\n<li>Enche o dep\u00f3sito como na bomba de gasolina<\/li>\n<\/ul>\n<p>Requisitos de funcionamento: Separador de sistemas de acordo com a norma DIN EN 1717<\/p>\n","protected":false},"excerpt":{"rendered":"<p>Unidade de mistura totalmente controlada eletronicamente<\/p>\n","protected":false},"featured_media":3964,"comment_status":"closed","ping_status":"closed","template":"","meta":{"_acf_changed":false},"product_brand":[],"product_cat":[2768],"product_tag":[],"class_list":{"0":"post-24168","1":"product","2":"type-product","3":"status-publish","4":"has-post-thumbnail","6":"product_cat-misturador-misceo","8":"first","9":"instock","10":"purchasable","11":"product-type-simple"},"acf":[],"_links":{"self":[{"href":"https:\/\/hamma-uwt.de\/pt-pt\/wp-json\/wp\/v2\/product\/24168","targetHints":{"allow":["GET"]}}],"collection":[{"href":"https:\/\/hamma-uwt.de\/pt-pt\/wp-json\/wp\/v2\/product"}],"about":[{"href":"https:\/\/hamma-uwt.de\/pt-pt\/wp-json\/wp\/v2\/types\/product"}],"replies":[{"embeddable":true,"href":"https:\/\/hamma-uwt.de\/pt-pt\/wp-json\/wp\/v2\/comments?post=24168"}],"wp:featuredmedia":[{"embeddable":true,"href":"https:\/\/hamma-uwt.de\/pt-pt\/wp-json\/wp\/v2\/media\/3964"}],"wp:attachment":[{"href":"https:\/\/hamma-uwt.de\/pt-pt\/wp-json\/wp\/v2\/media?parent=24168"}],"wp:term":[{"taxonomy":"product_brand","embeddable":true,"href":"https:\/\/hamma-uwt.de\/pt-pt\/wp-json\/wp\/v2\/product_brand?post=24168"},{"taxonomy":"product_cat","embeddable":true,"href":"https:\/\/hamma-uwt.de\/pt-pt\/wp-json\/wp\/v2\/product_cat?post=24168"},{"taxonomy":"product_tag","embeddable":true,"href":"https:\/\/hamma-uwt.de\/pt-pt\/wp-json\/wp\/v2\/product_tag?post=24168"}],"curies":[{"name":"wp","href":"https:\/\/api.w.org\/{rel}","templated":true}]}}