{"id":24335,"date":"2025-07-14T11:22:09","date_gmt":"2025-07-14T09:22:09","guid":{"rendered":"https:\/\/hamma-uwt.de\/produkt\/rapid-1-1\/"},"modified":"2025-07-14T11:22:09","modified_gmt":"2025-07-14T09:22:09","slug":"rapid-1-1","status":"publish","type":"product","link":"https:\/\/hamma-uwt.de\/pt-pt\/produkt\/rapid-1-1\/","title":{"rendered":"RAPID 1.1"},"content":{"rendered":"<p>Com o escumador de correia Rapid 1.1, remove r\u00e1pida e facilmente o \u00f3leo residual no lubrificante de arrefecimento de m\u00e1quinas com uma \u00e1rea de superf\u00edcie at\u00e9 6 m\u00b2.<\/p>\n","protected":false},"excerpt":{"rendered":"<p>para l\u00edquidos de refrigera\u00e7\u00e3o at\u00e9 40 \u00b0C, superf\u00edcies at\u00e9 6 m\u00b2 (sem fita de escumadeira)<\/p>\n","protected":false},"featured_media":4339,"comment_status":"closed","ping_status":"closed","template":"","meta":{"_acf_changed":false},"product_brand":[],"product_cat":[2748],"product_tag":[],"class_list":{"0":"post-24335","1":"product","2":"type-product","3":"status-publish","4":"has-post-thumbnail","6":"product_cat-rapid-1-1","8":"first","9":"instock","10":"purchasable","11":"product-type-variable"},"acf":[],"_links":{"self":[{"href":"https:\/\/hamma-uwt.de\/pt-pt\/wp-json\/wp\/v2\/product\/24335","targetHints":{"allow":["GET"]}}],"collection":[{"href":"https:\/\/hamma-uwt.de\/pt-pt\/wp-json\/wp\/v2\/product"}],"about":[{"href":"https:\/\/hamma-uwt.de\/pt-pt\/wp-json\/wp\/v2\/types\/product"}],"replies":[{"embeddable":true,"href":"https:\/\/hamma-uwt.de\/pt-pt\/wp-json\/wp\/v2\/comments?post=24335"}],"wp:featuredmedia":[{"embeddable":true,"href":"https:\/\/hamma-uwt.de\/pt-pt\/wp-json\/wp\/v2\/media\/4339"}],"wp:attachment":[{"href":"https:\/\/hamma-uwt.de\/pt-pt\/wp-json\/wp\/v2\/media?parent=24335"}],"wp:term":[{"taxonomy":"product_brand","embeddable":true,"href":"https:\/\/hamma-uwt.de\/pt-pt\/wp-json\/wp\/v2\/product_brand?post=24335"},{"taxonomy":"product_cat","embeddable":true,"href":"https:\/\/hamma-uwt.de\/pt-pt\/wp-json\/wp\/v2\/product_cat?post=24335"},{"taxonomy":"product_tag","embeddable":true,"href":"https:\/\/hamma-uwt.de\/pt-pt\/wp-json\/wp\/v2\/product_tag?post=24335"}],"curies":[{"name":"wp","href":"https:\/\/api.w.org\/{rel}","templated":true}]}}