{"id":24373,"date":"2025-07-14T11:22:15","date_gmt":"2025-07-14T09:22:15","guid":{"rendered":"https:\/\/hamma-uwt.de\/produkt\/chave-ibc\/"},"modified":"2025-07-14T11:22:15","modified_gmt":"2025-07-14T09:22:15","slug":"chave-ibc","status":"publish","type":"product","link":"https:\/\/hamma-uwt.de\/pt-pt\/produkt\/chave-ibc\/","title":{"rendered":"Chave IBC"},"content":{"rendered":"<p>Chave IBC para uma abertura r\u00e1pida e f\u00e1cil dos teus contentores<\/p>\n<p>Com a chave IBC, podes abrir e fechar os teus contentores IBC num instante e sem grande esfor\u00e7o, gra\u00e7as \u00e0 a\u00e7\u00e3o da alavanca. O design optimizado feito de a\u00e7o inoxid\u00e1vel robusto garante uma abertura muito f\u00e1cil, c\u00f3moda e ergon\u00f3mica dos teus contentores IBC e latas. Ambos os abridores s\u00e3o f\u00e1ceis de guardar gra\u00e7as ao seu orif\u00edcio de fixa\u00e7\u00e3o bem posicionado e est\u00e3o rapidamente \u00e0 m\u00e3o quando s\u00e3o necess\u00e1rios.  <\/p>\n<p>As tuas vantagens<\/p>\n<ul>\n<li>Abertura f\u00e1cil gra\u00e7as \u00e0 otimiza\u00e7\u00e3o<\/li>\n<li>Efeito de alavanca<\/li>\n<li>Design em a\u00e7o inoxid\u00e1vel de alta qualidade<\/li>\n<li>Robusto e pr\u00e1tico<\/li>\n<li>Design compacto<\/li>\n<li>Ergon\u00f3mico<\/li>\n<\/ul>\n","protected":false},"excerpt":{"rendered":"<p>para abertura de contentores IBC<\/p>\n","protected":false},"featured_media":3862,"comment_status":"closed","ping_status":"closed","template":"","meta":{"_acf_changed":false},"product_brand":[],"product_cat":[2661,2664,2663],"product_tag":[],"class_list":{"0":"post-24373","1":"product","2":"type-product","3":"status-publish","4":"has-post-thumbnail","6":"product_cat-acessorios-misceo","7":"product_cat-ajudantes-fortes","8":"product_cat-chave-do-contentor","10":"first","11":"instock","12":"purchasable","13":"product-type-variable"},"acf":[],"_links":{"self":[{"href":"https:\/\/hamma-uwt.de\/pt-pt\/wp-json\/wp\/v2\/product\/24373","targetHints":{"allow":["GET"]}}],"collection":[{"href":"https:\/\/hamma-uwt.de\/pt-pt\/wp-json\/wp\/v2\/product"}],"about":[{"href":"https:\/\/hamma-uwt.de\/pt-pt\/wp-json\/wp\/v2\/types\/product"}],"replies":[{"embeddable":true,"href":"https:\/\/hamma-uwt.de\/pt-pt\/wp-json\/wp\/v2\/comments?post=24373"}],"wp:featuredmedia":[{"embeddable":true,"href":"https:\/\/hamma-uwt.de\/pt-pt\/wp-json\/wp\/v2\/media\/3862"}],"wp:attachment":[{"href":"https:\/\/hamma-uwt.de\/pt-pt\/wp-json\/wp\/v2\/media?parent=24373"}],"wp:term":[{"taxonomy":"product_brand","embeddable":true,"href":"https:\/\/hamma-uwt.de\/pt-pt\/wp-json\/wp\/v2\/product_brand?post=24373"},{"taxonomy":"product_cat","embeddable":true,"href":"https:\/\/hamma-uwt.de\/pt-pt\/wp-json\/wp\/v2\/product_cat?post=24373"},{"taxonomy":"product_tag","embeddable":true,"href":"https:\/\/hamma-uwt.de\/pt-pt\/wp-json\/wp\/v2\/product_tag?post=24373"}],"curies":[{"name":"wp","href":"https:\/\/api.w.org\/{rel}","templated":true}]}}