{"id":24379,"date":"2025-07-14T11:22:15","date_gmt":"2025-07-14T09:22:15","guid":{"rendered":"https:\/\/hamma-uwt.de\/produkt\/chip-maxx\/"},"modified":"2025-07-14T11:22:15","modified_gmt":"2025-07-14T09:22:15","slug":"chip-maxx","status":"publish","type":"product","link":"https:\/\/hamma-uwt.de\/pt-pt\/produkt\/chip-maxx\/","title":{"rendered":"Chip Maxx"},"content":{"rendered":"<p>Gra\u00e7as ao potente \u00edman e \u00e0 grande capacidade de recolha, podes limpar o teu dep\u00f3sito de lubrificante de refrigera\u00e7\u00e3o, a tua m\u00e1quina e o teu ambiente de trabalho de forma r\u00e1pida, f\u00e1cil e fi\u00e1vel com o Chip Maxx. A pega pr\u00e1tica permite-te agarrar firmemente o Sp\u00e4nemaxx e conduzi-lo com seguran\u00e7a at\u00e9 \u00e0s aparas e atra\u00ed-las. Ao puxares o cursor, o magnetismo desaparece e as fichas atra\u00eddas caem simplesmente. Um dep\u00f3sito de lubrificante de arrefecimento limpo preserva a qualidade do teu lubrificante de arrefecimento, poupa-te custos de m\u00e1quinas e ferramentas e mant\u00e9m o teu ambiente de trabalho higi\u00e9nico.    O Sp\u00e4nemaxx tamb\u00e9m te ajuda a apanhar pequenos objectos magn\u00e9ticos e a separar pe\u00e7as industriais magn\u00e9ticas e n\u00e3o magn\u00e9ticas.<\/p>\n<p>O Chip Maxx est\u00e1 dispon\u00edvel em cinco comprimentos diferentes, para que tenhas sempre o Chip Maxx certo para a tua aplica\u00e7\u00e3o.<\/p>\n","protected":false},"excerpt":{"rendered":"<p>Haste magn\u00e9tica para remo\u00e7\u00e3o\/separa\u00e7\u00e3o de pe\u00e7as magn\u00e9ticas<\/p>\n","protected":false},"featured_media":3833,"comment_status":"closed","ping_status":"closed","template":"","meta":{"_acf_changed":false},"product_brand":[],"product_cat":[2664,2729],"product_tag":[],"class_list":{"0":"post-24379","1":"product","2":"type-product","3":"status-publish","4":"has-post-thumbnail","6":"product_cat-ajudantes-fortes","7":"product_cat-chip-maxx-e-vassoura-magnetica","9":"first","10":"instock","11":"purchasable","12":"product-type-variable"},"acf":[],"_links":{"self":[{"href":"https:\/\/hamma-uwt.de\/pt-pt\/wp-json\/wp\/v2\/product\/24379","targetHints":{"allow":["GET"]}}],"collection":[{"href":"https:\/\/hamma-uwt.de\/pt-pt\/wp-json\/wp\/v2\/product"}],"about":[{"href":"https:\/\/hamma-uwt.de\/pt-pt\/wp-json\/wp\/v2\/types\/product"}],"replies":[{"embeddable":true,"href":"https:\/\/hamma-uwt.de\/pt-pt\/wp-json\/wp\/v2\/comments?post=24379"}],"wp:featuredmedia":[{"embeddable":true,"href":"https:\/\/hamma-uwt.de\/pt-pt\/wp-json\/wp\/v2\/media\/3833"}],"wp:attachment":[{"href":"https:\/\/hamma-uwt.de\/pt-pt\/wp-json\/wp\/v2\/media?parent=24379"}],"wp:term":[{"taxonomy":"product_brand","embeddable":true,"href":"https:\/\/hamma-uwt.de\/pt-pt\/wp-json\/wp\/v2\/product_brand?post=24379"},{"taxonomy":"product_cat","embeddable":true,"href":"https:\/\/hamma-uwt.de\/pt-pt\/wp-json\/wp\/v2\/product_cat?post=24379"},{"taxonomy":"product_tag","embeddable":true,"href":"https:\/\/hamma-uwt.de\/pt-pt\/wp-json\/wp\/v2\/product_tag?post=24379"}],"curies":[{"name":"wp","href":"https:\/\/api.w.org\/{rel}","templated":true}]}}