{"id":24445,"date":"2025-07-14T12:06:49","date_gmt":"2025-07-14T10:06:49","guid":{"rendered":"https:\/\/hamma-uwt.de\/produkt\/redutor-de-pressao\/"},"modified":"2025-07-14T12:06:49","modified_gmt":"2025-07-14T10:06:49","slug":"redutor-de-pressao","status":"publish","type":"product","link":"https:\/\/hamma-uwt.de\/pt-pt\/produkt\/redutor-de-pressao\/","title":{"rendered":"Redutor de press\u00e3o"},"content":{"rendered":"<p>Redutor de press\u00e3o para \u00e1gua pot\u00e1vel, 1,5 - 6 bar<\/p>\n","protected":false},"excerpt":{"rendered":"<p>(DVGW) 3\/4&#8243;<\/p>\n","protected":false},"featured_media":0,"comment_status":"closed","ping_status":"closed","template":"","meta":{"_acf_changed":false},"product_brand":[],"product_cat":[2662],"product_tag":[],"class_list":{"0":"post-24445","1":"product","2":"type-product","3":"status-publish","5":"product_cat-acessorios-fue-1","7":"first","8":"instock","9":"purchasable","10":"product-type-simple"},"acf":[],"_links":{"self":[{"href":"https:\/\/hamma-uwt.de\/pt-pt\/wp-json\/wp\/v2\/product\/24445","targetHints":{"allow":["GET"]}}],"collection":[{"href":"https:\/\/hamma-uwt.de\/pt-pt\/wp-json\/wp\/v2\/product"}],"about":[{"href":"https:\/\/hamma-uwt.de\/pt-pt\/wp-json\/wp\/v2\/types\/product"}],"replies":[{"embeddable":true,"href":"https:\/\/hamma-uwt.de\/pt-pt\/wp-json\/wp\/v2\/comments?post=24445"}],"wp:attachment":[{"href":"https:\/\/hamma-uwt.de\/pt-pt\/wp-json\/wp\/v2\/media?parent=24445"}],"wp:term":[{"taxonomy":"product_brand","embeddable":true,"href":"https:\/\/hamma-uwt.de\/pt-pt\/wp-json\/wp\/v2\/product_brand?post=24445"},{"taxonomy":"product_cat","embeddable":true,"href":"https:\/\/hamma-uwt.de\/pt-pt\/wp-json\/wp\/v2\/product_cat?post=24445"},{"taxonomy":"product_tag","embeddable":true,"href":"https:\/\/hamma-uwt.de\/pt-pt\/wp-json\/wp\/v2\/product_tag?post=24445"}],"curies":[{"name":"wp","href":"https:\/\/api.w.org\/{rel}","templated":true}]}}