{"id":24461,"date":"2025-07-14T12:06:49","date_gmt":"2025-07-14T10:06:49","guid":{"rendered":"https:\/\/hamma-uwt.de\/produkt\/conjunto-de-reequipamento-e-drive-para-carrinhos-de-bidoes\/"},"modified":"2025-07-14T12:06:49","modified_gmt":"2025-07-14T10:06:49","slug":"conjunto-de-reequipamento-e-drive-para-carrinhos-de-bidoes","status":"publish","type":"product","link":"https:\/\/hamma-uwt.de\/pt-pt\/produkt\/conjunto-de-reequipamento-e-drive-para-carrinhos-de-bidoes\/","title":{"rendered":"Conjunto de reequipamento E-Drive para carrinhos de bid\u00f5es"},"content":{"rendered":"<p>O kit de reequipamento cont\u00e9m todas as pe\u00e7as necess\u00e1rias para equipar o teu carro de transporte de bid\u00f5es HAMMA com o E-Drive.<br \/>\nAo fazer uma consulta, indica os dados do produto do carro de transporte de bid\u00f5es, ver autocolante do produto.<\/p>\n","protected":false},"excerpt":{"rendered":"<p>para carrinhos de bid\u00f5es<\/p>\n","protected":false},"featured_media":873,"comment_status":"closed","ping_status":"closed","template":"","meta":{"_acf_changed":false},"product_brand":[],"product_cat":[2684],"product_tag":[],"class_list":{"0":"post-24461","1":"product","2":"type-product","3":"status-publish","4":"has-post-thumbnail","6":"product_cat-acessorios-para-carrinhos-de-mao","8":"first","9":"instock","10":"purchasable","11":"product-type-simple"},"acf":[],"_links":{"self":[{"href":"https:\/\/hamma-uwt.de\/pt-pt\/wp-json\/wp\/v2\/product\/24461","targetHints":{"allow":["GET"]}}],"collection":[{"href":"https:\/\/hamma-uwt.de\/pt-pt\/wp-json\/wp\/v2\/product"}],"about":[{"href":"https:\/\/hamma-uwt.de\/pt-pt\/wp-json\/wp\/v2\/types\/product"}],"replies":[{"embeddable":true,"href":"https:\/\/hamma-uwt.de\/pt-pt\/wp-json\/wp\/v2\/comments?post=24461"}],"wp:featuredmedia":[{"embeddable":true,"href":"https:\/\/hamma-uwt.de\/pt-pt\/wp-json\/wp\/v2\/media\/873"}],"wp:attachment":[{"href":"https:\/\/hamma-uwt.de\/pt-pt\/wp-json\/wp\/v2\/media?parent=24461"}],"wp:term":[{"taxonomy":"product_brand","embeddable":true,"href":"https:\/\/hamma-uwt.de\/pt-pt\/wp-json\/wp\/v2\/product_brand?post=24461"},{"taxonomy":"product_cat","embeddable":true,"href":"https:\/\/hamma-uwt.de\/pt-pt\/wp-json\/wp\/v2\/product_cat?post=24461"},{"taxonomy":"product_tag","embeddable":true,"href":"https:\/\/hamma-uwt.de\/pt-pt\/wp-json\/wp\/v2\/product_tag?post=24461"}],"curies":[{"name":"wp","href":"https:\/\/api.w.org\/{rel}","templated":true}]}}