{"id":24470,"date":"2025-07-14T11:22:19","date_gmt":"2025-07-14T09:22:19","guid":{"rendered":"https:\/\/hamma-uwt.de\/produkt\/carrinho-de-barril\/"},"modified":"2025-07-14T11:22:19","modified_gmt":"2025-07-14T09:22:19","slug":"carrinho-de-barril","status":"publish","type":"product","link":"https:\/\/hamma-uwt.de\/pt-pt\/produkt\/carrinho-de-barril\/","title":{"rendered":"Carrinho de barril"},"content":{"rendered":"<p>O carrinho de bid\u00f5es torna o enchimento das tuas m\u00e1quinas muito r\u00e1pido, f\u00e1cil e flex\u00edvel. Podes deslocar o teu tambor de lubrificante de refrigera\u00e7\u00e3o e a tecnologia de mistura diretamente para a m\u00e1quina num instante<br \/>\npara o encher convenientemente no local. Cada carrinho de bid\u00f5es tem rod\u00edzios de deslizamento suave, um suporte de bid\u00f5es seguro e uma capacidade de 220 litros para tornar a tua viagem at\u00e9 \u00e0 m\u00e1quina simples e segura.  <\/p>\n<p>O carrinho do tambor pode acomodar o Misceo3 (incl. bateria), dois enroladores de mangueiras e um enrolador de cabos.<\/p>\n<p>As tuas vantagens:<\/p>\n<ul>\n<li>F\u00e1cil de deslocar gra\u00e7as \u00e0s rodas de funcionamento suave<\/li>\n<li>Design robusto e de alta qualidade<\/li>\n<li>Bandeja de recolha de \u00e1gua integrada<\/li>\n<li>F\u00e1cil de limpar<\/li>\n<li>Idealmente adaptado ao teu Misceo<\/li>\n<li>Muitas op\u00e7\u00f5es pr\u00e1ticas<\/li>\n<\/ul>\n","protected":false},"excerpt":{"rendered":"<p>(manual) preto com bandeja de recolha de \u00e1gua, cinta de seguran\u00e7a do tambor e suporte para MISCEO 3<\/p>\n","protected":false},"featured_media":2029,"comment_status":"closed","ping_status":"closed","template":"","meta":{"_acf_changed":false},"product_brand":[],"product_cat":[2803],"product_tag":[],"class_list":{"0":"post-24470","1":"product","2":"type-product","3":"status-publish","4":"has-post-thumbnail","6":"product_cat-carrinho-de-barril","8":"first","9":"instock","10":"purchasable","11":"product-type-simple"},"acf":[],"_links":{"self":[{"href":"https:\/\/hamma-uwt.de\/pt-pt\/wp-json\/wp\/v2\/product\/24470","targetHints":{"allow":["GET"]}}],"collection":[{"href":"https:\/\/hamma-uwt.de\/pt-pt\/wp-json\/wp\/v2\/product"}],"about":[{"href":"https:\/\/hamma-uwt.de\/pt-pt\/wp-json\/wp\/v2\/types\/product"}],"replies":[{"embeddable":true,"href":"https:\/\/hamma-uwt.de\/pt-pt\/wp-json\/wp\/v2\/comments?post=24470"}],"wp:featuredmedia":[{"embeddable":true,"href":"https:\/\/hamma-uwt.de\/pt-pt\/wp-json\/wp\/v2\/media\/2029"}],"wp:attachment":[{"href":"https:\/\/hamma-uwt.de\/pt-pt\/wp-json\/wp\/v2\/media?parent=24470"}],"wp:term":[{"taxonomy":"product_brand","embeddable":true,"href":"https:\/\/hamma-uwt.de\/pt-pt\/wp-json\/wp\/v2\/product_brand?post=24470"},{"taxonomy":"product_cat","embeddable":true,"href":"https:\/\/hamma-uwt.de\/pt-pt\/wp-json\/wp\/v2\/product_cat?post=24470"},{"taxonomy":"product_tag","embeddable":true,"href":"https:\/\/hamma-uwt.de\/pt-pt\/wp-json\/wp\/v2\/product_tag?post=24470"}],"curies":[{"name":"wp","href":"https:\/\/api.w.org\/{rel}","templated":true}]}}