{"id":24613,"date":"2025-08-12T14:37:48","date_gmt":"2025-08-12T12:37:48","guid":{"rendered":"https:\/\/hamma-uwt.de\/produkt\/consola-de-cuidados-compacta\/"},"modified":"2025-08-12T14:37:48","modified_gmt":"2025-08-12T12:37:48","slug":"consola-de-cuidados-compacta","status":"publish","type":"product","link":"https:\/\/hamma-uwt.de\/pt-pt\/produkt\/consola-de-cuidados-compacta\/","title":{"rendered":"Consola de cuidados compacta"},"content":{"rendered":"<p>A consola de manuten\u00e7\u00e3o combina os dispositivos e as vantagens de MIKRO, RAPID e RUBI. A unidade de manuten\u00e7\u00e3o pode ser fixada \u00e0 m\u00e1quina de forma r\u00e1pida e simples gra\u00e7as ao seu desenho funcional. As placas adaptadoras facilitam ainda mais a instala\u00e7\u00e3o.  <\/p>\n<p>&nbsp;<\/p>\n","protected":false},"excerpt":{"rendered":"<p>incl. RAPID 2.1 e RUBI<\/p>\n","protected":false},"featured_media":23399,"comment_status":"closed","ping_status":"closed","template":"","meta":{"_acf_changed":false},"product_brand":[],"product_cat":[2672],"product_tag":[],"class_list":{"0":"post-24613","1":"product","2":"type-product","3":"status-publish","4":"has-post-thumbnail","6":"product_cat-biobalanco","8":"first","9":"instock","10":"shipping-taxable","11":"purchasable","12":"product-type-variable"},"acf":[],"_links":{"self":[{"href":"https:\/\/hamma-uwt.de\/pt-pt\/wp-json\/wp\/v2\/product\/24613","targetHints":{"allow":["GET"]}}],"collection":[{"href":"https:\/\/hamma-uwt.de\/pt-pt\/wp-json\/wp\/v2\/product"}],"about":[{"href":"https:\/\/hamma-uwt.de\/pt-pt\/wp-json\/wp\/v2\/types\/product"}],"replies":[{"embeddable":true,"href":"https:\/\/hamma-uwt.de\/pt-pt\/wp-json\/wp\/v2\/comments?post=24613"}],"wp:featuredmedia":[{"embeddable":true,"href":"https:\/\/hamma-uwt.de\/pt-pt\/wp-json\/wp\/v2\/media\/23399"}],"wp:attachment":[{"href":"https:\/\/hamma-uwt.de\/pt-pt\/wp-json\/wp\/v2\/media?parent=24613"}],"wp:term":[{"taxonomy":"product_brand","embeddable":true,"href":"https:\/\/hamma-uwt.de\/pt-pt\/wp-json\/wp\/v2\/product_brand?post=24613"},{"taxonomy":"product_cat","embeddable":true,"href":"https:\/\/hamma-uwt.de\/pt-pt\/wp-json\/wp\/v2\/product_cat?post=24613"},{"taxonomy":"product_tag","embeddable":true,"href":"https:\/\/hamma-uwt.de\/pt-pt\/wp-json\/wp\/v2\/product_tag?post=24613"}],"curies":[{"name":"wp","href":"https:\/\/api.w.org\/{rel}","templated":true}]}}