{"id":24619,"date":"2025-08-11T13:43:37","date_gmt":"2025-08-11T11:43:37","guid":{"rendered":"https:\/\/hamma-uwt.de\/produkt\/mangueira-de-entrada-de-agua\/"},"modified":"2025-08-11T13:43:37","modified_gmt":"2025-08-11T11:43:37","slug":"mangueira-de-entrada-de-agua","status":"publish","type":"product","link":"https:\/\/hamma-uwt.de\/pt-pt\/produkt\/mangueira-de-entrada-de-agua\/","title":{"rendered":"Mangueira de entrada de \u00e1gua"},"content":{"rendered":"<p>Mangueira de entrada de \u00e1gua de 2 m para Misceo 3, incl. liga\u00e7\u00e3o para torneira 3\/4 &#8220;i (rosca f\u00eamea). <\/p>\n","protected":false},"excerpt":{"rendered":"<p>incl. Liga\u00e7\u00e3o da torneira de \u00e1gua, MISCEO 3 acess\u00f3rios<\/p>\n","protected":false},"featured_media":2530,"comment_status":"closed","ping_status":"closed","template":"","meta":{"_acf_changed":false},"product_brand":[],"product_cat":[2661,2810],"product_tag":[],"class_list":{"0":"post-24619","1":"product","2":"type-product","3":"status-publish","4":"has-post-thumbnail","6":"product_cat-acessorios-misceo","7":"product_cat-mangueira","9":"first","10":"instock","11":"shipping-taxable","12":"purchasable","13":"product-type-simple"},"acf":[],"_links":{"self":[{"href":"https:\/\/hamma-uwt.de\/pt-pt\/wp-json\/wp\/v2\/product\/24619","targetHints":{"allow":["GET"]}}],"collection":[{"href":"https:\/\/hamma-uwt.de\/pt-pt\/wp-json\/wp\/v2\/product"}],"about":[{"href":"https:\/\/hamma-uwt.de\/pt-pt\/wp-json\/wp\/v2\/types\/product"}],"replies":[{"embeddable":true,"href":"https:\/\/hamma-uwt.de\/pt-pt\/wp-json\/wp\/v2\/comments?post=24619"}],"wp:featuredmedia":[{"embeddable":true,"href":"https:\/\/hamma-uwt.de\/pt-pt\/wp-json\/wp\/v2\/media\/2530"}],"wp:attachment":[{"href":"https:\/\/hamma-uwt.de\/pt-pt\/wp-json\/wp\/v2\/media?parent=24619"}],"wp:term":[{"taxonomy":"product_brand","embeddable":true,"href":"https:\/\/hamma-uwt.de\/pt-pt\/wp-json\/wp\/v2\/product_brand?post=24619"},{"taxonomy":"product_cat","embeddable":true,"href":"https:\/\/hamma-uwt.de\/pt-pt\/wp-json\/wp\/v2\/product_cat?post=24619"},{"taxonomy":"product_tag","embeddable":true,"href":"https:\/\/hamma-uwt.de\/pt-pt\/wp-json\/wp\/v2\/product_tag?post=24619"}],"curies":[{"name":"wp","href":"https:\/\/api.w.org\/{rel}","templated":true}]}}