{"id":24637,"date":"2025-08-11T15:15:13","date_gmt":"2025-08-11T13:15:13","guid":{"rendered":"https:\/\/hamma-uwt.de\/produkt\/mangueira-de-aspiracao-do-concentrado\/"},"modified":"2025-08-11T15:15:13","modified_gmt":"2025-08-11T13:15:13","slug":"mangueira-de-aspiracao-do-concentrado","status":"publish","type":"product","link":"https:\/\/hamma-uwt.de\/pt-pt\/produkt\/mangueira-de-aspiracao-do-concentrado\/","title":{"rendered":"Mangueira de aspira\u00e7\u00e3o do concentrado"},"content":{"rendered":"<p>preto, flex\u00edvel, f\u00e1cil de utilizar<\/p>\n","protected":false},"excerpt":{"rendered":"<p>(por metro) Acess\u00f3rios MISCEO 3<\/p>\n","protected":false},"featured_media":2046,"comment_status":"closed","ping_status":"closed","template":"","meta":{"_acf_changed":false},"product_brand":[],"product_cat":[2661,2810],"product_tag":[],"class_list":{"0":"post-24637","1":"product","2":"type-product","3":"status-publish","4":"has-post-thumbnail","6":"product_cat-acessorios-misceo","7":"product_cat-mangueira","9":"first","10":"instock","11":"shipping-taxable","12":"purchasable","13":"product-type-simple"},"acf":[],"_links":{"self":[{"href":"https:\/\/hamma-uwt.de\/pt-pt\/wp-json\/wp\/v2\/product\/24637","targetHints":{"allow":["GET"]}}],"collection":[{"href":"https:\/\/hamma-uwt.de\/pt-pt\/wp-json\/wp\/v2\/product"}],"about":[{"href":"https:\/\/hamma-uwt.de\/pt-pt\/wp-json\/wp\/v2\/types\/product"}],"replies":[{"embeddable":true,"href":"https:\/\/hamma-uwt.de\/pt-pt\/wp-json\/wp\/v2\/comments?post=24637"}],"wp:featuredmedia":[{"embeddable":true,"href":"https:\/\/hamma-uwt.de\/pt-pt\/wp-json\/wp\/v2\/media\/2046"}],"wp:attachment":[{"href":"https:\/\/hamma-uwt.de\/pt-pt\/wp-json\/wp\/v2\/media?parent=24637"}],"wp:term":[{"taxonomy":"product_brand","embeddable":true,"href":"https:\/\/hamma-uwt.de\/pt-pt\/wp-json\/wp\/v2\/product_brand?post=24637"},{"taxonomy":"product_cat","embeddable":true,"href":"https:\/\/hamma-uwt.de\/pt-pt\/wp-json\/wp\/v2\/product_cat?post=24637"},{"taxonomy":"product_tag","embeddable":true,"href":"https:\/\/hamma-uwt.de\/pt-pt\/wp-json\/wp\/v2\/product_tag?post=24637"}],"curies":[{"name":"wp","href":"https:\/\/api.w.org\/{rel}","templated":true}]}}