{"id":24651,"date":"2025-08-12T14:55:22","date_gmt":"2025-08-12T12:55:22","guid":{"rendered":"https:\/\/hamma-uwt.de\/produkt\/consola-compacta-plus\/"},"modified":"2025-08-12T14:55:22","modified_gmt":"2025-08-12T12:55:22","slug":"consola-compacta-plus","status":"publish","type":"product","link":"https:\/\/hamma-uwt.de\/pt-pt\/produkt\/consola-compacta-plus\/","title":{"rendered":"Consola compacta plus"},"content":{"rendered":"<p>Consola Biobalance Compact plus para uma f\u00e1cil instala\u00e7\u00e3o e reequipamento de produtos de tratamento.<\/p>\n","protected":false},"excerpt":{"rendered":"<p>para montagem de Rapid 2.1, Rubi e Mikro 200\/300<\/p>\n","protected":false},"featured_media":2032,"comment_status":"closed","ping_status":"closed","template":"","meta":{"_acf_changed":false},"product_brand":[],"product_cat":[2669],"product_tag":[],"class_list":{"0":"post-24651","1":"product","2":"type-product","3":"status-publish","4":"has-post-thumbnail","6":"product_cat-acessorios-biobalance","8":"first","9":"instock","10":"purchasable","11":"product-type-simple"},"acf":[],"_links":{"self":[{"href":"https:\/\/hamma-uwt.de\/pt-pt\/wp-json\/wp\/v2\/product\/24651","targetHints":{"allow":["GET"]}}],"collection":[{"href":"https:\/\/hamma-uwt.de\/pt-pt\/wp-json\/wp\/v2\/product"}],"about":[{"href":"https:\/\/hamma-uwt.de\/pt-pt\/wp-json\/wp\/v2\/types\/product"}],"replies":[{"embeddable":true,"href":"https:\/\/hamma-uwt.de\/pt-pt\/wp-json\/wp\/v2\/comments?post=24651"}],"wp:featuredmedia":[{"embeddable":true,"href":"https:\/\/hamma-uwt.de\/pt-pt\/wp-json\/wp\/v2\/media\/2032"}],"wp:attachment":[{"href":"https:\/\/hamma-uwt.de\/pt-pt\/wp-json\/wp\/v2\/media?parent=24651"}],"wp:term":[{"taxonomy":"product_brand","embeddable":true,"href":"https:\/\/hamma-uwt.de\/pt-pt\/wp-json\/wp\/v2\/product_brand?post=24651"},{"taxonomy":"product_cat","embeddable":true,"href":"https:\/\/hamma-uwt.de\/pt-pt\/wp-json\/wp\/v2\/product_cat?post=24651"},{"taxonomy":"product_tag","embeddable":true,"href":"https:\/\/hamma-uwt.de\/pt-pt\/wp-json\/wp\/v2\/product_tag?post=24651"}],"curies":[{"name":"wp","href":"https:\/\/api.w.org\/{rel}","templated":true}]}}