{"id":24661,"date":"2025-07-14T12:06:44","date_gmt":"2025-07-14T10:06:44","guid":{"rendered":"https:\/\/hamma-uwt.de\/produkt\/conjunto-de-monitorizacao-do-nivel\/"},"modified":"2025-07-14T12:06:44","modified_gmt":"2025-07-14T10:06:44","slug":"conjunto-de-monitorizacao-do-nivel","status":"publish","type":"product","link":"https:\/\/hamma-uwt.de\/pt-pt\/produkt\/conjunto-de-monitorizacao-do-nivel\/","title":{"rendered":"Conjunto de monitoriza\u00e7\u00e3o do n\u00edvel"},"content":{"rendered":"<p>O monitor de n\u00edvel de enchimento F\u00dc-1 \u00e9 um sistema de monitoriza\u00e7\u00e3o totalmente controlado eletronicamente para controlar o enchimento autom\u00e1tico de um contentor. O sistema de monitoramento reconhece, atrav\u00e9s de sensores, o n\u00edvel de enchimento de um recipiente e abre e fecha uma v\u00e1lvula conforme necess\u00e1rio. Os componentes de alta qualidade (por exemplo, paragem de emerg\u00eancia de acordo com WHG) permitem um enchimento seguro, fi\u00e1vel e autom\u00e1tico.  <\/p>\n<p>Gra\u00e7as ao conjunto pronto a ligar, podes encher a tua m\u00e1quina de forma r\u00e1pida, f\u00e1cil e fi\u00e1vel automaticamente em combina\u00e7\u00e3o com a MISCEO 3.<\/p>\n<p>As tuas vantagens:<\/p>\n<ul>\n<li>M\u00e1quina autom\u00e1tica de enchimento<\/li>\n<li>Produ\u00e7\u00e3o fi\u00e1vel<\/li>\n<li>Solu\u00e7\u00e3o completa pronta a ligar (instala\u00e7\u00e3o simples)<\/li>\n<li>Paragem de emerg\u00eancia de acordo com WHG<\/li>\n<li>Temperatura uniforme do lubrificante de arrefecimento \/ Concentra\u00e7\u00e3o est\u00e1vel do lubrificante de arrefecimento<\/li>\n<\/ul>\n","protected":false},"excerpt":{"rendered":"<p>Monitor de n\u00edvel F\u00dc-1-24D conjunto completo<\/p>\n","protected":false},"featured_media":3786,"comment_status":"closed","ping_status":"closed","template":"","meta":{"_acf_changed":false},"product_brand":[],"product_cat":[2828],"product_tag":[],"class_list":{"0":"post-24661","1":"product","2":"type-product","3":"status-publish","4":"has-post-thumbnail","6":"product_cat-monitorizacao-do-nivel-de-enchimento","8":"first","9":"instock","10":"purchasable","11":"product-type-simple"},"acf":[],"_links":{"self":[{"href":"https:\/\/hamma-uwt.de\/pt-pt\/wp-json\/wp\/v2\/product\/24661","targetHints":{"allow":["GET"]}}],"collection":[{"href":"https:\/\/hamma-uwt.de\/pt-pt\/wp-json\/wp\/v2\/product"}],"about":[{"href":"https:\/\/hamma-uwt.de\/pt-pt\/wp-json\/wp\/v2\/types\/product"}],"replies":[{"embeddable":true,"href":"https:\/\/hamma-uwt.de\/pt-pt\/wp-json\/wp\/v2\/comments?post=24661"}],"wp:featuredmedia":[{"embeddable":true,"href":"https:\/\/hamma-uwt.de\/pt-pt\/wp-json\/wp\/v2\/media\/3786"}],"wp:attachment":[{"href":"https:\/\/hamma-uwt.de\/pt-pt\/wp-json\/wp\/v2\/media?parent=24661"}],"wp:term":[{"taxonomy":"product_brand","embeddable":true,"href":"https:\/\/hamma-uwt.de\/pt-pt\/wp-json\/wp\/v2\/product_brand?post=24661"},{"taxonomy":"product_cat","embeddable":true,"href":"https:\/\/hamma-uwt.de\/pt-pt\/wp-json\/wp\/v2\/product_cat?post=24661"},{"taxonomy":"product_tag","embeddable":true,"href":"https:\/\/hamma-uwt.de\/pt-pt\/wp-json\/wp\/v2\/product_tag?post=24661"}],"curies":[{"name":"wp","href":"https:\/\/api.w.org\/{rel}","templated":true}]}}