{"id":24832,"date":"2025-08-15T08:27:29","date_gmt":"2025-08-15T06:27:29","guid":{"rendered":"https:\/\/hamma-uwt.de\/produkt\/teste-de-caso-pequeno\/"},"modified":"2025-08-15T08:27:29","modified_gmt":"2025-08-15T06:27:29","slug":"teste-de-caso-pequeno","status":"publish","type":"product","link":"https:\/\/hamma-uwt.de\/pt-pt\/produkt\/teste-de-caso-pequeno\/","title":{"rendered":"TESTE DE CASO pequeno"},"content":{"rendered":"<p>O kit de teste Light \u00e9 fornecido sem um refrat\u00f3metro. O kit de teste compacto est\u00e1 pronto para a tua medi\u00e7\u00e3o TRGS-611. <\/p>\n<p>Com o caso de teste, est\u00e1s idealmente preparado para as medi\u00e7\u00f5es do teu lubrificante de refrigera\u00e7\u00e3o. Os dados do lubrificante de refrigera\u00e7\u00e3o dizem muito sobre a qualidade e o desempenho do teu lubrificante de refrigera\u00e7\u00e3o. Com uma monitoriza\u00e7\u00e3o constante e um manuseamento correto, existe um enorme potencial de desempenho e poupan\u00e7a no seu lubrificante de refrigera\u00e7\u00e3o. Os custos da m\u00e1quina e da ferramenta podem ser significativamente reduzidos, cria um ambiente higi\u00e9nico e sabe exatamente quando \u00e9 necess\u00e1ria uma mudan\u00e7a.   <\/p>\n<p>As tuas vantagens:<\/p>\n<ul>\n<li>Robusto, de alta qualidade e compacto<\/li>\n<li>Higi\u00e9nico, simples e eficaz<\/li>\n<li>est\u00e1 em conformidade com a norma TRGS 611<\/li>\n<li>Equil\u00edbrio biol\u00f3gico est\u00e1vel<\/li>\n<li>Aumenta o desempenho e poupa dinheiro<\/li>\n<\/ul>\n","protected":false},"excerpt":{"rendered":"<p>O kit de teste Light \u00e9 fornecido sem um refrat\u00f3metro. O kit de teste compacto est\u00e1 pronto para a tua medi\u00e7\u00e3o TRGS-611. Com o caso de teste, est\u00e1s idealmente preparado para as medi\u00e7\u00f5es do teu lubrificante de refrigera\u00e7\u00e3o. Os dados do lubrificante de refrigera\u00e7\u00e3o dizem muito sobre a qualidade e o desempenho do teu lubrificante [&hellip;]<\/p>\n","protected":false},"featured_media":3508,"comment_status":"closed","ping_status":"closed","template":"","meta":{"_acf_changed":false},"product_brand":[],"product_cat":[2830],"product_tag":[],"class_list":{"0":"post-24832","1":"product","2":"type-product","3":"status-publish","4":"has-post-thumbnail","6":"product_cat-caso-de-teste","8":"first","9":"instock","10":"shipping-taxable","11":"purchasable","12":"product-type-variable","13":"has-default-attributes"},"acf":[],"_links":{"self":[{"href":"https:\/\/hamma-uwt.de\/pt-pt\/wp-json\/wp\/v2\/product\/24832","targetHints":{"allow":["GET"]}}],"collection":[{"href":"https:\/\/hamma-uwt.de\/pt-pt\/wp-json\/wp\/v2\/product"}],"about":[{"href":"https:\/\/hamma-uwt.de\/pt-pt\/wp-json\/wp\/v2\/types\/product"}],"replies":[{"embeddable":true,"href":"https:\/\/hamma-uwt.de\/pt-pt\/wp-json\/wp\/v2\/comments?post=24832"}],"wp:featuredmedia":[{"embeddable":true,"href":"https:\/\/hamma-uwt.de\/pt-pt\/wp-json\/wp\/v2\/media\/3508"}],"wp:attachment":[{"href":"https:\/\/hamma-uwt.de\/pt-pt\/wp-json\/wp\/v2\/media?parent=24832"}],"wp:term":[{"taxonomy":"product_brand","embeddable":true,"href":"https:\/\/hamma-uwt.de\/pt-pt\/wp-json\/wp\/v2\/product_brand?post=24832"},{"taxonomy":"product_cat","embeddable":true,"href":"https:\/\/hamma-uwt.de\/pt-pt\/wp-json\/wp\/v2\/product_cat?post=24832"},{"taxonomy":"product_tag","embeddable":true,"href":"https:\/\/hamma-uwt.de\/pt-pt\/wp-json\/wp\/v2\/product_tag?post=24832"}],"curies":[{"name":"wp","href":"https:\/\/api.w.org\/{rel}","templated":true}]}}