{"id":24911,"date":"2025-08-13T10:10:03","date_gmt":"2025-08-13T08:10:03","guid":{"rendered":"https:\/\/hamma-uwt.de\/produkt\/rapid-1-1-especial\/"},"modified":"2025-08-13T10:10:03","modified_gmt":"2025-08-13T08:10:03","slug":"rapid-1-1-especial","status":"publish","type":"product","link":"https:\/\/hamma-uwt.de\/pt-pt\/produkt\/rapid-1-1-especial\/","title":{"rendered":"RAPID 1.1 Especial"},"content":{"rendered":"<p>Com o escumador de correia especial Rapid 1.1, remove r\u00e1pida e facilmente o \u00f3leo residual do lubrificante de arrefecimento de m\u00e1quinas com uma \u00e1rea de superf\u00edcie at\u00e9 6 m\u00b2.<\/p>\n<p>Muitas outras variantes dispon\u00edveis a pedido.<\/p>\n","protected":false},"excerpt":{"rendered":"<p>para fluidos quentes at\u00e9 70 \u00b0C, incl. rolo de a\u00e7o inoxid\u00e1vel, superf\u00edcies at\u00e9 6 m\u00b2 (sem tapete escumador) <\/p>\n","protected":false},"featured_media":4338,"comment_status":"closed","ping_status":"closed","template":"","meta":{"_acf_changed":false},"product_brand":[],"product_cat":[2748],"product_tag":[],"class_list":{"0":"post-24911","1":"product","2":"type-product","3":"status-publish","4":"has-post-thumbnail","6":"product_cat-rapid-1-1","8":"first","9":"instock","10":"purchasable","11":"product-type-variable"},"acf":[],"_links":{"self":[{"href":"https:\/\/hamma-uwt.de\/pt-pt\/wp-json\/wp\/v2\/product\/24911","targetHints":{"allow":["GET"]}}],"collection":[{"href":"https:\/\/hamma-uwt.de\/pt-pt\/wp-json\/wp\/v2\/product"}],"about":[{"href":"https:\/\/hamma-uwt.de\/pt-pt\/wp-json\/wp\/v2\/types\/product"}],"replies":[{"embeddable":true,"href":"https:\/\/hamma-uwt.de\/pt-pt\/wp-json\/wp\/v2\/comments?post=24911"}],"wp:featuredmedia":[{"embeddable":true,"href":"https:\/\/hamma-uwt.de\/pt-pt\/wp-json\/wp\/v2\/media\/4338"}],"wp:attachment":[{"href":"https:\/\/hamma-uwt.de\/pt-pt\/wp-json\/wp\/v2\/media?parent=24911"}],"wp:term":[{"taxonomy":"product_brand","embeddable":true,"href":"https:\/\/hamma-uwt.de\/pt-pt\/wp-json\/wp\/v2\/product_brand?post=24911"},{"taxonomy":"product_cat","embeddable":true,"href":"https:\/\/hamma-uwt.de\/pt-pt\/wp-json\/wp\/v2\/product_cat?post=24911"},{"taxonomy":"product_tag","embeddable":true,"href":"https:\/\/hamma-uwt.de\/pt-pt\/wp-json\/wp\/v2\/product_tag?post=24911"}],"curies":[{"name":"wp","href":"https:\/\/api.w.org\/{rel}","templated":true}]}}