{"id":24938,"date":"2025-08-12T15:51:50","date_gmt":"2025-08-12T13:51:50","guid":{"rendered":"https:\/\/hamma-uwt.de\/produkt\/mikro-1000\/"},"modified":"2025-08-12T15:51:50","modified_gmt":"2025-08-12T13:51:50","slug":"mikro-1000","status":"publish","type":"product","link":"https:\/\/hamma-uwt.de\/pt-pt\/produkt\/mikro-1000\/","title":{"rendered":"MIKRO 1000"},"content":{"rendered":"<p>O Mikro 1000 areja contentores at\u00e9 1000 litros.<\/p>\n<p>O micro arejador fornece-te um lubrificante de refrigera\u00e7\u00e3o da mais alta qualidade atrav\u00e9s da introdu\u00e7\u00e3o de oxig\u00e9nio atmosf\u00e9rico. Gra\u00e7as \u00e0 sua instala\u00e7\u00e3o e opera\u00e7\u00e3o simples, o Mikro pode ser rapidamente ajustado aos requisitos do teu lubrificante de arrefecimento. O Mikro pode ser controlado conforme necess\u00e1rio atrav\u00e9s do seu temporizador. Com a ajuda das suas placas de aera\u00e7\u00e3o, as bolhas de ar mais finas e definidas flutuam atrav\u00e9s do lubrificante de arrefecimento a uma velocidade de flutua\u00e7\u00e3o pr\u00e9-determinada. Isto permite que o lubrificante de arrefecimento reabsorva o oxig\u00e9nio usado, restaurando o bioequil\u00edbrio.    <\/p>\n<p>As tuas vantagens :<\/p>\n<ul>\n<li>Equil\u00edbrio biol\u00f3gico est\u00e1vel<\/li>\n<li>Lubrificante de arrefecimento de desempenho muito elevado<\/li>\n<li>Dados de corte mais elevados<\/li>\n<li>Longa vida \u00fatil das tuas ferramentas e m\u00e1quinas<\/li>\n<li>Elevada higiene da pele<\/li>\n<\/ul>\n<p>&nbsp;<\/p>\n<p>Para completar a tua manuten\u00e7\u00e3o, combina o teu micro arejador com o escumador de \u00f3leo Rapid para obteres um lubrificante de arrefecimento sempre limpo e bioest\u00e1vel com \u00f3ptimas propriedades de produ\u00e7\u00e3o.<\/p>\n","protected":false},"excerpt":{"rendered":"<p>incl. Unidade de ventila\u00e7\u00e3o com 4 placas de ventila\u00e7\u00e3o<\/p>\n","protected":false},"featured_media":4160,"comment_status":"closed","ping_status":"closed","template":"","meta":{"_acf_changed":false},"product_brand":[],"product_cat":[2853],"product_tag":[],"class_list":{"0":"post-24938","1":"product","2":"type-product","3":"status-publish","4":"has-post-thumbnail","6":"product_cat-micro-arejador","8":"first","9":"instock","10":"shipping-taxable","11":"purchasable","12":"product-type-simple"},"acf":[],"_links":{"self":[{"href":"https:\/\/hamma-uwt.de\/pt-pt\/wp-json\/wp\/v2\/product\/24938","targetHints":{"allow":["GET"]}}],"collection":[{"href":"https:\/\/hamma-uwt.de\/pt-pt\/wp-json\/wp\/v2\/product"}],"about":[{"href":"https:\/\/hamma-uwt.de\/pt-pt\/wp-json\/wp\/v2\/types\/product"}],"replies":[{"embeddable":true,"href":"https:\/\/hamma-uwt.de\/pt-pt\/wp-json\/wp\/v2\/comments?post=24938"}],"wp:featuredmedia":[{"embeddable":true,"href":"https:\/\/hamma-uwt.de\/pt-pt\/wp-json\/wp\/v2\/media\/4160"}],"wp:attachment":[{"href":"https:\/\/hamma-uwt.de\/pt-pt\/wp-json\/wp\/v2\/media?parent=24938"}],"wp:term":[{"taxonomy":"product_brand","embeddable":true,"href":"https:\/\/hamma-uwt.de\/pt-pt\/wp-json\/wp\/v2\/product_brand?post=24938"},{"taxonomy":"product_cat","embeddable":true,"href":"https:\/\/hamma-uwt.de\/pt-pt\/wp-json\/wp\/v2\/product_cat?post=24938"},{"taxonomy":"product_tag","embeddable":true,"href":"https:\/\/hamma-uwt.de\/pt-pt\/wp-json\/wp\/v2\/product_tag?post=24938"}],"curies":[{"name":"wp","href":"https:\/\/api.w.org\/{rel}","templated":true}]}}