{"id":24952,"date":"2025-07-14T12:06:49","date_gmt":"2025-07-14T10:06:49","guid":{"rendered":"https:\/\/hamma-uwt.de\/produkt\/chave-de-cano\/"},"modified":"2025-07-14T12:06:49","modified_gmt":"2025-07-14T10:06:49","slug":"chave-de-cano","status":"publish","type":"product","link":"https:\/\/hamma-uwt.de\/pt-pt\/produkt\/chave-de-cano\/","title":{"rendered":"Chave de cano"},"content":{"rendered":"<p>Com a chave de tambor, podes abrir e fechar os teus tambores num instante. O removedor de vedantes integrado retira os vedantes do tambor de forma f\u00e1cil e segura. A chave de tambor manual proporciona uma alavancagem \u00f3ptima para uma abertura segura<br \/>\nde tambores de a\u00e7o de 200 litros. Gra\u00e7as ao seu design optimizado feito de a\u00e7o inoxid\u00e1vel robusto e<br \/>\nendurecido, \u00e9 muito dur\u00e1vel e f\u00e1cil de utilizar.   <\/p>\n<p>Gra\u00e7as ao seu orif\u00edcio de fixa\u00e7\u00e3o bem posicionado, a chave de cano \u00e9 f\u00e1cil de guardar.<\/p>\n<p>As tuas vantagens<\/p>\n<ul>\n<li>Abertura f\u00e1cil gra\u00e7as \u00e0 otimiza\u00e7\u00e3o<\/li>\n<li>Efeito de alavanca<\/li>\n<li>Removedor de juntas integrado<\/li>\n<li>Design em a\u00e7o inoxid\u00e1vel de alta qualidade<\/li>\n<li>Robusto e pr\u00e1tico<\/li>\n<li>Design compacto<\/li>\n<li>Pega ergon\u00f3mica<\/li>\n<\/ul>\n","protected":false},"excerpt":{"rendered":"<p>Para abrir bid\u00f5es de 60 litros e 200 litros<\/p>\n","protected":false},"featured_media":3850,"comment_status":"closed","ping_status":"closed","template":"","meta":{"_acf_changed":false},"product_brand":[],"product_cat":[2661,2664,2663],"product_tag":[],"class_list":{"0":"post-24952","1":"product","2":"type-product","3":"status-publish","4":"has-post-thumbnail","6":"product_cat-acessorios-misceo","7":"product_cat-ajudantes-fortes","8":"product_cat-chave-do-contentor","10":"first","11":"instock","12":"purchasable","13":"product-type-simple"},"acf":[],"_links":{"self":[{"href":"https:\/\/hamma-uwt.de\/pt-pt\/wp-json\/wp\/v2\/product\/24952","targetHints":{"allow":["GET"]}}],"collection":[{"href":"https:\/\/hamma-uwt.de\/pt-pt\/wp-json\/wp\/v2\/product"}],"about":[{"href":"https:\/\/hamma-uwt.de\/pt-pt\/wp-json\/wp\/v2\/types\/product"}],"replies":[{"embeddable":true,"href":"https:\/\/hamma-uwt.de\/pt-pt\/wp-json\/wp\/v2\/comments?post=24952"}],"wp:featuredmedia":[{"embeddable":true,"href":"https:\/\/hamma-uwt.de\/pt-pt\/wp-json\/wp\/v2\/media\/3850"}],"wp:attachment":[{"href":"https:\/\/hamma-uwt.de\/pt-pt\/wp-json\/wp\/v2\/media?parent=24952"}],"wp:term":[{"taxonomy":"product_brand","embeddable":true,"href":"https:\/\/hamma-uwt.de\/pt-pt\/wp-json\/wp\/v2\/product_brand?post=24952"},{"taxonomy":"product_cat","embeddable":true,"href":"https:\/\/hamma-uwt.de\/pt-pt\/wp-json\/wp\/v2\/product_cat?post=24952"},{"taxonomy":"product_tag","embeddable":true,"href":"https:\/\/hamma-uwt.de\/pt-pt\/wp-json\/wp\/v2\/product_tag?post=24952"}],"curies":[{"name":"wp","href":"https:\/\/api.w.org\/{rel}","templated":true}]}}