{"id":24961,"date":"2025-07-14T12:06:39","date_gmt":"2025-07-14T10:06:39","guid":{"rendered":"https:\/\/hamma-uwt.de\/produkt\/torre-limpa-150\/"},"modified":"2025-07-14T12:06:39","modified_gmt":"2025-07-14T10:06:39","slug":"torre-limpa-150","status":"publish","type":"product","link":"https:\/\/hamma-uwt.de\/pt-pt\/produkt\/torre-limpa-150\/","title":{"rendered":"TORRE LIMPA 150"},"content":{"rendered":"<p>O Clean-Tower 150 oferece-te um cuidado completo com o teu lubrificante de refrigera\u00e7\u00e3o. A utiliza\u00e7\u00e3o de flota\u00e7\u00e3o por ar dissolvido faz com que os \u00f3leos residuais, as part\u00edculas em suspens\u00e3o e a defici\u00eancia de oxig\u00e9nio sejam uma coisa do passado. <\/p>\n<p>O sistema de limpeza m\u00f3vel aspira o lubrificante de refrigera\u00e7\u00e3o contaminado da superf\u00edcie e transfere-o para a c\u00e2mara do reator. O CLEAN-TOWER faz flutuar os \u00f3leos estranhos<br \/>\ne as part\u00edculas em suspens\u00e3o para a superf\u00edcie com o ar introduzido, transfere-os para o dep\u00f3sito de sujidade integrado, enriquece o seu lubrificante de refrigera\u00e7\u00e3o com oxig\u00e9nio e devolve-o \u00e0 m\u00e1quina de produ\u00e7\u00e3o. No futuro, trabalhar\u00e1s permanentemente com um lubrificante de arrefecimento de alto rendimento e saud\u00e1vel, sem compromissos!  <\/p>\n<p>&nbsp;<\/p>\n<p>As tuas vantagens:<\/p>\n<ul>\n<li>Reduz os custos operacionais<\/li>\n<li>Aumento da vida \u00fatil da ferramenta, da m\u00e1quina e do lubrificante de refrigera\u00e7\u00e3o<\/li>\n<li>melhora a qualidade da produ\u00e7\u00e3o<\/li>\n<li>aumenta a velocidade de produ\u00e7\u00e3o<\/li>\n<li>Evita o inc\u00f3modo de odores<\/li>\n<li>V\u00ea claramente a m\u00e1quina<\/li>\n<li>Aumenta a higiene e a satisfa\u00e7\u00e3o dos empregados<\/li>\n<\/ul>\n<p>&nbsp;<\/p>\n","protected":false},"excerpt":{"rendered":"<p>incl. tubagem \/ tubagem e flutuador de aspira\u00e7\u00e3o AS 100 <\/p>\n","protected":false},"featured_media":2049,"comment_status":"closed","ping_status":"closed","template":"","meta":{"_acf_changed":false},"product_brand":[],"product_cat":[2747],"product_tag":[],"class_list":{"0":"post-24961","1":"product","2":"type-product","3":"status-publish","4":"has-post-thumbnail","6":"product_cat-torre-limpa","8":"first","9":"instock","10":"purchasable","11":"product-type-simple"},"acf":[],"_links":{"self":[{"href":"https:\/\/hamma-uwt.de\/pt-pt\/wp-json\/wp\/v2\/product\/24961","targetHints":{"allow":["GET"]}}],"collection":[{"href":"https:\/\/hamma-uwt.de\/pt-pt\/wp-json\/wp\/v2\/product"}],"about":[{"href":"https:\/\/hamma-uwt.de\/pt-pt\/wp-json\/wp\/v2\/types\/product"}],"replies":[{"embeddable":true,"href":"https:\/\/hamma-uwt.de\/pt-pt\/wp-json\/wp\/v2\/comments?post=24961"}],"wp:featuredmedia":[{"embeddable":true,"href":"https:\/\/hamma-uwt.de\/pt-pt\/wp-json\/wp\/v2\/media\/2049"}],"wp:attachment":[{"href":"https:\/\/hamma-uwt.de\/pt-pt\/wp-json\/wp\/v2\/media?parent=24961"}],"wp:term":[{"taxonomy":"product_brand","embeddable":true,"href":"https:\/\/hamma-uwt.de\/pt-pt\/wp-json\/wp\/v2\/product_brand?post=24961"},{"taxonomy":"product_cat","embeddable":true,"href":"https:\/\/hamma-uwt.de\/pt-pt\/wp-json\/wp\/v2\/product_cat?post=24961"},{"taxonomy":"product_tag","embeddable":true,"href":"https:\/\/hamma-uwt.de\/pt-pt\/wp-json\/wp\/v2\/product_tag?post=24961"}],"curies":[{"name":"wp","href":"https:\/\/api.w.org\/{rel}","templated":true}]}}