{"id":25002,"date":"2025-08-15T08:33:10","date_gmt":"2025-08-15T06:33:10","guid":{"rendered":"https:\/\/hamma-uwt.de\/produkt\/caso-de-teste\/"},"modified":"2025-08-15T08:33:10","modified_gmt":"2025-08-15T06:33:10","slug":"caso-de-teste","status":"publish","type":"product","link":"https:\/\/hamma-uwt.de\/pt-pt\/produkt\/caso-de-teste\/","title":{"rendered":"CASO DE TESTE"},"content":{"rendered":"<p>As outras vers\u00f5es oferecem-te ainda mais op\u00e7\u00f5es para efectuares medi\u00e7\u00f5es TRGS 611 de forma muito simples, r\u00e1pida e precisa ao mais alto n\u00edvel. Al\u00e9m disso, podes determinar digitalmente a condutividade e o valor de pH e criar ainda mais comodidade de medi\u00e7\u00e3o com o refrat\u00f3metro digital. <\/p>\n<p>Com o caso de teste, est\u00e1s idealmente preparado para as medi\u00e7\u00f5es do teu lubrificante de refrigera\u00e7\u00e3o. Os dados do lubrificante de refrigera\u00e7\u00e3o dizem muito sobre a qualidade e o desempenho do teu lubrificante de refrigera\u00e7\u00e3o. Com uma monitoriza\u00e7\u00e3o constante e um manuseamento correto, existe um enorme potencial de desempenho e poupan\u00e7a no seu lubrificante de refrigera\u00e7\u00e3o. Os custos da m\u00e1quina e da ferramenta podem ser significativamente reduzidos, cria um ambiente higi\u00e9nico e sabe exatamente quando \u00e9 necess\u00e1ria uma mudan\u00e7a.   <\/p>\n<p>As tuas vantagens:<\/p>\n<ul>\n<li>Robusto, de alta qualidade e compacto<\/li>\n<li>Higi\u00e9nico, simples e eficaz<\/li>\n<li>est\u00e1 em conformidade com a norma TRGS 611<\/li>\n<li>Equil\u00edbrio biol\u00f3gico est\u00e1vel<\/li>\n<li>Aumenta o desempenho e poupa dinheiro<\/li>\n<\/ul>\n","protected":false},"excerpt":{"rendered":"<p>As outras vers\u00f5es oferecem-te ainda mais op\u00e7\u00f5es para efectuares medi\u00e7\u00f5es TRGS 611 de forma muito simples, r\u00e1pida e precisa ao mais alto n\u00edvel. Al\u00e9m disso, podes determinar digitalmente a condutividade e o valor de pH e criar ainda mais comodidade de medi\u00e7\u00e3o com o refrat\u00f3metro digital. Com o caso de teste, est\u00e1s idealmente preparado para [&hellip;]<\/p>\n","protected":false},"featured_media":2037,"comment_status":"closed","ping_status":"closed","template":"","meta":{"_acf_changed":false},"product_brand":[],"product_cat":[2830],"product_tag":[],"class_list":{"0":"post-25002","1":"product","2":"type-product","3":"status-publish","4":"has-post-thumbnail","6":"product_cat-caso-de-teste","8":"first","9":"instock","10":"shipping-taxable","11":"purchasable","12":"product-type-variable","13":"has-default-attributes"},"acf":[],"_links":{"self":[{"href":"https:\/\/hamma-uwt.de\/pt-pt\/wp-json\/wp\/v2\/product\/25002","targetHints":{"allow":["GET"]}}],"collection":[{"href":"https:\/\/hamma-uwt.de\/pt-pt\/wp-json\/wp\/v2\/product"}],"about":[{"href":"https:\/\/hamma-uwt.de\/pt-pt\/wp-json\/wp\/v2\/types\/product"}],"replies":[{"embeddable":true,"href":"https:\/\/hamma-uwt.de\/pt-pt\/wp-json\/wp\/v2\/comments?post=25002"}],"wp:featuredmedia":[{"embeddable":true,"href":"https:\/\/hamma-uwt.de\/pt-pt\/wp-json\/wp\/v2\/media\/2037"}],"wp:attachment":[{"href":"https:\/\/hamma-uwt.de\/pt-pt\/wp-json\/wp\/v2\/media?parent=25002"}],"wp:term":[{"taxonomy":"product_brand","embeddable":true,"href":"https:\/\/hamma-uwt.de\/pt-pt\/wp-json\/wp\/v2\/product_brand?post=25002"},{"taxonomy":"product_cat","embeddable":true,"href":"https:\/\/hamma-uwt.de\/pt-pt\/wp-json\/wp\/v2\/product_cat?post=25002"},{"taxonomy":"product_tag","embeddable":true,"href":"https:\/\/hamma-uwt.de\/pt-pt\/wp-json\/wp\/v2\/product_tag?post=25002"}],"curies":[{"name":"wp","href":"https:\/\/api.w.org\/{rel}","templated":true}]}}