{"id":25031,"date":"2025-07-14T12:06:53","date_gmt":"2025-07-14T10:06:53","guid":{"rendered":"https:\/\/hamma-uwt.de\/produkt\/plano-de-manutencao-kss\/"},"modified":"2025-07-14T12:06:53","modified_gmt":"2025-07-14T10:06:53","slug":"plano-de-manutencao-kss","status":"publish","type":"product","link":"https:\/\/hamma-uwt.de\/pt-pt\/produkt\/plano-de-manutencao-kss\/","title":{"rendered":"Plano de manuten\u00e7\u00e3o KSS"},"content":{"rendered":"<p>Formul\u00e1rio 50x: Plano de manuten\u00e7\u00e3o para o teu lubrificante de refrigera\u00e7\u00e3o<\/p>\n","protected":false},"excerpt":{"rendered":"<p>(2 x blocos DIN A4 de 25 folhas cada)<\/p>\n","protected":false},"featured_media":910,"comment_status":"closed","ping_status":"closed","template":"","meta":{"_acf_changed":false},"product_brand":[],"product_cat":[2667],"product_tag":[],"class_list":{"0":"post-25031","1":"product","2":"type-product","3":"status-publish","4":"has-post-thumbnail","6":"product_cat-acessorios-do-caso-de-teste","8":"first","9":"instock","10":"purchasable","11":"product-type-simple"},"acf":[],"_links":{"self":[{"href":"https:\/\/hamma-uwt.de\/pt-pt\/wp-json\/wp\/v2\/product\/25031","targetHints":{"allow":["GET"]}}],"collection":[{"href":"https:\/\/hamma-uwt.de\/pt-pt\/wp-json\/wp\/v2\/product"}],"about":[{"href":"https:\/\/hamma-uwt.de\/pt-pt\/wp-json\/wp\/v2\/types\/product"}],"replies":[{"embeddable":true,"href":"https:\/\/hamma-uwt.de\/pt-pt\/wp-json\/wp\/v2\/comments?post=25031"}],"wp:featuredmedia":[{"embeddable":true,"href":"https:\/\/hamma-uwt.de\/pt-pt\/wp-json\/wp\/v2\/media\/910"}],"wp:attachment":[{"href":"https:\/\/hamma-uwt.de\/pt-pt\/wp-json\/wp\/v2\/media?parent=25031"}],"wp:term":[{"taxonomy":"product_brand","embeddable":true,"href":"https:\/\/hamma-uwt.de\/pt-pt\/wp-json\/wp\/v2\/product_brand?post=25031"},{"taxonomy":"product_cat","embeddable":true,"href":"https:\/\/hamma-uwt.de\/pt-pt\/wp-json\/wp\/v2\/product_cat?post=25031"},{"taxonomy":"product_tag","embeddable":true,"href":"https:\/\/hamma-uwt.de\/pt-pt\/wp-json\/wp\/v2\/product_tag?post=25031"}],"curies":[{"name":"wp","href":"https:\/\/api.w.org\/{rel}","templated":true}]}}