{"id":25033,"date":"2025-07-14T12:06:44","date_gmt":"2025-07-14T10:06:44","guid":{"rendered":"https:\/\/hamma-uwt.de\/produkt\/bateria\/"},"modified":"2025-07-14T12:06:44","modified_gmt":"2025-07-14T10:06:44","slug":"bateria","status":"publish","type":"product","link":"https:\/\/hamma-uwt.de\/pt-pt\/produkt\/bateria\/","title":{"rendered":"Bateria"},"content":{"rendered":"<p>A bateria recarreg\u00e1vel torna o teu Misceo 3 ainda mais flex\u00edvel.<\/p>\n<p>O elevado desempenho permite-te operar o Misceo durante aprox. 8 horas sem teres de o ligar \u00e0 rede el\u00e9ctrica e o visor claro mant\u00e9m-te constantemente informado sobre o n\u00edvel de carga da bateria. A bateria pode ser ligada e desligada a qualquer momento atrav\u00e9s do bot\u00e3o on\/off e pode ser montada diretamente no Misceo ou colocada no tambor atr\u00e1s do Misceo. Com a sua apar\u00eancia uniforme, o Misceo e a bateria formam uma unidade poderosa.  <\/p>\n<p>A bateria tamb\u00e9m pode servir como uma poderosa reserva de energia para outros dispositivos de 24 V CC.<\/p>\n","protected":false},"excerpt":{"rendered":"<p>Bateria recarreg\u00e1vel para a misturadora Misceo<\/p>\n","protected":false},"featured_media":1031,"comment_status":"closed","ping_status":"closed","template":"","meta":{"_acf_changed":false},"product_brand":[],"product_cat":[2768],"product_tag":[],"class_list":{"0":"post-25033","1":"product","2":"type-product","3":"status-publish","4":"has-post-thumbnail","6":"product_cat-misturador-misceo","8":"first","9":"instock","10":"purchasable","11":"product-type-simple"},"acf":[],"_links":{"self":[{"href":"https:\/\/hamma-uwt.de\/pt-pt\/wp-json\/wp\/v2\/product\/25033","targetHints":{"allow":["GET"]}}],"collection":[{"href":"https:\/\/hamma-uwt.de\/pt-pt\/wp-json\/wp\/v2\/product"}],"about":[{"href":"https:\/\/hamma-uwt.de\/pt-pt\/wp-json\/wp\/v2\/types\/product"}],"replies":[{"embeddable":true,"href":"https:\/\/hamma-uwt.de\/pt-pt\/wp-json\/wp\/v2\/comments?post=25033"}],"wp:featuredmedia":[{"embeddable":true,"href":"https:\/\/hamma-uwt.de\/pt-pt\/wp-json\/wp\/v2\/media\/1031"}],"wp:attachment":[{"href":"https:\/\/hamma-uwt.de\/pt-pt\/wp-json\/wp\/v2\/media?parent=25033"}],"wp:term":[{"taxonomy":"product_brand","embeddable":true,"href":"https:\/\/hamma-uwt.de\/pt-pt\/wp-json\/wp\/v2\/product_brand?post=25033"},{"taxonomy":"product_cat","embeddable":true,"href":"https:\/\/hamma-uwt.de\/pt-pt\/wp-json\/wp\/v2\/product_cat?post=25033"},{"taxonomy":"product_tag","embeddable":true,"href":"https:\/\/hamma-uwt.de\/pt-pt\/wp-json\/wp\/v2\/product_tag?post=25033"}],"curies":[{"name":"wp","href":"https:\/\/api.w.org\/{rel}","templated":true}]}}