{"id":8041,"date":"2025-04-11T13:47:06","date_gmt":"2025-04-11T11:47:06","guid":{"rendered":"https:\/\/hamma-uwt.de\/eliminarea-deseurilor\/"},"modified":"2026-03-04T10:45:45","modified_gmt":"2026-03-04T09:45:45","slug":"eliminarea-deseurilor","status":"publish","type":"page","link":"https:\/\/hamma-uwt.de\/ro\/eliminarea-deseurilor\/","title":{"rendered":"Eliminarea de\u0219eurilor"},"content":{"rendered":"\t\t<div data-elementor-type=\"wp-page\" data-elementor-id=\"8041\" class=\"elementor elementor-8041 elementor-33\" data-elementor-post-type=\"page\">\n\t\t\t\t<div class=\"elementor-element elementor-element-0562d8c e-flex e-con-boxed e-con e-parent\" data-id=\"0562d8c\" data-element_type=\"container\" data-e-type=\"container\" data-settings=\"{&quot;background_background&quot;:&quot;classic&quot;,&quot;jet_parallax_layout_list&quot;:[]}\">\n\t\t\t\t\t<div class=\"e-con-inner\">\n\t\t<div class=\"elementor-element elementor-element-6863982 e-con-full e-flex e-con e-child\" data-id=\"6863982\" data-element_type=\"container\" data-e-type=\"container\" data-settings=\"{&quot;jet_parallax_layout_list&quot;:[]}\">\n\t\t\t\t<div class=\"elementor-element elementor-element-b4a9ebb elementor-widget elementor-widget-heading\" data-id=\"b4a9ebb\" data-element_type=\"widget\" data-e-type=\"widget\" data-widget_type=\"heading.default\">\n\t\t\t\t\t<h1 class=\"elementor-heading-title elementor-size-default\">Reciclare \u0219i eliminare\n<\/h1>\t\t\t\t<\/div>\n\t\t\t\t<div class=\"elementor-element elementor-element-83a3a0b elementor-widget elementor-widget-text-editor\" data-id=\"83a3a0b\" data-element_type=\"widget\" data-e-type=\"widget\" data-widget_type=\"text-editor.default\">\n\t\t\t\t\t\t\t\t\t<p><strong>Produc\u021bie cu responsabilitate<\/strong><\/p><p>Ca produc\u0103tor de tehnologie pentru lubrifian\u021bi de r\u0103cire, suntem con\u0219tien\u021bi de responsabilitatea noastr\u0103. Fabric\u0103m, ambal\u0103m, recicl\u0103m \u0219i elimin\u0103m produsele noastre cu un nivel ridicat de responsabilitate personal\u0103, moralitate \u0219i cea mai mare durabilitate posibil\u0103. Ajuta\u021bi-ne s\u0103 men\u021binem materialele reciclabile \u00een ciclu.  <\/p>\t\t\t\t\t\t\t\t<\/div>\n\t\t\t\t<div class=\"elementor-element elementor-element-e178daf elementor-widget elementor-widget-text-editor\" data-id=\"e178daf\" data-element_type=\"widget\" data-e-type=\"widget\" data-widget_type=\"text-editor.default\">\n\t\t\t\t\t\t\t\t\t<p><strong>\u00cempreun\u0103 pentru un viitor s\u0103n\u0103tos \u0219i durabil.<\/strong><\/p>\t\t\t\t\t\t\t\t<\/div>\n\t\t\t\t<\/div>\n\t\t\t\t\t<\/div>\n\t\t\t\t<\/div>\n\t\t<div class=\"elementor-element elementor-element-8f43e42 e-flex e-con-boxed e-con e-parent\" data-id=\"8f43e42\" data-element_type=\"container\" data-e-type=\"container\" data-settings=\"{&quot;jet_parallax_layout_list&quot;:[]}\">\n\t\t\t\t\t<div class=\"e-con-inner\">\n\t\t<div class=\"elementor-element elementor-element-ff5ee9e e-con-full e-flex e-con e-child\" data-id=\"ff5ee9e\" data-element_type=\"container\" data-e-type=\"container\" data-settings=\"{&quot;jet_parallax_layout_list&quot;:[]}\">\n\t\t\t\t<div class=\"elementor-element elementor-element-0964308 elementor-widget elementor-widget-heading\" data-id=\"0964308\" data-element_type=\"widget\" data-e-type=\"widget\" data-widget_type=\"heading.default\">\n\t\t\t\t\t<h2 class=\"elementor-heading-title elementor-size-default\">DEEE - de\u0219euri de echipamente electrice \u0219i electronice<\/h2>\t\t\t\t<\/div>\n\t\t\t\t<\/div>\n\t\t\t\t\t<\/div>\n\t\t\t\t<\/div>\n\t\t<div class=\"elementor-element elementor-element-a3fef75 e-flex e-con-boxed e-con e-parent\" data-id=\"a3fef75\" data-element_type=\"container\" data-e-type=\"container\" data-settings=\"{&quot;jet_parallax_layout_list&quot;:[]}\">\n\t\t\t\t\t<div class=\"e-con-inner\">\n\t\t<div class=\"elementor-element elementor-element-c45246c e-con-full e-flex e-con e-child\" data-id=\"c45246c\" data-element_type=\"container\" data-e-type=\"container\" data-settings=\"{&quot;jet_parallax_layout_list&quot;:[]}\">\n\t\t\t\t<div class=\"elementor-element elementor-element-02b0f6c elementor-widget elementor-widget-text-editor\" data-id=\"02b0f6c\" data-element_type=\"widget\" data-e-type=\"widget\" data-widget_type=\"text-editor.default\">\n\t\t\t\t\t\t\t\t\t<p data-start=\"310\" data-end=\"471\">date<\/p>\t\t\t\t\t\t\t\t<\/div>\n\t\t\t\t<div class=\"elementor-element elementor-element-0fdc2f9 elementor-widget elementor-widget-text-editor\" data-id=\"0fdc2f9\" data-element_type=\"widget\" data-e-type=\"widget\" data-widget_type=\"text-editor.default\">\n\t\t\t\t\t\t\t\t\t<p>Societate: Armin Hamma Umwelttechnik<br>Num\u0103r de \u00eenregistrare: DE11730451<\/p><p>Tip de aparat: Aparate mici pentru uz exclusiv \u00een gospod\u0103rii, altele dec\u00e2t gospod\u0103riile private<br>Listat de la: 08\/02\/2023<\/p><p>Tip de aparat: Aparate mari pentru uz exclusiv \u00een gospod\u0103rii, altele dec\u00e2t gospod\u0103riile private<br>Listat de la: 23\/03\/2023<\/p>\t\t\t\t\t\t\t\t<\/div>\n\t\t\t\t<div class=\"elementor-element elementor-element-78a2c2e elementor-widget elementor-widget-spacer\" data-id=\"78a2c2e\" data-element_type=\"widget\" data-e-type=\"widget\" data-widget_type=\"spacer.default\">\n\t\t\t\t\t\t\t<div class=\"elementor-spacer\">\n\t\t\t<div class=\"elementor-spacer-inner\"><\/div>\n\t\t<\/div>\n\t\t\t\t\t\t<\/div>\n\t\t\t\t<div class=\"elementor-element elementor-element-eacc8be elementor-widget elementor-widget-text-editor\" data-id=\"eacc8be\" data-element_type=\"widget\" data-e-type=\"widget\" data-widget_type=\"text-editor.default\">\n\t\t\t\t\t\t\t\t\t<p data-start=\"310\" data-end=\"471\">Loc<\/p>\t\t\t\t\t\t\t\t<\/div>\n\t\t\t\t<div class=\"elementor-element elementor-element-a613123 elementor-widget elementor-widget-text-editor\" data-id=\"a613123\" data-element_type=\"widget\" data-e-type=\"widget\" data-widget_type=\"text-editor.default\">\n\t\t\t\t\t\t\t\t\t<p>Stiftung elektro-altger\u00e4te register<br>Nordostpark 72<br>90411 Nuremberg<br>Germania<\/p><p><a href=\"https:\/\/www.stiftung-ear.de\" target=\"_blank\" rel=\"noopener\">www.stiftung-ear.de<\/a><\/p>\t\t\t\t\t\t\t\t<\/div>\n\t\t\t\t<div class=\"elementor-element elementor-element-6954829 elementor-widget elementor-widget-spacer\" data-id=\"6954829\" data-element_type=\"widget\" data-e-type=\"widget\" data-widget_type=\"spacer.default\">\n\t\t\t\t\t\t\t<div class=\"elementor-spacer\">\n\t\t\t<div class=\"elementor-spacer-inner\"><\/div>\n\t\t<\/div>\n\t\t\t\t\t\t<\/div>\n\t\t\t\t<div class=\"elementor-element elementor-element-a444610 elementor-widget elementor-widget-text-editor\" data-id=\"a444610\" data-element_type=\"widget\" data-e-type=\"widget\" data-widget_type=\"text-editor.default\">\n\t\t\t\t\t\t\t\t\t<p data-start=\"310\" data-end=\"471\">Informa\u021bii succinte<\/p>\t\t\t\t\t\t\t\t<\/div>\n\t\t\t\t<div class=\"elementor-element elementor-element-8c771be elementor-widget elementor-widget-text-editor\" data-id=\"8c771be\" data-element_type=\"widget\" data-e-type=\"widget\" data-widget_type=\"text-editor.default\">\n\t\t\t\t\t\t\t\t\t<p>Directiva DEEE are ca scop prevenirea de\u0219eurilor de echipamente electrice \u0219i electronice \u0219i reducerea acestor de\u0219euri prin reutilizare, reciclare \u0219i alte forme de recuperare. Directiva stabile\u0219te standarde minime pentru tratarea de\u0219eurilor de echipamente electrice \u0219i electronice \u00een UE pentru a contribui la dezvoltarea durabil\u0103 pe termen lung. <\/p>\t\t\t\t\t\t\t\t<\/div>\n\t\t\t\t<div class=\"elementor-element elementor-element-5a4880c elementor-widget elementor-widget-spacer\" data-id=\"5a4880c\" data-element_type=\"widget\" data-e-type=\"widget\" data-widget_type=\"spacer.default\">\n\t\t\t\t\t\t\t<div class=\"elementor-spacer\">\n\t\t\t<div class=\"elementor-spacer-inner\"><\/div>\n\t\t<\/div>\n\t\t\t\t\t\t<\/div>\n\t\t\t\t<div class=\"elementor-element elementor-element-4648746 elementor-widget elementor-widget-text-editor\" data-id=\"4648746\" data-element_type=\"widget\" data-e-type=\"widget\" data-widget_type=\"text-editor.default\">\n\t\t\t\t\t\t\t\t\t<p data-start=\"310\" data-end=\"471\">Conceptul de preluare<\/p>\t\t\t\t\t\t\t\t<\/div>\n\t\t\t\t<div class=\"elementor-element elementor-element-6744383 elementor-widget elementor-widget-text-editor\" data-id=\"6744383\" data-element_type=\"widget\" data-e-type=\"widget\" data-widget_type=\"text-editor.default\">\n\t\t\t\t\t\t\t\t\t<p>Dac\u0103 dispozitivul achizi\u021bionat a ajuns la sf\u00e2r\u0219itul duratei sale de via\u021b\u0103 \u0219i nu mai ave\u021bi nevoie de el, \u00eel pute\u021bi trimite \u00eentr-o stare rezonabil\u0103 la urm\u0103toarea adres\u0103 pentru reciclare\/eliminare.  <\/p>\t\t\t\t\t\t\t\t<\/div>\n\t\t\t\t<\/div>\n\t\t<div class=\"elementor-element elementor-element-47babaa e-con-full e-flex e-con e-child\" data-id=\"47babaa\" data-element_type=\"container\" data-e-type=\"container\" data-settings=\"{&quot;jet_parallax_layout_list&quot;:[]}\">\n\t\t<div class=\"elementor-element elementor-element-188eee5 e-con-full e-flex e-con e-child\" data-id=\"188eee5\" data-element_type=\"container\" data-e-type=\"container\" data-settings=\"{&quot;background_background&quot;:&quot;classic&quot;,&quot;jet_parallax_layout_list&quot;:[]}\">\n\t\t\t\t<div class=\"elementor-element elementor-element-91e3af9 elementor-widget elementor-widget-heading\" data-id=\"91e3af9\" data-element_type=\"widget\" data-e-type=\"widget\" data-widget_type=\"heading.default\">\n\t\t\t\t\t<h3 class=\"elementor-heading-title elementor-size-default\">Desc\u0103rc\u0103ri<\/h3>\t\t\t\t<\/div>\n\t\t\t\t<div class=\"elementor-element elementor-element-95b0713 elementor-align-justify ham-btn elementor-widget elementor-widget-button\" data-id=\"95b0713\" data-element_type=\"widget\" data-e-type=\"widget\" data-widget_type=\"button.default\">\n\t\t\t\t\t\t\t\t\t\t<a class=\"elementor-button elementor-button-link elementor-size-sm\" href=\"https:\/\/hamma-uwt.de\/wp-content\/uploads\/Information-zu-WEEE-Stand-B-08.02.2023.pdf\" target=\"_blank\">\n\t\t\t\t\t\t<span class=\"elementor-button-content-wrapper\">\n\t\t\t\t\t\t\t\t\t<span class=\"elementor-button-text\">Informa\u021bii privind DEEE<\/span>\n\t\t\t\t\t<\/span>\n\t\t\t\t\t<\/a>\n\t\t\t\t\t\t\t\t<\/div>\n\t\t\t\t<div class=\"elementor-element elementor-element-866a5db elementor-align-justify ham-btn elementor-widget elementor-widget-button\" data-id=\"866a5db\" data-element_type=\"widget\" data-e-type=\"widget\" data-widget_type=\"button.default\">\n\t\t\t\t\t\t\t\t\t\t<a class=\"elementor-button elementor-button-link elementor-size-sm\" href=\"https:\/\/hamma-uwt.de\/wp-content\/uploads\/Zusatzinformationen-AKKU_BATTERIE-zu-WEEE-Stand-A-22.02.2023.pdf\" target=\"_blank\">\n\t\t\t\t\t\t<span class=\"elementor-button-content-wrapper\">\n\t\t\t\t\t\t\t\t\t<span class=\"elementor-button-text\">Informa\u021bii suplimentare privind bateria re\u00eenc\u0103rcabil\u0103 \u0219i bateria<\/span>\n\t\t\t\t\t<\/span>\n\t\t\t\t\t<\/a>\n\t\t\t\t\t\t\t\t<\/div>\n\t\t\t\t<div class=\"elementor-element elementor-element-0a6acf8 elementor-align-justify ham-btn elementor-widget elementor-widget-button\" data-id=\"0a6acf8\" data-element_type=\"widget\" data-e-type=\"widget\" data-widget_type=\"button.default\">\n\t\t\t\t\t\t\t\t\t\t<a class=\"elementor-button elementor-button-link elementor-size-sm\" href=\"https:\/\/hamma-uwt.de\/wp-content\/uploads\/Geraeteruecksendeschein-WEEE-A.docx\" target=\"_blank\">\n\t\t\t\t\t\t<span class=\"elementor-button-content-wrapper\">\n\t\t\t\t\t\t\t\t\t<span class=\"elementor-button-text\">  Etichet\u0103 de returnare pentru dispozitive<\/span>\n\t\t\t\t\t<\/span>\n\t\t\t\t\t<\/a>\n\t\t\t\t\t\t\t\t<\/div>\n\t\t\t\t<\/div>\n\t\t\t\t<\/div>\n\t\t\t\t\t<\/div>\n\t\t\t\t<\/div>\n\t\t<div class=\"elementor-element elementor-element-d8d7da7 e-flex e-con-boxed e-con e-parent\" data-id=\"d8d7da7\" data-element_type=\"container\" data-e-type=\"container\" data-settings=\"{&quot;jet_parallax_layout_list&quot;:[]}\">\n\t\t\t\t\t<div class=\"e-con-inner\">\n\t\t<div class=\"elementor-element elementor-element-b0f83d9 e-con-full e-flex e-con e-child\" data-id=\"b0f83d9\" data-element_type=\"container\" data-e-type=\"container\" data-settings=\"{&quot;jet_parallax_layout_list&quot;:[]}\">\n\t\t\t\t<div class=\"elementor-element elementor-element-cf7e074 elementor-widget elementor-widget-heading\" data-id=\"cf7e074\" data-element_type=\"widget\" data-e-type=\"widget\" data-widget_type=\"heading.default\">\n\t\t\t\t\t<h2 class=\"elementor-heading-title elementor-size-default\">LUCID - Registrul ambalajelor<\/h2>\t\t\t\t<\/div>\n\t\t\t\t<\/div>\n\t\t\t\t\t<\/div>\n\t\t\t\t<\/div>\n\t\t<div class=\"elementor-element elementor-element-4a0e277 e-flex e-con-boxed e-con e-parent\" data-id=\"4a0e277\" data-element_type=\"container\" data-e-type=\"container\" data-settings=\"{&quot;jet_parallax_layout_list&quot;:[]}\">\n\t\t\t\t\t<div class=\"e-con-inner\">\n\t\t<div class=\"elementor-element elementor-element-ce060bc e-con-full e-flex e-con e-child\" data-id=\"ce060bc\" data-element_type=\"container\" data-e-type=\"container\" data-settings=\"{&quot;jet_parallax_layout_list&quot;:[]}\">\n\t\t\t\t<div class=\"elementor-element elementor-element-03a2ad0 elementor-widget elementor-widget-text-editor\" data-id=\"03a2ad0\" data-element_type=\"widget\" data-e-type=\"widget\" data-widget_type=\"text-editor.default\">\n\t\t\t\t\t\t\t\t\t<p data-start=\"310\" data-end=\"471\">date<\/p>\t\t\t\t\t\t\t\t<\/div>\n\t\t\t\t<div class=\"elementor-element elementor-element-5214613 elementor-widget elementor-widget-text-editor\" data-id=\"5214613\" data-element_type=\"widget\" data-e-type=\"widget\" data-widget_type=\"text-editor.default\">\n\t\t\t\t\t\t\t\t\t<p>Societate: Armin Hamma Umwelttechnik<br>Administrat de la: 01.07.2022<br>Num\u0103r de \u00eenregistrare: DE3537499563444<\/p>\t\t\t\t\t\t\t\t<\/div>\n\t\t\t\t<div class=\"elementor-element elementor-element-9255b58 elementor-widget elementor-widget-spacer\" data-id=\"9255b58\" data-element_type=\"widget\" data-e-type=\"widget\" data-widget_type=\"spacer.default\">\n\t\t\t\t\t\t\t<div class=\"elementor-spacer\">\n\t\t\t<div class=\"elementor-spacer-inner\"><\/div>\n\t\t<\/div>\n\t\t\t\t\t\t<\/div>\n\t\t\t\t<div class=\"elementor-element elementor-element-71101d6 elementor-widget elementor-widget-text-editor\" data-id=\"71101d6\" data-element_type=\"widget\" data-e-type=\"widget\" data-widget_type=\"text-editor.default\">\n\t\t\t\t\t\t\t\t\t<p data-start=\"310\" data-end=\"471\">Loc<\/p>\t\t\t\t\t\t\t\t<\/div>\n\t\t\t\t<div class=\"elementor-element elementor-element-b20574a elementor-widget elementor-widget-text-editor\" data-id=\"b20574a\" data-element_type=\"widget\" data-e-type=\"widget\" data-widget_type=\"text-editor.default\">\n\t\t\t\t\t\t\t\t\t<p>Stiftung Zentrale<br>Stelle Verpackungsregister<br>\u00d6wer de Hase 18<br>49074 Osnabr\u00fcck<br>Germania<\/p><p><a href=\"https:\/\/lucid.verpackungsregister.org\/\" target=\"_blank\" rel=\"noopener\">lucid.verpackungsregister.org<\/a><\/p>\t\t\t\t\t\t\t\t<\/div>\n\t\t\t\t<div class=\"elementor-element elementor-element-6d41bb5 elementor-widget elementor-widget-spacer\" data-id=\"6d41bb5\" data-element_type=\"widget\" data-e-type=\"widget\" data-widget_type=\"spacer.default\">\n\t\t\t\t\t\t\t<div class=\"elementor-spacer\">\n\t\t\t<div class=\"elementor-spacer-inner\"><\/div>\n\t\t<\/div>\n\t\t\t\t\t\t<\/div>\n\t\t\t\t<div class=\"elementor-element elementor-element-cdf5182 elementor-widget elementor-widget-text-editor\" data-id=\"cdf5182\" data-element_type=\"widget\" data-e-type=\"widget\" data-widget_type=\"text-editor.default\">\n\t\t\t\t\t\t\t\t\t<p data-start=\"310\" data-end=\"471\">Informa\u021bii succinte<\/p>\t\t\t\t\t\t\t\t<\/div>\n\t\t\t\t<div class=\"elementor-element elementor-element-1f3c1f7 elementor-widget elementor-widget-text-editor\" data-id=\"1f3c1f7\" data-element_type=\"widget\" data-e-type=\"widget\" data-widget_type=\"text-editor.default\">\n\t\t\t\t\t\t\t\t\t<p>Modific\u0103rile la Legea privind ambalajele au intrat \u00een vigoare la 1 iulie 2022: Distribuitorii ini\u021biali ai tuturor tipurilor de ambalaje umplute cu bunuri (inclusiv ambalaje de transport \u0219i ambalaje supuse return\u0103rii \u0219i\/sau depozit\u0103rii) trebuie s\u0103 se \u00eenregistreze \u0219i s\u0103 furnizeze informa\u021bii privind ambalajele pe care le utilizeaz\u0103. Obliga\u021bia de \u00eenregistrare este, de asemenea, nou\u0103 pentru distribuitorii finali de ambalaje de servicii umplute, chiar dac\u0103 achizi\u021bioneaz\u0103 aceste ambalaje cu participare total\u0103 la sistem. <\/p>\t\t\t\t\t\t\t\t<\/div>\n\t\t\t\t<\/div>\n\t\t\t\t\t<\/div>\n\t\t\t\t<\/div>\n\t\t<div class=\"elementor-element elementor-element-0d31ed4 e-flex e-con-boxed e-con e-parent\" data-id=\"0d31ed4\" data-element_type=\"container\" data-e-type=\"container\" data-settings=\"{&quot;jet_parallax_layout_list&quot;:[]}\">\n\t\t\t\t\t<div class=\"e-con-inner\">\n\t\t<div class=\"elementor-element elementor-element-1e418ce e-con-full e-flex e-con e-child\" data-id=\"1e418ce\" data-element_type=\"container\" data-e-type=\"container\" data-settings=\"{&quot;jet_parallax_layout_list&quot;:[]}\">\n\t\t\t\t<div class=\"elementor-element elementor-element-30a8a44 elementor-widget elementor-widget-heading\" data-id=\"30a8a44\" data-element_type=\"widget\" data-e-type=\"widget\" data-widget_type=\"heading.default\">\n\t\t\t\t\t<h2 class=\"elementor-heading-title elementor-size-default\">RESY - Sistem de reciclare<\/h2>\t\t\t\t<\/div>\n\t\t\t\t<\/div>\n\t\t\t\t\t<\/div>\n\t\t\t\t<\/div>\n\t\t<div class=\"elementor-element elementor-element-2605009 e-flex e-con-boxed e-con e-parent\" data-id=\"2605009\" data-element_type=\"container\" data-e-type=\"container\" data-settings=\"{&quot;jet_parallax_layout_list&quot;:[]}\">\n\t\t\t\t\t<div class=\"e-con-inner\">\n\t\t<div class=\"elementor-element elementor-element-84ebf54 e-con-full e-flex e-con e-child\" data-id=\"84ebf54\" data-element_type=\"container\" data-e-type=\"container\" data-settings=\"{&quot;jet_parallax_layout_list&quot;:[]}\">\n\t\t\t\t<div class=\"elementor-element elementor-element-243ac10 elementor-widget elementor-widget-text-editor\" data-id=\"243ac10\" data-element_type=\"widget\" data-e-type=\"widget\" data-widget_type=\"text-editor.default\">\n\t\t\t\t\t\t\t\t\t<p data-start=\"310\" data-end=\"471\">date<\/p>\t\t\t\t\t\t\t\t<\/div>\n\t\t\t\t<div class=\"elementor-element elementor-element-68ce619 elementor-widget elementor-widget-text-editor\" data-id=\"68ce619\" data-element_type=\"widget\" data-e-type=\"widget\" data-widget_type=\"text-editor.default\">\n\t\t\t\t\t\t\t\t\t<p>Compania: Armin Hamma Umwelttechnik<\/p>\t\t\t\t\t\t\t\t<\/div>\n\t\t\t\t<div class=\"elementor-element elementor-element-8cd2d58 elementor-widget elementor-widget-spacer\" data-id=\"8cd2d58\" data-element_type=\"widget\" data-e-type=\"widget\" data-widget_type=\"spacer.default\">\n\t\t\t\t\t\t\t<div class=\"elementor-spacer\">\n\t\t\t<div class=\"elementor-spacer-inner\"><\/div>\n\t\t<\/div>\n\t\t\t\t\t\t<\/div>\n\t\t\t\t<div class=\"elementor-element elementor-element-673f050 elementor-widget elementor-widget-text-editor\" data-id=\"673f050\" data-element_type=\"widget\" data-e-type=\"widget\" data-widget_type=\"text-editor.default\">\n\t\t\t\t\t\t\t\t\t<p data-start=\"310\" data-end=\"471\">Loc<\/p>\t\t\t\t\t\t\t\t<\/div>\n\t\t\t\t<div class=\"elementor-element elementor-element-0eac4fc elementor-widget elementor-widget-text-editor\" data-id=\"0eac4fc\" data-element_type=\"widget\" data-e-type=\"widget\" data-widget_type=\"text-editor.default\">\n\t\t\t\t\t\t\t\t\t<p>RESY<br>Organisation f\u00fcr Wertstoffentsorgung GmbH<br>Hilpertstra\u00dfe 22<br>64295 Darmstadt<br>Germania<\/p><p><a href=\"https:\/\/www.resy.de\" target=\"_blank\" rel=\"noopener\">www.resy.de<\/a><\/p>\t\t\t\t\t\t\t\t<\/div>\n\t\t\t\t<div class=\"elementor-element elementor-element-80209fd elementor-widget elementor-widget-spacer\" data-id=\"80209fd\" data-element_type=\"widget\" data-e-type=\"widget\" data-widget_type=\"spacer.default\">\n\t\t\t\t\t\t\t<div class=\"elementor-spacer\">\n\t\t\t<div class=\"elementor-spacer-inner\"><\/div>\n\t\t<\/div>\n\t\t\t\t\t\t<\/div>\n\t\t\t\t<div class=\"elementor-element elementor-element-8389d01 elementor-widget elementor-widget-text-editor\" data-id=\"8389d01\" data-element_type=\"widget\" data-e-type=\"widget\" data-widget_type=\"text-editor.default\">\n\t\t\t\t\t\t\t\t\t<p data-start=\"310\" data-end=\"471\">Informa\u021bii succinte<\/p>\t\t\t\t\t\t\t\t<\/div>\n\t\t\t\t<div class=\"elementor-element elementor-element-e1945dc elementor-widget elementor-widget-text-editor\" data-id=\"e1945dc\" data-element_type=\"widget\" data-e-type=\"widget\" data-widget_type=\"text-editor.default\">\n\t\t\t\t\t\t\t\t\t<p>RESY garanteaz\u0103 eliminarea \u0219i reciclarea complet\u0103 a tuturor ambalajelor exterioare \u0219i de transport din h\u00e2rtie \u0219i carton etichetate cu simbolul RESY. Numai ambalajele de transport \u0219i exterioare reciclabile din h\u00e2rtie \u0219i carton pot purta simbolul RESY. <\/p>\t\t\t\t\t\t\t\t<\/div>\n\t\t\t\t<div class=\"elementor-element elementor-element-9d3919f elementor-widget elementor-widget-spacer\" data-id=\"9d3919f\" data-element_type=\"widget\" data-e-type=\"widget\" data-widget_type=\"spacer.default\">\n\t\t\t\t\t\t\t<div class=\"elementor-spacer\">\n\t\t\t<div class=\"elementor-spacer-inner\"><\/div>\n\t\t<\/div>\n\t\t\t\t\t\t<\/div>\n\t\t\t\t<div class=\"elementor-element elementor-element-23e21ca elementor-widget elementor-widget-text-editor\" data-id=\"23e21ca\" data-element_type=\"widget\" data-e-type=\"widget\" data-widget_type=\"text-editor.default\">\n\t\t\t\t\t\t\t\t\t<p>Angajamentul nostru<\/p>\t\t\t\t\t\t\t\t<\/div>\n\t\t\t\t<div class=\"elementor-element elementor-element-19589bc elementor-widget elementor-widget-text-editor\" data-id=\"19589bc\" data-element_type=\"widget\" data-e-type=\"widget\" data-widget_type=\"text-editor.default\">\n\t\t\t\t\t\t\t\t\t<p>Ne concentr\u0103m pe reutilizarea \u0219i reciclabilitatea ridicat\u0103 a ambalajelor noastre. Sistemul RESY joac\u0103 un rol cheie \u00een acest sens. Ambalaje sigure - dar durabile, v\u0103 rog. Ambalajele din carton \u0219i reciclarea sunt \u00een centrul aten\u021biei pentru viitor. \u0218i dumneavoastr\u0103 ne pute\u021bi ajuta.    <\/p>\t\t\t\t\t\t\t\t<\/div>\n\t\t\t\t<\/div>\n\t\t\t\t\t<\/div>\n\t\t\t\t<\/div>\n\t\t<div class=\"elementor-element elementor-element-6fd808c e-flex e-con-boxed e-con e-parent\" data-id=\"6fd808c\" data-element_type=\"container\" data-e-type=\"container\" data-settings=\"{&quot;jet_parallax_layout_list&quot;:[]}\">\n\t\t\t\t\t<div class=\"e-con-inner\">\n\t\t<div class=\"elementor-element elementor-element-8e36c0a e-con-full e-flex e-con e-child\" data-id=\"8e36c0a\" data-element_type=\"container\" data-e-type=\"container\" data-settings=\"{&quot;jet_parallax_layout_list&quot;:[]}\">\n\t\t\t\t<div class=\"elementor-element elementor-element-8d61c5f elementor-widget-divider--view-line elementor-widget elementor-widget-divider\" data-id=\"8d61c5f\" data-element_type=\"widget\" data-e-type=\"widget\" data-widget_type=\"divider.default\">\n\t\t\t\t\t\t\t<div class=\"elementor-divider\">\n\t\t\t<span class=\"elementor-divider-separator\">\n\t\t\t\t\t\t<\/span>\n\t\t<\/div>\n\t\t\t\t\t\t<\/div>\n\t\t\t\t<div class=\"elementor-element elementor-element-a6dadd9 elementor-widget elementor-widget-text-editor\" data-id=\"a6dadd9\" data-element_type=\"widget\" data-e-type=\"widget\" data-widget_type=\"text-editor.default\">\n\t\t\t\t\t\t\t\t\t<p>Sub rezerva modific\u0103rii f\u0103r\u0103 notificare prealabil\u0103.<\/p>\t\t\t\t\t\t\t\t<\/div>\n\t\t\t\t<\/div>\n\t\t\t\t\t<\/div>\n\t\t\t\t<\/div>\n\t\t\t\t<\/div>\n\t\t","protected":false},"excerpt":{"rendered":"<p>Reciclare \u0219i eliminare Produc\u021bie cu responsabilitate Ca produc\u0103tor de tehnologie pentru lubrifian\u021bi de r\u0103cire, suntem con\u0219tien\u021bi de responsabilitatea noastr\u0103. Fabric\u0103m, ambal\u0103m, recicl\u0103m \u0219i elimin\u0103m produsele noastre cu un nivel ridicat de responsabilitate personal\u0103, moralitate \u0219i cea mai mare durabilitate posibil\u0103. Ajuta\u021bi-ne s\u0103 men\u021binem materialele reciclabile \u00een ciclu. \u00cempreun\u0103 pentru un viitor s\u0103n\u0103tos \u0219i durabil. DEEE [&hellip;]<\/p>\n","protected":false},"author":3,"featured_media":0,"parent":0,"menu_order":70,"comment_status":"closed","ping_status":"closed","template":"","meta":{"_acf_changed":false,"footnotes":""},"class_list":["post-8041","page","type-page","status-publish","hentry"],"acf":[],"_links":{"self":[{"href":"https:\/\/hamma-uwt.de\/ro\/wp-json\/wp\/v2\/pages\/8041","targetHints":{"allow":["GET"]}}],"collection":[{"href":"https:\/\/hamma-uwt.de\/ro\/wp-json\/wp\/v2\/pages"}],"about":[{"href":"https:\/\/hamma-uwt.de\/ro\/wp-json\/wp\/v2\/types\/page"}],"author":[{"embeddable":true,"href":"https:\/\/hamma-uwt.de\/ro\/wp-json\/wp\/v2\/users\/3"}],"replies":[{"embeddable":true,"href":"https:\/\/hamma-uwt.de\/ro\/wp-json\/wp\/v2\/comments?post=8041"}],"version-history":[{"count":1,"href":"https:\/\/hamma-uwt.de\/ro\/wp-json\/wp\/v2\/pages\/8041\/revisions"}],"predecessor-version":[{"id":8042,"href":"https:\/\/hamma-uwt.de\/ro\/wp-json\/wp\/v2\/pages\/8041\/revisions\/8042"}],"wp:attachment":[{"href":"https:\/\/hamma-uwt.de\/ro\/wp-json\/wp\/v2\/media?parent=8041"}],"curies":[{"name":"wp","href":"https:\/\/api.w.org\/{rel}","templated":true}]}}