{"id":8650,"date":"2025-06-24T12:29:27","date_gmt":"2025-06-24T10:29:27","guid":{"rendered":"https:\/\/hamma-uwt.de\/bioechilibru\/"},"modified":"2026-03-04T10:51:09","modified_gmt":"2026-03-04T09:51:09","slug":"bioechilibru","status":"publish","type":"page","link":"https:\/\/hamma-uwt.de\/ro\/bioechilibru\/","title":{"rendered":"Bioechilibru"},"content":{"rendered":"\t\t<div data-elementor-type=\"wp-page\" data-elementor-id=\"8650\" class=\"elementor elementor-8650 elementor-484\" data-elementor-post-type=\"page\">\n\t\t\t\t<div class=\"elementor-element elementor-element-c3de555 e-flex e-con-boxed e-con e-parent\" data-id=\"c3de555\" data-element_type=\"container\" data-e-type=\"container\" data-settings=\"{&quot;background_background&quot;:&quot;video&quot;,&quot;jet_parallax_layout_list&quot;:[],&quot;background_video_link&quot;:&quot;https:\\\/\\\/hamma-uwt.de\\\/wp-content\\\/uploads\\\/Background-01.mp4&quot;}\">\n\t\t\t\t\t<div class=\"e-con-inner\">\n\t\t<div class=\"elementor-background-video-container elementor-hidden-mobile\">\n\t\t\t\t\t\t\t<video class=\"elementor-background-video-hosted\" role=\"presentation\" autoplay muted playsinline loop><\/video>\n\t\t\t\t\t<\/div><div class=\"elementor-element elementor-element-4b57c9e e-con-full e-flex e-con e-child\" data-id=\"4b57c9e\" data-element_type=\"container\" data-e-type=\"container\" data-settings=\"{&quot;jet_parallax_layout_list&quot;:[]}\">\n\t\t\t\t<div class=\"elementor-element elementor-element-488b1d5 elementor-widget elementor-widget-heading\" data-id=\"488b1d5\" data-element_type=\"widget\" data-e-type=\"widget\" data-widget_type=\"heading.default\">\n\t\t\t\t\t<h1 class=\"elementor-heading-title elementor-size-default\">BIOBALANCE <br>\u00cengrijirea lubrifiantului de r\u0103cire<\/h1>\t\t\t\t<\/div>\n\t\t\t\t<div class=\"elementor-element elementor-element-8c9f7c1 elementor-widget elementor-widget-text-editor\" data-id=\"8c9f7c1\" data-element_type=\"widget\" data-e-type=\"widget\" data-widget_type=\"text-editor.default\">\n\t\t\t\t\t\t\t\t\t<p>Bioechilibrul este prevenirea prolifer\u0103rii nedorite \u0219i excesive a germenilor, bacteriilor, ciupercilor \u0219i drojdiilor. Este conservarea echilibrului biologic natural. <\/p>\t\t\t\t\t\t\t\t<\/div>\n\t\t\t\t<\/div>\n\t\t\t\t\t<\/div>\n\t\t\t\t<\/div>\n\t\t<div class=\"elementor-element elementor-element-446b030 e-flex e-con-boxed e-con e-parent\" data-id=\"446b030\" data-element_type=\"container\" data-e-type=\"container\" data-settings=\"{&quot;jet_parallax_layout_list&quot;:[]}\">\n\t\t\t\t\t<div class=\"e-con-inner\">\n\t\t<div class=\"elementor-element elementor-element-25cff84 e-con-full e-flex e-con e-child\" data-id=\"25cff84\" data-element_type=\"container\" data-e-type=\"container\" data-settings=\"{&quot;jet_parallax_layout_list&quot;:[]}\">\n\t\t\t\t<div class=\"elementor-element elementor-element-631aa60 elementor-widget elementor-widget-heading\" data-id=\"631aa60\" data-element_type=\"widget\" data-e-type=\"widget\" data-widget_type=\"heading.default\">\n\t\t\t\t\t<h2 class=\"elementor-heading-title elementor-size-default\">Ce este BIOBALANCE?<\/h2>\t\t\t\t<\/div>\n\t\t\t\t<\/div>\n\t\t\t\t\t<\/div>\n\t\t\t\t<\/div>\n\t\t<div class=\"elementor-element elementor-element-e3b5a3d e-flex e-con-boxed e-con e-parent\" data-id=\"e3b5a3d\" data-element_type=\"container\" data-e-type=\"container\" data-settings=\"{&quot;jet_parallax_layout_list&quot;:[]}\">\n\t\t\t\t\t<div class=\"e-con-inner\">\n\t\t<div class=\"elementor-element elementor-element-448250f e-con-full e-flex e-con e-child\" data-id=\"448250f\" data-element_type=\"container\" data-e-type=\"container\" data-settings=\"{&quot;jet_parallax_layout_list&quot;:[]}\">\n\t\t\t\t<div class=\"elementor-element elementor-element-7f4d35b elementor-widget elementor-widget-text-editor\" data-id=\"7f4d35b\" data-element_type=\"widget\" data-e-type=\"widget\" data-widget_type=\"text-editor.default\">\n\t\t\t\t\t\t\t\t\t<p>Un lubrifiant de r\u0103cire s\u0103n\u0103tos \u0219i de \u00eenalt\u0103 performan\u021b\u0103 este extrem de important pentru produc\u021bia modern\u0103 \u0219i orientat\u0103 spre viitor.<\/p>\t\t\t\t\t\t\t\t<\/div>\n\t\t\t\t<div class=\"elementor-element elementor-element-68b46eb elementor-widget elementor-widget-text-editor\" data-id=\"68b46eb\" data-element_type=\"widget\" data-e-type=\"widget\" data-widget_type=\"text-editor.default\">\n\t\t\t\t\t\t\t\t\t<p>Pentru a \u00eencepe cu dreptul, mixa\u021bi cu dispozitivul de mixare complet electronic <a href=\"https:\/\/hamma-uwt.de\/ro\/produse\/misceo\/\"><strong>MISCEO<\/strong> <\/a>pentru a amesteca un lubrifiant de r\u0103cire puternic \u0219i stabil. Acest lucru permite realizarea deplin\u0103 a propriet\u0103\u021bilor dorite ale lubrifiantului dvs. de r\u0103cire. <\/p><p>\u00cen timpul fazei de \u00eentre\u021binere a lubrifiantului dvs. de r\u0103cire, dispozitivul <a href=\"https:\/\/hamma-uwt.de\/ro\/produse\/micro-aerator\/\"><strong>MIKRO<\/strong> <\/a>furnizeaz\u0103 lubrifiantului de r\u0103cire suficient oxigen \u0219i floteaz\u0103 impurit\u0103\u021bile la suprafa\u021b\u0103 cu ajutorul bulelor de aer fin definite. Flotarea bulelor de aer deplaseaz\u0103 impurit\u0103\u021bile \u00een direc\u021bia <a href=\"https:\/\/hamma-uwt.de\/ro\/produse\/rapid\/\"><strong>RAPID<\/strong> <\/a>\u00een direc\u021bia RAPID. Astfel, se \u00eendep\u0103rteaz\u0103 uleiurile nedorite pentru a proteja \u00eempotriva supra-lubrifierii \u00een procesul de produc\u021bie. Particulele \u00een suspensie legate \u00een ulei sunt, de asemenea, \u00eendep\u0103rtate, iar abrazivitatea lubrifiantului de r\u0103cire este redus\u0103. Ca rezultat, ma\u0219inile \u0219i uneltele dvs. dureaz\u0103 semnificativ mai mult. \u00cempreun\u0103, skimmerul de ulei <strong>RAPID<\/strong> \u0219i microaeratorul <strong>MIKRO<\/strong> men\u021bin calitatea ridicat\u0103 a lubrifiantului de r\u0103cire pe o perioad\u0103 considerabil mai lung\u0103 de timp. Igiena mediului este \u00eembun\u0103t\u0103\u021bit\u0103 drastic. Tr\u0103i\u021bi o via\u021b\u0103 mai s\u0103n\u0103toas\u0103 \u0219i sunte\u021bi scuti\u021bi de mirosuri nepl\u0103cute.       <\/p>\t\t\t\t\t\t\t\t<\/div>\n\t\t\t\t<div class=\"elementor-element elementor-element-6155fc4 elementor-blockquote--skin-border elementor-widget elementor-widget-blockquote\" data-id=\"6155fc4\" data-element_type=\"widget\" data-e-type=\"widget\" data-widget_type=\"blockquote.default\">\n\t\t\t\t\t\t\t<blockquote class=\"elementor-blockquote\">\n\t\t\t<p class=\"elementor-blockquote__content\">\n\t\t\t\tUn lubrifiant de r\u0103cire igienic, care economise\u0219te resurse \u0219i care este adaptat la procesul de produc\u021bie este cheia succesului.\t\t\t<\/p>\n\t\t\t\t\t<\/blockquote>\n\t\t\t\t\t\t<\/div>\n\t\t\t\t<div class=\"elementor-element elementor-element-981d647 elementor-widget elementor-widget-text-editor\" data-id=\"981d647\" data-element_type=\"widget\" data-e-type=\"widget\" data-widget_type=\"text-editor.default\">\n\t\t\t\t\t\t\t\t\t<p>Sistemul mobil de cur\u0103\u021bare <a href=\"https:\/\/hamma-uwt.de\/ro\/produse\/turn-curat\/\"><strong>CLEAN-TOWER<\/strong><\/a> combin\u0103 cur\u0103\u021barea \u0219i aerarea \u00eentr-un singur dispozitiv. Principiul flot\u0103rii cu aer dizolvat cre\u0219te eficien\u021ba \u00eentre\u021binerii la maximum. V\u0103 men\u021bine\u021bi lubrifiantul de r\u0103cire la cel mai \u00eenalt nivel.  <\/p><p>Un lubrifiant de r\u0103cire bine \u00eentre\u021binut poate aduce companiilor c\u00e2\u0219tiguri considerabile de performan\u021b\u0103, \u00eembun\u0103t\u0103\u021biri ale calit\u0103\u021bii \u0219i economii de costuri. Mirosul nu ar trebui s\u0103 mai fie un indicator al schimb\u0103rii. Exist\u0103 riscul unor riscuri pentru s\u0103n\u0103tate, al pierderii de performan\u021b\u0103 \u0219i de calitate. Cu ajutorul produselor de \u00eengrijire, v\u0103 pute\u021bi men\u021bine lubrifiantul de r\u0103cire igienic, eficient \u0219i economisi bani!   <\/p>\t\t\t\t\t\t\t\t<\/div>\n\t\t\t\t<\/div>\n\t\t<div class=\"elementor-element elementor-element-33ab6d2 e-con-full e-flex e-con e-child\" data-id=\"33ab6d2\" data-element_type=\"container\" data-e-type=\"container\" data-settings=\"{&quot;jet_parallax_layout_list&quot;:[]}\">\n\t\t\t\t<div class=\"elementor-element elementor-element-425b4f5 elementor-widget elementor-widget-image\" data-id=\"425b4f5\" data-element_type=\"widget\" data-e-type=\"widget\" data-widget_type=\"image.default\">\n\t\t\t\t\t\t\t\t\t\t\t\t\t\t\t<img fetchpriority=\"high\" decoding=\"async\" width=\"800\" height=\"418\" src=\"https:\/\/hamma-uwt.de\/wp-content\/uploads\/BIOBALANCE-Line-Chart.svg\" class=\"attachment-large size-large wp-image-8652\" alt=\"\" \/>\t\t\t\t\t\t\t\t\t\t\t\t\t\t\t<\/div>\n\t\t\t\t<div class=\"elementor-element elementor-element-1fbf195 elementor-widget elementor-widget-heading\" data-id=\"1fbf195\" data-element_type=\"widget\" data-e-type=\"widget\" data-widget_type=\"heading.default\">\n\t\t\t\t\t<h3 class=\"elementor-heading-title elementor-size-default\">Pas cu pas c\u0103tre BIOBALANCE<\/h3>\t\t\t\t<\/div>\n\t\t\t\t<div class=\"elementor-element elementor-element-9905a54 elementor-widget elementor-widget-jet-carousel\" data-id=\"9905a54\" data-element_type=\"widget\" data-e-type=\"widget\" data-settings=\"{&quot;slides_to_show&quot;:&quot;1&quot;,&quot;slides_to_scroll&quot;:&quot;1&quot;}\" data-widget_type=\"jet-carousel.default\">\n\t\t\t\t<div class=\"elementor-widget-container\">\n\t\t\t\t\t<div class=\"elementor-jet-carousel jet-elements\"><div class=\"jet-carousel-wrap\">\n\t<div class=\"jet-carousel\" data-slider_options=\"{&quot;autoplaySpeed&quot;:2500,&quot;autoplay&quot;:false,&quot;infinite&quot;:false,&quot;centerMode&quot;:true,&quot;centerPadding&quot;:&quot;0px&quot;,&quot;pauseOnHover&quot;:true,&quot;speed&quot;:1700,&quot;arrows&quot;:true,&quot;dots&quot;:false,&quot;variableWidth&quot;:false,&quot;prevArrow&quot;:&quot;.jet-carousel__prev-arrow-9905a54&quot;,&quot;nextArrow&quot;:&quot;.jet-carousel__next-arrow-9905a54&quot;,&quot;rtl&quot;:false,&quot;fractionNav&quot;:true,&quot;fade&quot;:false}\" dir=\"ltr\">\n\t<div class=\"elementor-slick-slider\">\n\n<div class=\"jet-carousel__item\">\n\t<div class=\"jet-carousel__item-inner\"><a href=\"#\" class=\"jet-carousel__item-link\" ><img decoding=\"async\" src=\"https:\/\/hamma-uwt.de\/wp-content\/uploads\/hamma_misceo_3_exklusiv_web-300x300.webp\" class=\"jet-carousel__item-img\" alt=\"MISCEO Exklusiv\" loading=\"lazy\"><\/a><div class=\"jet-carousel__content\"><div class=\"jet-carousel__item-title\">1. MISCEO<\/div><div class=\"jet-carousel__item-text\"><p><strong>Faza ini\u021bial\u0103<\/strong> - amestecarea lubrifiantului de r\u0103cire<\/p><p><strong>Pa\u0219i:<br><\/strong>Preg\u0103ti\u021bi lubrifiantul de r\u0103cire<br>Se amestec\u0103 complet automat cu MISCEO<br>Se activeaz\u0103 propriet\u0103\u021bile optime ale produsului<\/p><\/div><\/div><\/div>\n<\/div>\n\n<div class=\"jet-carousel__item\">\n\t<div class=\"jet-carousel__item-inner\"><a href=\"#\" class=\"jet-carousel__item-link\" ><img decoding=\"async\" src=\"https:\/\/hamma-uwt.de\/wp-content\/uploads\/Hamma_MIKRO-300_2102000_03659-300x300.webp\" class=\"jet-carousel__item-img\" alt=\"Hamma_MIKRO-300_2102000_03659\" loading=\"lazy\"><\/a><div class=\"jet-carousel__content\"><div class=\"jet-carousel__item-title\">2. MIKRO<\/div><div class=\"jet-carousel__item-text\"><p><strong>Faza de \u00eentre\u021binere<\/strong> - aerare \u0219i flotare<\/p><p><strong>Etape:<br><\/strong>Introduce\u021bi oxigen \u00een lubrifiantul de r\u0103cire<br>MIKRO genereaz\u0103 bule de aer fine<br>Bulele de aer transport\u0103 impurit\u0103\u021bile la suprafa\u021b\u0103<\/p><\/div><\/div><\/div>\n<\/div>\n\n<div class=\"jet-carousel__item\">\n\t<div class=\"jet-carousel__item-inner\"><a href=\"#\" class=\"jet-carousel__item-link\" ><img decoding=\"async\" src=\"https:\/\/hamma-uwt.de\/wp-content\/uploads\/hamma-rapid-1.1_230v_zeitschaltuhr_auslass_seitlich_mitschlauch_06085_schwarz_web-300x300.webp\" class=\"jet-carousel__item-img\" alt=\"hamma-rapid-1.1_230v_zeitschaltuhr_auslass_seitlich_mitschlauch_06085_schwarz_web\" loading=\"lazy\"><\/a><div class=\"jet-carousel__content\"><div class=\"jet-carousel__item-title\">3 RAPID<\/div><div class=\"jet-carousel__item-text\"><p><strong>Faza de \u00eentre\u021binere<\/strong> - \u00eendep\u0103rtarea uleiurilor reziduale \u0219i a particulelor \u00een suspensie<\/p><p><strong>Etape:<br><\/strong>Realiza\u021bi contaminarea prin flotare RAPID<br>RAPID \u00eendep\u0103rteaz\u0103 uleiurile tramp<br>Particulele \u00een suspensie legate \u00een ulei sunt de asemenea \u00eendep\u0103rtate<br>Abrasivitatea este redus\u0103 \u2192 Protec\u021bia ma\u0219inilor \u0219i uneltelor<\/p><\/div><\/div><\/div>\n<\/div>\n\n<div class=\"jet-carousel__item\">\n\t<div class=\"jet-carousel__item-inner\"><a href=\"#\" class=\"jet-carousel__item-link\" ><img decoding=\"async\" src=\"https:\/\/hamma-uwt.de\/wp-content\/uploads\/Hamma_Clean-Tower-150_1501000-9073-300x300.png\" class=\"jet-carousel__item-img\" alt=\"Hamma_Clean-Tower-150_1501000-9073\" loading=\"lazy\"><\/a><div class=\"jet-carousel__content\"><div class=\"jet-carousel__item-title\">AL 4-LEA TURN CURAT<\/div><div class=\"jet-carousel__item-text\"><p>Combina\u021bie de cur\u0103\u021bare \u0219i ventila\u021bie<\/p><p><strong>Etape:<br><\/strong>Cur\u0103\u021bare \u0219i aerare \u00eentr-un singur pas<br>Flotarea cu aer dizolvat cre\u0219te eficien\u021ba<br>Lubrifiantul de r\u0103cire r\u0103m\u00e2ne igienic \u0219i eficient<\/p><\/div><\/div><\/div>\n<\/div>\n<\/div><div class=\"jet-carousel__prev-arrow-9905a54 jet-arrow prev-arrow\"><svg xmlns=\"http:\/\/www.w3.org\/2000\/svg\" viewBox=\"0 0 512 512\"><path d=\"M17 239L0 256l17 17L153 409l17 17L203.9 392l-17-17-95-95L488 280l24 0 0-48-24 0L91.9 232l95-95 17-17L169.9 86.1l-17 17L17 239z\"><\/path><\/svg><\/div><div class=\"jet-carousel__next-arrow-9905a54 jet-arrow next-arrow\"><svg xmlns=\"http:\/\/www.w3.org\/2000\/svg\" viewBox=\"0 0 512 512\"><path d=\"M495 273l17-17-17-17L359 103l-17-17L308.1 120l17 17 95 95L24 232 0 232l0 48 24 0 396.1 0-95 95-17 17 33.9 33.9 17-17L495 273z\"><\/path><\/svg><\/div><div class=\"jet-carousel__fraction-navigation\"><\/div><\/div>\n<\/div>\n<\/div>\t\t\t\t<\/div>\n\t\t\t\t<\/div>\n\t\t\t\t<\/div>\n\t\t\t\t\t<\/div>\n\t\t\t\t<\/div>\n\t\t\t\t<\/div>\n\t\t","protected":false},"excerpt":{"rendered":"<p>BIOBALANCE \u00cengrijirea lubrifiantului de r\u0103cire Bioechilibrul este prevenirea prolifer\u0103rii nedorite \u0219i excesive a germenilor, bacteriilor, ciupercilor \u0219i drojdiilor. Este conservarea echilibrului biologic natural. Ce este BIOBALANCE? Un lubrifiant de r\u0103cire s\u0103n\u0103tos \u0219i de \u00eenalt\u0103 performan\u021b\u0103 este extrem de important pentru produc\u021bia modern\u0103 \u0219i orientat\u0103 spre viitor. Pentru a \u00eencepe cu dreptul, mixa\u021bi cu dispozitivul de [&hellip;]<\/p>\n","protected":false},"author":2,"featured_media":0,"parent":0,"menu_order":200,"comment_status":"closed","ping_status":"closed","template":"","meta":{"_acf_changed":false,"footnotes":""},"class_list":["post-8650","page","type-page","status-publish","hentry"],"acf":[],"_links":{"self":[{"href":"https:\/\/hamma-uwt.de\/ro\/wp-json\/wp\/v2\/pages\/8650","targetHints":{"allow":["GET"]}}],"collection":[{"href":"https:\/\/hamma-uwt.de\/ro\/wp-json\/wp\/v2\/pages"}],"about":[{"href":"https:\/\/hamma-uwt.de\/ro\/wp-json\/wp\/v2\/types\/page"}],"author":[{"embeddable":true,"href":"https:\/\/hamma-uwt.de\/ro\/wp-json\/wp\/v2\/users\/2"}],"replies":[{"embeddable":true,"href":"https:\/\/hamma-uwt.de\/ro\/wp-json\/wp\/v2\/comments?post=8650"}],"version-history":[{"count":1,"href":"https:\/\/hamma-uwt.de\/ro\/wp-json\/wp\/v2\/pages\/8650\/revisions"}],"predecessor-version":[{"id":8657,"href":"https:\/\/hamma-uwt.de\/ro\/wp-json\/wp\/v2\/pages\/8650\/revisions\/8657"}],"wp:attachment":[{"href":"https:\/\/hamma-uwt.de\/ro\/wp-json\/wp\/v2\/media?parent=8650"}],"curies":[{"name":"wp","href":"https:\/\/api.w.org\/{rel}","templated":true}]}}