{"id":11569,"date":"2025-08-15T08:27:29","date_gmt":"2025-08-15T06:27:29","guid":{"rendered":"https:\/\/hamma-uwt.de\/produkt\/test-case-mic\/"},"modified":"2025-08-15T08:27:29","modified_gmt":"2025-08-15T06:27:29","slug":"test-case-mic","status":"publish","type":"product","link":"https:\/\/hamma-uwt.de\/ro\/produkt\/test-case-mic\/","title":{"rendered":"TEST CASE mic"},"content":{"rendered":"<p>Kitul de testare Light este furnizat f\u0103r\u0103 refractometru. Trusa de testare compact\u0103 este preg\u0103tit\u0103 pentru m\u0103surarea TRGS-611. <\/p>\n<p>Cu cazul de testare, sunte\u021bi preg\u0103tit \u00een mod ideal pentru m\u0103sur\u0103torile lubrifiantului dvs. de r\u0103cire. Datele lubrifiantului de r\u0103cire spun multe despre calitatea \u0219i performan\u021ba lubrifiantului dvs. de r\u0103cire. Cu o monitorizare constant\u0103 \u0219i o manipulare corect\u0103, exist\u0103 un poten\u021bial enorm de performan\u021b\u0103 \u0219i economii pentru lubrifiantul dvs. de r\u0103cire. Costurile ma\u0219inilor \u0219i sculelor pot fi reduse semnificativ, crea\u021bi un mediu igienic \u0219i \u0219ti\u021bi exact c\u00e2nd este necesar\u0103 o schimbare.   <\/p>\n<p>Avantajele dumneavoastr\u0103:<\/p>\n<ul>\n<li>Robust, de \u00eenalt\u0103 calitate \u0219i compact<\/li>\n<li>Igienic, simplu \u0219i eficient<\/li>\n<li>\u00een conformitate cu TRGS 611<\/li>\n<li>Bioechilibru stabil<\/li>\n<li>Cre\u0219te performan\u021ba \u0219i economise\u0219te bani<\/li>\n<\/ul>\n","protected":false},"excerpt":{"rendered":"<p>Kitul de testare Light este furnizat f\u0103r\u0103 refractometru. Trusa de testare compact\u0103 este preg\u0103tit\u0103 pentru m\u0103surarea TRGS-611. Cu cazul de testare, sunte\u021bi preg\u0103tit \u00een mod ideal pentru m\u0103sur\u0103torile lubrifiantului dvs. de r\u0103cire. Datele lubrifiantului de r\u0103cire spun multe despre calitatea \u0219i performan\u021ba lubrifiantului dvs. de r\u0103cire. Cu o monitorizare constant\u0103 \u0219i o manipulare corect\u0103, exist\u0103 [&hellip;]<\/p>\n","protected":false},"featured_media":3508,"comment_status":"closed","ping_status":"closed","template":"","meta":{"_acf_changed":false},"product_brand":[],"product_cat":[719],"product_tag":[],"class_list":{"0":"post-11569","1":"product","2":"type-product","3":"status-publish","4":"has-post-thumbnail","6":"product_cat-caz-de-testare","8":"first","9":"instock","10":"shipping-taxable","11":"purchasable","12":"product-type-variable","13":"has-default-attributes"},"acf":[],"_links":{"self":[{"href":"https:\/\/hamma-uwt.de\/ro\/wp-json\/wp\/v2\/product\/11569","targetHints":{"allow":["GET"]}}],"collection":[{"href":"https:\/\/hamma-uwt.de\/ro\/wp-json\/wp\/v2\/product"}],"about":[{"href":"https:\/\/hamma-uwt.de\/ro\/wp-json\/wp\/v2\/types\/product"}],"replies":[{"embeddable":true,"href":"https:\/\/hamma-uwt.de\/ro\/wp-json\/wp\/v2\/comments?post=11569"}],"wp:featuredmedia":[{"embeddable":true,"href":"https:\/\/hamma-uwt.de\/ro\/wp-json\/wp\/v2\/media\/3508"}],"wp:attachment":[{"href":"https:\/\/hamma-uwt.de\/ro\/wp-json\/wp\/v2\/media?parent=11569"}],"wp:term":[{"taxonomy":"product_brand","embeddable":true,"href":"https:\/\/hamma-uwt.de\/ro\/wp-json\/wp\/v2\/product_brand?post=11569"},{"taxonomy":"product_cat","embeddable":true,"href":"https:\/\/hamma-uwt.de\/ro\/wp-json\/wp\/v2\/product_cat?post=11569"},{"taxonomy":"product_tag","embeddable":true,"href":"https:\/\/hamma-uwt.de\/ro\/wp-json\/wp\/v2\/product_tag?post=11569"}],"curies":[{"name":"wp","href":"https:\/\/api.w.org\/{rel}","templated":true}]}}