{"id":11617,"date":"2025-08-13T15:11:24","date_gmt":"2025-08-13T13:11:24","guid":{"rendered":"https:\/\/hamma-uwt.de\/produkt\/skimmer-banda-1-1-special\/"},"modified":"2025-08-13T15:11:24","modified_gmt":"2025-08-13T13:11:24","slug":"skimmer-banda-1-1-special","status":"publish","type":"product","link":"https:\/\/hamma-uwt.de\/ro\/produkt\/skimmer-banda-1-1-special\/","title":{"rendered":"Skimmer band\u0103 1.1 Special"},"content":{"rendered":"<p>La cerere (62,50 \u20ac), se poate ad\u0103uga o lungime de band\u0103 de 500 mm pentru o ad\u00e2ncime de imersie de 250 mm.<\/p>\n","protected":false},"excerpt":{"rendered":"<p>pentru medii fierbin\u021bi p\u00e2n\u0103 la 70 \u00b0C, pH 4 - 13, accesorii RAPID 1.1 Special<\/p>\n","protected":false},"featured_media":3498,"comment_status":"closed","ping_status":"closed","template":"","meta":{"_acf_changed":false},"product_brand":[],"product_cat":[706],"product_tag":[],"class_list":{"0":"post-11617","1":"product","2":"type-product","3":"status-publish","4":"has-post-thumbnail","6":"product_cat-rapid-1-1-accesorii","8":"first","9":"instock","10":"purchasable","11":"product-type-variable"},"acf":[],"_links":{"self":[{"href":"https:\/\/hamma-uwt.de\/ro\/wp-json\/wp\/v2\/product\/11617","targetHints":{"allow":["GET"]}}],"collection":[{"href":"https:\/\/hamma-uwt.de\/ro\/wp-json\/wp\/v2\/product"}],"about":[{"href":"https:\/\/hamma-uwt.de\/ro\/wp-json\/wp\/v2\/types\/product"}],"replies":[{"embeddable":true,"href":"https:\/\/hamma-uwt.de\/ro\/wp-json\/wp\/v2\/comments?post=11617"}],"wp:featuredmedia":[{"embeddable":true,"href":"https:\/\/hamma-uwt.de\/ro\/wp-json\/wp\/v2\/media\/3498"}],"wp:attachment":[{"href":"https:\/\/hamma-uwt.de\/ro\/wp-json\/wp\/v2\/media?parent=11617"}],"wp:term":[{"taxonomy":"product_brand","embeddable":true,"href":"https:\/\/hamma-uwt.de\/ro\/wp-json\/wp\/v2\/product_brand?post=11617"},{"taxonomy":"product_cat","embeddable":true,"href":"https:\/\/hamma-uwt.de\/ro\/wp-json\/wp\/v2\/product_cat?post=11617"},{"taxonomy":"product_tag","embeddable":true,"href":"https:\/\/hamma-uwt.de\/ro\/wp-json\/wp\/v2\/product_tag?post=11617"}],"curies":[{"name":"wp","href":"https:\/\/api.w.org\/{rel}","templated":true}]}}