{"id":12236,"date":"2025-08-13T12:29:52","date_gmt":"2025-08-13T10:29:52","guid":{"rendered":"https:\/\/hamma-uwt.de\/produkt\/rapid-3-1\/"},"modified":"2025-08-13T12:29:52","modified_gmt":"2025-08-13T10:29:52","slug":"rapid-3-1","status":"publish","type":"product","link":"https:\/\/hamma-uwt.de\/ro\/produkt\/rapid-3-1\/","title":{"rendered":"RAPID 3.1"},"content":{"rendered":"<p>Cu skimmerul de furtun Rapid 3.1, \u00eendep\u0103rtarea uleiului rezidual de pe ma\u0219inile cu o suprafa\u021b\u0103 de p\u00e2n\u0103 la 15 m\u00b2 este rapid\u0103 \u0219i u\u0219oar\u0103. Cu furtunul s\u0103u plutitor, este deosebit de potrivit pentru containerele mari \u0219i\/sau \u00eenguste. <\/p>\n","protected":false},"excerpt":{"rendered":"<p>p\u00e2n\u0103 la 70 \u00b0C, suprafe\u021be de p\u00e2n\u0103 la 15 m\u00b2 (f\u0103r\u0103 furtun de skimmer)<\/p>\n","protected":false},"featured_media":4180,"comment_status":"closed","ping_status":"closed","template":"","meta":{"_acf_changed":false},"product_brand":[],"product_cat":[1032],"product_tag":[],"class_list":{"0":"post-12236","1":"product","2":"type-product","3":"status-publish","4":"has-post-thumbnail","6":"product_cat-rapid-3-1","8":"first","9":"instock","10":"purchasable","11":"product-type-variable"},"acf":[],"_links":{"self":[{"href":"https:\/\/hamma-uwt.de\/ro\/wp-json\/wp\/v2\/product\/12236","targetHints":{"allow":["GET"]}}],"collection":[{"href":"https:\/\/hamma-uwt.de\/ro\/wp-json\/wp\/v2\/product"}],"about":[{"href":"https:\/\/hamma-uwt.de\/ro\/wp-json\/wp\/v2\/types\/product"}],"replies":[{"embeddable":true,"href":"https:\/\/hamma-uwt.de\/ro\/wp-json\/wp\/v2\/comments?post=12236"}],"wp:featuredmedia":[{"embeddable":true,"href":"https:\/\/hamma-uwt.de\/ro\/wp-json\/wp\/v2\/media\/4180"}],"wp:attachment":[{"href":"https:\/\/hamma-uwt.de\/ro\/wp-json\/wp\/v2\/media?parent=12236"}],"wp:term":[{"taxonomy":"product_brand","embeddable":true,"href":"https:\/\/hamma-uwt.de\/ro\/wp-json\/wp\/v2\/product_brand?post=12236"},{"taxonomy":"product_cat","embeddable":true,"href":"https:\/\/hamma-uwt.de\/ro\/wp-json\/wp\/v2\/product_cat?post=12236"},{"taxonomy":"product_tag","embeddable":true,"href":"https:\/\/hamma-uwt.de\/ro\/wp-json\/wp\/v2\/product_tag?post=12236"}],"curies":[{"name":"wp","href":"https:\/\/api.w.org\/{rel}","templated":true}]}}